{"id":16787,"date":"2024-03-21T04:56:15","date_gmt":"2024-03-21T03:56:15","guid":{"rendered":"https:\/\/nauticparc.com\/politique-en-matiere-de-cookies\/"},"modified":"2026-04-29T18:58:41","modified_gmt":"2026-04-29T16:58:41","slug":"politique-en-matiere-de-cookies","status":"publish","type":"page","link":"https:\/\/nauticparc.com\/fr\/politique-en-matiere-de-cookies\/","title":{"rendered":"Politique en mati\u00e8re de cookies"},"content":{"rendered":"<h2>\u00c0 PROPOS DES COOKIES<\/h2>\n<p>Nous utilisons des cookies pour faciliter l\u2019utilisation de notre site web. Les cookies sont de petits fichiers d\u2019information qui nous permettent de comparer et de comprendre comment nos utilisateurs naviguent sur notre site web, et ainsi de pouvoir am\u00e9liorer le processus de navigation en cons\u00e9quence. Les cookies que nous utilisons ne stockent aucune donn\u00e9e personnelle, ni aucun type d\u2019information permettant de vous identifier. Si vous ne souhaitez pas recevoir de cookies, veuillez configurer votre navigateur Internet pour les supprimer du disque dur de votre ordinateur, les bloquer ou vous avertir s\u2019ils sont install\u00e9s. Pour continuer sans modifier vos param\u00e8tres de cookies, il vous suffit de continuer sur le site web.<br \/>\nVous pouvez en savoir plus sur les cookies et leur utilisation dans www.aboutcookies.org<\/p>\n<h2>TYPES DE COOKIES QUE NOUS UTILISONS<\/h2>\n<ol>\n<li><strong>Cookies strictement n\u00e9cessaires :<\/strong><br \/>\nCes cookies sont n\u00e9cessaires \u00e0 l\u2019utilisation correcte du site web, permettant l\u2019acc\u00e8s aux sections dot\u00e9es de filtres de s\u00e9curit\u00e9. Sans ces cookies, de nombreux services disponibles ne seraient pas op\u00e9rationnels.<\/li>\n<li><strong>Cookies de navigation :<\/strong><br \/>\nCes cookies collectent des informations sur l\u2019utilisation que les visiteurs font du site web, telles que les pages vues, les erreurs de chargement, etc. Il s\u2019agit d\u2019informations g\u00e9n\u00e9riques et anonymes, o\u00f9 aucune donn\u00e9e personnelle n\u2019est incluse, ni d\u2019informations permettant d\u2019identifier les visiteurs ; Le but ultime est d\u2019am\u00e9liorer le fonctionnement du site web.<br \/>\nEn visitant notre site web, vous acceptez l\u2019installation de ces cookies sur votre appareil.<\/li>\n<li><strong>Cookies fonctionnels :<\/strong><br \/>\nCes cookies nous permettent de m\u00e9moriser des informations (telles que votre nom d\u2019utilisateur, votre langue ou la r\u00e9gion dans laquelle vous vous trouvez) et des caract\u00e9ristiques plus personnelles. Par exemple, la possibilit\u00e9 d\u2019offrir un contenu personnalis\u00e9 en fonction des informations et des crit\u00e8res que vous avez fournis volontairement. Ces cookies peuvent \u00e9galement \u00eatre utilis\u00e9s pour m\u00e9moriser les modifications apport\u00e9es \u00e0 la taille du texte, aux polices et \u00e0 d\u2019autres attributs personnalisables de la page Web. Ils sont \u00e9galement utilis\u00e9s pour offrir certains services demand\u00e9s, comme regarder une vid\u00e9o ou commenter un blog. Les informations collect\u00e9es par ces cookies peuvent \u00eatre anonymes et votre activit\u00e9 sur d\u2019autres sites Web ne peut pas \u00eatre suivie.<br \/>\nEn visitant notre site web, vous acceptez l\u2019installation de ces cookies sur votre appareil.<\/li>\n<\/ol>\n","protected":false},"excerpt":{"rendered":"<p>\u00c0 PROPOS DES COOKIES Nous utilisons des cookies pour faciliter l\u2019utilisation de notre site web. Les cookies sont de petits fichiers d\u2019information qui nous permettent de comparer et de comprendre comment nos utilisateurs naviguent sur notre site web, et ainsi de pouvoir am\u00e9liorer le processus de navigation en cons\u00e9quence. Les cookies que nous utilisons ne [&hellip;]<\/p>\n","protected":false},"author":5,"featured_media":0,"parent":0,"menu_order":0,"comment_status":"closed","ping_status":"closed","template":"","meta":{"_acf_changed":false,"footnotes":""},"tipus_pagina":[820],"class_list":["post-16787","page","type-page","status-publish","hentry","tipus_pagina-legal"],"acf":[],"yoast_head":"<!-- This site is optimized with the Yoast SEO plugin v27.5 - https:\/\/yoast.com\/product\/yoast-seo-wordpress\/ -->\n<title>Politique en mati\u00e8re de cookies - N\u00e0utic Parc<\/title>\n<meta name=\"robots\" content=\"index, follow, max-snippet:-1, max-image-preview:large, max-video-preview:-1\" \/>\n<link rel=\"canonical\" href=\"https:\/\/nauticparc.com\/fr\/politique-en-matiere-de-cookies\/\" \/>\n<meta property=\"og:locale\" content=\"fr_FR\" \/>\n<meta property=\"og:type\" content=\"article\" \/>\n<meta property=\"og:title\" content=\"Politique en mati\u00e8re de cookies - N\u00e0utic Parc\" \/>\n<meta property=\"og:description\" content=\"\u00c0 PROPOS DES COOKIES Nous utilisons des cookies pour faciliter l\u2019utilisation de notre site web. Les cookies sont de petits fichiers d\u2019information qui nous permettent de comparer et de comprendre comment nos utilisateurs naviguent sur notre site web, et ainsi de pouvoir am\u00e9liorer le processus de navigation en cons\u00e9quence. Les cookies que nous utilisons ne [&hellip;]\" \/>\n<meta property=\"og:url\" content=\"https:\/\/nauticparc.com\/fr\/politique-en-matiere-de-cookies\/\" \/>\n<meta property=\"og:site_name\" content=\"N\u00e0utic Parc\" \/>\n<meta property=\"article:publisher\" content=\"https:\/\/www.facebook.com\/nauticparc\" \/>\n<meta property=\"article:modified_time\" content=\"2026-04-29T16:58:41+00:00\" \/>\n<meta property=\"og:image\" content=\"https:\/\/nauticparc.com\/wp-content\/uploads\/2024\/01\/nauticparc-logo-1.png\" \/>\n\t<meta property=\"og:image:width\" content=\"66\" \/>\n\t<meta property=\"og:image:height\" content=\"56\" \/>\n\t<meta property=\"og:image:type\" content=\"image\/png\" \/>\n<meta name=\"twitter:card\" content=\"summary_large_image\" \/>\n<meta name=\"twitter:site\" content=\"@nauticparc\" \/>\n<meta name=\"twitter:label1\" content=\"Est. reading time\" \/>\n\t<meta name=\"twitter:data1\" content=\"2 minutes\" \/>\n<script type=\"application\/ld+json\" class=\"yoast-schema-graph\">{\"@context\":\"https:\\\/\\\/schema.org\",\"@graph\":[{\"@type\":\"WebPage\",\"@id\":\"https:\\\/\\\/nauticparc.com\\\/fr\\\/politique-en-matiere-de-cookies\\\/\",\"url\":\"https:\\\/\\\/nauticparc.com\\\/fr\\\/politique-en-matiere-de-cookies\\\/\",\"name\":\"Politique en mati\u00e8re de cookies - N\u00e0utic Parc\",\"isPartOf\":{\"@id\":\"https:\\\/\\\/nauticparc.com\\\/#website\"},\"datePublished\":\"2024-03-21T03:56:15+00:00\",\"dateModified\":\"2026-04-29T16:58:41+00:00\",\"breadcrumb\":{\"@id\":\"https:\\\/\\\/nauticparc.com\\\/fr\\\/politique-en-matiere-de-cookies\\\/#breadcrumb\"},\"inLanguage\":\"fr-FR\",\"potentialAction\":[{\"@type\":\"ReadAction\",\"target\":[\"https:\\\/\\\/nauticparc.com\\\/fr\\\/politique-en-matiere-de-cookies\\\/\"]}]},{\"@type\":\"BreadcrumbList\",\"@id\":\"https:\\\/\\\/nauticparc.com\\\/fr\\\/politique-en-matiere-de-cookies\\\/#breadcrumb\",\"itemListElement\":[{\"@type\":\"ListItem\",\"position\":1,\"name\":\"Portada\",\"item\":\"https:\\\/\\\/nauticparc.com\\\/fr\\\/\"},{\"@type\":\"ListItem\",\"position\":2,\"name\":\"Politique en mati\u00e8re de cookies\"}]},{\"@type\":\"WebSite\",\"@id\":\"https:\\\/\\\/nauticparc.com\\\/#website\",\"url\":\"https:\\\/\\\/nauticparc.com\\\/\",\"name\":\"N\u00e0utic Parc\",\"description\":\"Gaudeix d&#039;un centenar de km d&#039;oci al mar de la Costa Daurada i les Terres de l&#039;Ebre.\",\"publisher\":{\"@id\":\"https:\\\/\\\/nauticparc.com\\\/#organization\"},\"potentialAction\":[{\"@type\":\"SearchAction\",\"target\":{\"@type\":\"EntryPoint\",\"urlTemplate\":\"https:\\\/\\\/nauticparc.com\\\/?s={search_term_string}\"},\"query-input\":{\"@type\":\"PropertyValueSpecification\",\"valueRequired\":true,\"valueName\":\"search_term_string\"}}],\"inLanguage\":\"fr-FR\"},{\"@type\":\"Organization\",\"@id\":\"https:\\\/\\\/nauticparc.com\\\/#organization\",\"name\":\"N\u00e0utic Parc\",\"url\":\"https:\\\/\\\/nauticparc.com\\\/\",\"logo\":{\"@type\":\"ImageObject\",\"inLanguage\":\"fr-FR\",\"@id\":\"https:\\\/\\\/nauticparc.com\\\/#\\\/schema\\\/logo\\\/image\\\/\",\"url\":\"https:\\\/\\\/nauticparc.com\\\/wp-content\\\/uploads\\\/2024\\\/01\\\/cropped-nauticparc-logo-1.png\",\"contentUrl\":\"https:\\\/\\\/nauticparc.com\\\/wp-content\\\/uploads\\\/2024\\\/01\\\/cropped-nauticparc-logo-1.png\",\"width\":66,\"height\":56,\"caption\":\"N\u00e0utic Parc\"},\"image\":{\"@id\":\"https:\\\/\\\/nauticparc.com\\\/#\\\/schema\\\/logo\\\/image\\\/\"},\"sameAs\":[\"https:\\\/\\\/www.facebook.com\\\/nauticparc\",\"https:\\\/\\\/x.com\\\/nauticparc\",\"https:\\\/\\\/www.instagram.com\\\/nauticparc\\\/\"]}]}<\/script>\n<!-- \/ Yoast SEO plugin. -->","yoast_head_json":{"title":"Politique en mati\u00e8re de cookies - N\u00e0utic Parc","robots":{"index":"index","follow":"follow","max-snippet":"max-snippet:-1","max-image-preview":"max-image-preview:large","max-video-preview":"max-video-preview:-1"},"canonical":"https:\/\/nauticparc.com\/fr\/politique-en-matiere-de-cookies\/","og_locale":"fr_FR","og_type":"article","og_title":"Politique en mati\u00e8re de cookies - N\u00e0utic Parc","og_description":"\u00c0 PROPOS DES COOKIES Nous utilisons des cookies pour faciliter l\u2019utilisation de notre site web. Les cookies sont de petits fichiers d\u2019information qui nous permettent de comparer et de comprendre comment nos utilisateurs naviguent sur notre site web, et ainsi de pouvoir am\u00e9liorer le processus de navigation en cons\u00e9quence. Les cookies que nous utilisons ne [&hellip;]","og_url":"https:\/\/nauticparc.com\/fr\/politique-en-matiere-de-cookies\/","og_site_name":"N\u00e0utic Parc","article_publisher":"https:\/\/www.facebook.com\/nauticparc","article_modified_time":"2026-04-29T16:58:41+00:00","og_image":[{"width":66,"height":56,"url":"https:\/\/nauticparc.com\/wp-content\/uploads\/2024\/01\/nauticparc-logo-1.png","type":"image\/png"}],"twitter_card":"summary_large_image","twitter_site":"@nauticparc","twitter_misc":{"Est. reading time":"2 minutes"},"schema":{"@context":"https:\/\/schema.org","@graph":[{"@type":"WebPage","@id":"https:\/\/nauticparc.com\/fr\/politique-en-matiere-de-cookies\/","url":"https:\/\/nauticparc.com\/fr\/politique-en-matiere-de-cookies\/","name":"Politique en mati\u00e8re de cookies - N\u00e0utic Parc","isPartOf":{"@id":"https:\/\/nauticparc.com\/#website"},"datePublished":"2024-03-21T03:56:15+00:00","dateModified":"2026-04-29T16:58:41+00:00","breadcrumb":{"@id":"https:\/\/nauticparc.com\/fr\/politique-en-matiere-de-cookies\/#breadcrumb"},"inLanguage":"fr-FR","potentialAction":[{"@type":"ReadAction","target":["https:\/\/nauticparc.com\/fr\/politique-en-matiere-de-cookies\/"]}]},{"@type":"BreadcrumbList","@id":"https:\/\/nauticparc.com\/fr\/politique-en-matiere-de-cookies\/#breadcrumb","itemListElement":[{"@type":"ListItem","position":1,"name":"Portada","item":"https:\/\/nauticparc.com\/fr\/"},{"@type":"ListItem","position":2,"name":"Politique en mati\u00e8re de cookies"}]},{"@type":"WebSite","@id":"https:\/\/nauticparc.com\/#website","url":"https:\/\/nauticparc.com\/","name":"N\u00e0utic Parc","description":"Gaudeix d&#039;un centenar de km d&#039;oci al mar de la Costa Daurada i les Terres de l&#039;Ebre.","publisher":{"@id":"https:\/\/nauticparc.com\/#organization"},"potentialAction":[{"@type":"SearchAction","target":{"@type":"EntryPoint","urlTemplate":"https:\/\/nauticparc.com\/?s={search_term_string}"},"query-input":{"@type":"PropertyValueSpecification","valueRequired":true,"valueName":"search_term_string"}}],"inLanguage":"fr-FR"},{"@type":"Organization","@id":"https:\/\/nauticparc.com\/#organization","name":"N\u00e0utic Parc","url":"https:\/\/nauticparc.com\/","logo":{"@type":"ImageObject","inLanguage":"fr-FR","@id":"https:\/\/nauticparc.com\/#\/schema\/logo\/image\/","url":"https:\/\/nauticparc.com\/wp-content\/uploads\/2024\/01\/cropped-nauticparc-logo-1.png","contentUrl":"https:\/\/nauticparc.com\/wp-content\/uploads\/2024\/01\/cropped-nauticparc-logo-1.png","width":66,"height":56,"caption":"N\u00e0utic Parc"},"image":{"@id":"https:\/\/nauticparc.com\/#\/schema\/logo\/image\/"},"sameAs":["https:\/\/www.facebook.com\/nauticparc","https:\/\/x.com\/nauticparc","https:\/\/www.instagram.com\/nauticparc\/"]}]}},"_links":{"self":[{"href":"https:\/\/nauticparc.com\/fr\/wp-json\/wp\/v2\/pages\/16787","targetHints":{"allow":["GET"]}}],"collection":[{"href":"https:\/\/nauticparc.com\/fr\/wp-json\/wp\/v2\/pages"}],"about":[{"href":"https:\/\/nauticparc.com\/fr\/wp-json\/wp\/v2\/types\/page"}],"author":[{"embeddable":true,"href":"https:\/\/nauticparc.com\/fr\/wp-json\/wp\/v2\/users\/5"}],"replies":[{"embeddable":true,"href":"https:\/\/nauticparc.com\/fr\/wp-json\/wp\/v2\/comments?post=16787"}],"version-history":[{"count":1,"href":"https:\/\/nauticparc.com\/fr\/wp-json\/wp\/v2\/pages\/16787\/revisions"}],"predecessor-version":[{"id":25232,"href":"https:\/\/nauticparc.com\/fr\/wp-json\/wp\/v2\/pages\/16787\/revisions\/25232"}],"wp:attachment":[{"href":"https:\/\/nauticparc.com\/fr\/wp-json\/wp\/v2\/media?parent=16787"}],"wp:term":[{"taxonomy":"tipus_pagina","embeddable":true,"href":"https:\/\/nauticparc.com\/fr\/wp-json\/wp\/v2\/tipus_pagina?post=16787"}],"curies":[{"name":"wp","href":"https:\/\/api.w.org\/{rel}","templated":true}]}}