{"id":16782,"date":"2024-03-21T04:53:42","date_gmt":"2024-03-21T03:53:42","guid":{"rendered":"https:\/\/nauticparc.com\/transparence\/"},"modified":"2026-04-29T18:58:47","modified_gmt":"2026-04-29T16:58:47","slug":"transparence","status":"publish","type":"page","link":"https:\/\/nauticparc.com\/fr\/transparence\/","title":{"rendered":"Transparence"},"content":{"rendered":"<h2>Transparencia<\/h2>\n<p><strong>Conform\u00e9ment \u00e0 la loi 19\/2014, du 29 d\u00e9cembre, sur la transparence, l\u2019acc\u00e8s \u00e0 l\u2019information publique et la bonne gouvernance, vous trouverez dans cette section toutes les informations sur la station nautique de Costa Dorada pour rendre effectif le principe de transparence et les obligations en mati\u00e8re de publicit\u00e9 active d\u00e9riv\u00e9es de cette loi.<\/strong><\/p>\n<p><strong>Ainsi, les sources de financement de l\u2019Association sont rendues publiques, qui sont les suivantes :<\/strong><\/p>\n<\/p>\n<p>9 novembre 2016 : Accord entre l\u2019Office de Tourisme de la Diputaci\u00f3n de Tarragone et l\u2019Association pour r\u00e9glementer l\u2019octroi d\u2019une subvention pour la cr\u00e9ation, la promotion et la commercialisation de produits d\u2019un montant de 20 000 \u20ac.<\/p>\n<p>20 octobre 2017 : Avec l\u2019accord du Conseil d\u2019administration du Patronat de Turisme de la Diputaci\u00f3 de Tarragona, la Estaci\u00f3 N\u00e0utica Costa Daurada a re\u00e7u une subvention pour la promotion et la commercialisation des produits touristiques d\u2019un montant de 20 000 \u20ac.<\/p>\n<p>En 2017, la Estaci\u00f3 N\u00e0utica Costa Daurada a re\u00e7u une contribution de 6 750 \u20ac par le biais d\u2019un accord intercommunal sign\u00e9 par chacune de ses municipalit\u00e9s associ\u00e9es, pour mener \u00e0 bien des t\u00e2ches de promotion des villes en tant que destination sp\u00e9cialis\u00e9e dans le tourisme nautique. Ces municipalit\u00e9s sont Salou, Cambrils, Mont-roig del Camp, Vandell\u00f2s i l\u2019Hospitalet et l\u2019Ametlla de Mar.<\/p>\n<p>20 juillet 2018 : Avec l\u2019accord du Conseil d\u2019administration de l\u2019Office du tourisme de la Diputaci\u00f3n de Tarragone, une subvention de 20 000 \u20ac a \u00e9t\u00e9 accord\u00e9e \u00e0 la Estaci\u00f3 N\u00e0utica Costa Daurada pour la promotion et la commercialisation de produits touristiques li\u00e9s \u00e0 la mer.<\/p>\n<p>En 2018, la Estaci\u00f3 N\u00e0utica Costa Daurada a re\u00e7u une contribution de 6 750 \u20ac par le biais d\u2019un accord intercommunal sign\u00e9 par chacune de ses municipalit\u00e9s associ\u00e9es, afin de mener \u00e0 bien des t\u00e2ches visant \u00e0 promouvoir ces villes en tant que destination sp\u00e9cialis\u00e9e dans le tourisme nautique. Ces municipalit\u00e9s sont Salou, Cambrils, Mont-roig del Camp, Vandell\u00f2s i l\u2019Hospitalet, l\u2019Ametlla de Mar, l\u2019Ampolla i Deltebre.<\/p>\n<p>12 avril 2019 : Avec l\u2019accord du Conseil d\u2019administration du Patronat de Turisme de la Diputaci\u00f3 de Tarragona, la Estaci\u00f3 N\u00e0utica Costa Daurada a re\u00e7u une subvention de 20 000 \u20ac pour la promotion et la commercialisation de produits touristiques li\u00e9s \u00e0 la mer.<\/p>\n<p>En 2019, la Estaci\u00f3 N\u00e0utica Costa Daurada a re\u00e7u une subvention de 6 750 \u20ac par le biais d\u2019un accord intercommunal sign\u00e9 par chacune de ses municipalit\u00e9s associ\u00e9es, pour mener \u00e0 bien des t\u00e2ches visant \u00e0 promouvoir ces villes en tant que destination sp\u00e9cialis\u00e9e dans le tourisme nautique. Ces municipalit\u00e9s sont Salou, Cambrils, Mont-roig del Camp, Vandell\u00f2s et l\u2019Hospitalet, l\u2019Ametlla de Mar, l\u2019Ampolla et Deltebre.<\/p>\n<p>2020 : Avec l\u2019accord du Conseil d\u2019administration du Patronat de Turisme de la Diputaci\u00f3 de Tarragona, la Estaci\u00f3 N\u00e0utica Costa Daurada a re\u00e7u une subvention de 20 000 \u20ac pour la promotion et la commercialisation de produits touristiques li\u00e9s \u00e0 la mer.<\/p>\n<p>En 2020, la Estaci\u00f3 N\u00e0utica Costa Daurada a re\u00e7u une subvention de 8 000 \u20ac par le biais d\u2019un accord intermunicipal sign\u00e9 par chacune de ses municipalit\u00e9s associ\u00e9es, pour mener \u00e0 bien des t\u00e2ches visant \u00e0 promouvoir ces villes en tant que destination sp\u00e9cialis\u00e9e dans le tourisme nautique. Ces municipalit\u00e9s sont Salou, Cambrils, Mont-roig del Camp, Vandell\u00f2s et l\u2019Hospitalet, l\u2019Ametlla de Mar, l\u2019Ampolla et Deltebre.<\/p>\n<p>2021 : Avec l\u2019accord du Conseil d\u2019administration du Patronat de Turisme de la Diputaci\u00f3 de Tarragona, la Estaci\u00f3 N\u00e0utica Costa Daurada a re\u00e7u une subvention de 20 000 \u20ac pour la promotion et la commercialisation de produits touristiques li\u00e9s \u00e0 la mer.<\/p>\n<p>En 2021, la Estaci\u00f3 N\u00e0utica Costa Daurada a re\u00e7u une subvention de 8 000 \u20ac dans le cadre d\u2019un accord intercommunal sign\u00e9 par chacune de ses municipalit\u00e9s associ\u00e9es, pour mener \u00e0 bien des t\u00e2ches visant \u00e0 promouvoir ces villes en tant que destination sp\u00e9cialis\u00e9e dans le tourisme nautique. Ces municipalit\u00e9s sont Salou, Cambrils, Mont-roig del Camp, Vandell\u00f2s et l\u2019Hospitalet, l\u2019Ametlla de Mar, l\u2019Ampolla et Deltebre.<\/p>\n<p>Toutes les actions promotionnelles sont r\u00e9alis\u00e9es sous la marque N\u00e0utic Parc Costa Daurada i Terres de l\u2019Ebre, cr\u00e9\u00e9e en 2021.<\/p>\n<p>2022 : Avec l\u2019accord du Conseil d\u2019administration de l\u2019Office du tourisme du Conseil provincial de Tarragone, une subvention de 20 000 \u20ac est accord\u00e9e \u00e0 la Estaci\u00f3 N\u00e0utica Costa Daurada i Terres de l\u2019Ebre pour la promotion et la commercialisation de produits touristiques li\u00e9s \u00e0 la mer.<\/p>\n<p>En 2022, la Estaci\u00f3 N\u00e0utica Costa Daurada i Terres de l\u2019Ebre a re\u00e7u une subvention de 10 000 \u20ac par le biais d\u2019une convention intercommunale sign\u00e9e par chacune de ses municipalit\u00e9s associ\u00e9es, afin de mener \u00e0 bien des t\u00e2ches visant \u00e0 promouvoir ces villes en tant que destination sp\u00e9cialis\u00e9e dans le tourisme nautique. Ces municipalit\u00e9s sont Salou, Cambrils, Mont-roig del Camp, Vandell\u00f2s et l\u2019Hospitalet, l\u2019Ametlla de Mar, l\u2019Ampolla et Deltebre.<\/p>\n<p>Toutes les actions promotionnelles sont r\u00e9alis\u00e9es sous la marque N\u00e0utic Parc Costa Daurada i Terres de l\u2019Ebre, cr\u00e9\u00e9e en 2021.<\/p>\n","protected":false},"excerpt":{"rendered":"<p>Transparencia Conform\u00e9ment \u00e0 la loi 19\/2014, du 29 d\u00e9cembre, sur la transparence, l\u2019acc\u00e8s \u00e0 l\u2019information publique et la bonne gouvernance, vous trouverez dans cette section toutes les informations sur la station nautique de Costa Dorada pour rendre effectif le principe de transparence et les obligations en mati\u00e8re de publicit\u00e9 active d\u00e9riv\u00e9es de cette loi. Ainsi, [&hellip;]<\/p>\n","protected":false},"author":5,"featured_media":0,"parent":0,"menu_order":0,"comment_status":"closed","ping_status":"closed","template":"","meta":{"_acf_changed":false,"footnotes":""},"tipus_pagina":[820],"class_list":["post-16782","page","type-page","status-publish","hentry","tipus_pagina-legal"],"acf":[],"yoast_head":"<!-- This site is optimized with the Yoast SEO plugin v27.5 - https:\/\/yoast.com\/product\/yoast-seo-wordpress\/ -->\n<title>Transparence - N\u00e0utic Parc<\/title>\n<meta name=\"robots\" content=\"index, follow, max-snippet:-1, max-image-preview:large, max-video-preview:-1\" \/>\n<link rel=\"canonical\" href=\"https:\/\/nauticparc.com\/fr\/transparence\/\" \/>\n<meta property=\"og:locale\" content=\"fr_FR\" \/>\n<meta property=\"og:type\" content=\"article\" \/>\n<meta property=\"og:title\" content=\"Transparence - N\u00e0utic Parc\" \/>\n<meta property=\"og:description\" content=\"Transparencia Conform\u00e9ment \u00e0 la loi 19\/2014, du 29 d\u00e9cembre, sur la transparence, l\u2019acc\u00e8s \u00e0 l\u2019information publique et la bonne gouvernance, vous trouverez dans cette section toutes les informations sur la station nautique de Costa Dorada pour rendre effectif le principe de transparence et les obligations en mati\u00e8re de publicit\u00e9 active d\u00e9riv\u00e9es de cette loi. Ainsi, [&hellip;]\" \/>\n<meta property=\"og:url\" content=\"https:\/\/nauticparc.com\/fr\/transparence\/\" \/>\n<meta property=\"og:site_name\" content=\"N\u00e0utic Parc\" \/>\n<meta property=\"article:publisher\" content=\"https:\/\/www.facebook.com\/nauticparc\" \/>\n<meta property=\"article:modified_time\" content=\"2026-04-29T16:58:47+00:00\" \/>\n<meta property=\"og:image\" content=\"https:\/\/nauticparc.com\/wp-content\/uploads\/2024\/01\/nauticparc-logo-1.png\" \/>\n\t<meta property=\"og:image:width\" content=\"66\" \/>\n\t<meta property=\"og:image:height\" content=\"56\" \/>\n\t<meta property=\"og:image:type\" content=\"image\/png\" \/>\n<meta name=\"twitter:card\" content=\"summary_large_image\" \/>\n<meta name=\"twitter:site\" content=\"@nauticparc\" \/>\n<meta name=\"twitter:label1\" content=\"Est. reading time\" \/>\n\t<meta name=\"twitter:data1\" content=\"4 minutes\" \/>\n<script type=\"application\/ld+json\" class=\"yoast-schema-graph\">{\"@context\":\"https:\\\/\\\/schema.org\",\"@graph\":[{\"@type\":\"WebPage\",\"@id\":\"https:\\\/\\\/nauticparc.com\\\/fr\\\/transparence\\\/\",\"url\":\"https:\\\/\\\/nauticparc.com\\\/fr\\\/transparence\\\/\",\"name\":\"Transparence - N\u00e0utic Parc\",\"isPartOf\":{\"@id\":\"https:\\\/\\\/nauticparc.com\\\/#website\"},\"datePublished\":\"2024-03-21T03:53:42+00:00\",\"dateModified\":\"2026-04-29T16:58:47+00:00\",\"breadcrumb\":{\"@id\":\"https:\\\/\\\/nauticparc.com\\\/fr\\\/transparence\\\/#breadcrumb\"},\"inLanguage\":\"fr-FR\",\"potentialAction\":[{\"@type\":\"ReadAction\",\"target\":[\"https:\\\/\\\/nauticparc.com\\\/fr\\\/transparence\\\/\"]}]},{\"@type\":\"BreadcrumbList\",\"@id\":\"https:\\\/\\\/nauticparc.com\\\/fr\\\/transparence\\\/#breadcrumb\",\"itemListElement\":[{\"@type\":\"ListItem\",\"position\":1,\"name\":\"Portada\",\"item\":\"https:\\\/\\\/nauticparc.com\\\/fr\\\/\"},{\"@type\":\"ListItem\",\"position\":2,\"name\":\"Transparence\"}]},{\"@type\":\"WebSite\",\"@id\":\"https:\\\/\\\/nauticparc.com\\\/#website\",\"url\":\"https:\\\/\\\/nauticparc.com\\\/\",\"name\":\"N\u00e0utic Parc\",\"description\":\"Gaudeix d&#039;un centenar de km d&#039;oci al mar de la Costa Daurada i les Terres de l&#039;Ebre.\",\"publisher\":{\"@id\":\"https:\\\/\\\/nauticparc.com\\\/#organization\"},\"potentialAction\":[{\"@type\":\"SearchAction\",\"target\":{\"@type\":\"EntryPoint\",\"urlTemplate\":\"https:\\\/\\\/nauticparc.com\\\/?s={search_term_string}\"},\"query-input\":{\"@type\":\"PropertyValueSpecification\",\"valueRequired\":true,\"valueName\":\"search_term_string\"}}],\"inLanguage\":\"fr-FR\"},{\"@type\":\"Organization\",\"@id\":\"https:\\\/\\\/nauticparc.com\\\/#organization\",\"name\":\"N\u00e0utic Parc\",\"url\":\"https:\\\/\\\/nauticparc.com\\\/\",\"logo\":{\"@type\":\"ImageObject\",\"inLanguage\":\"fr-FR\",\"@id\":\"https:\\\/\\\/nauticparc.com\\\/#\\\/schema\\\/logo\\\/image\\\/\",\"url\":\"https:\\\/\\\/nauticparc.com\\\/wp-content\\\/uploads\\\/2024\\\/01\\\/cropped-nauticparc-logo-1.png\",\"contentUrl\":\"https:\\\/\\\/nauticparc.com\\\/wp-content\\\/uploads\\\/2024\\\/01\\\/cropped-nauticparc-logo-1.png\",\"width\":66,\"height\":56,\"caption\":\"N\u00e0utic Parc\"},\"image\":{\"@id\":\"https:\\\/\\\/nauticparc.com\\\/#\\\/schema\\\/logo\\\/image\\\/\"},\"sameAs\":[\"https:\\\/\\\/www.facebook.com\\\/nauticparc\",\"https:\\\/\\\/x.com\\\/nauticparc\",\"https:\\\/\\\/www.instagram.com\\\/nauticparc\\\/\"]}]}<\/script>\n<!-- \/ Yoast SEO plugin. -->","yoast_head_json":{"title":"Transparence - N\u00e0utic Parc","robots":{"index":"index","follow":"follow","max-snippet":"max-snippet:-1","max-image-preview":"max-image-preview:large","max-video-preview":"max-video-preview:-1"},"canonical":"https:\/\/nauticparc.com\/fr\/transparence\/","og_locale":"fr_FR","og_type":"article","og_title":"Transparence - N\u00e0utic Parc","og_description":"Transparencia Conform\u00e9ment \u00e0 la loi 19\/2014, du 29 d\u00e9cembre, sur la transparence, l\u2019acc\u00e8s \u00e0 l\u2019information publique et la bonne gouvernance, vous trouverez dans cette section toutes les informations sur la station nautique de Costa Dorada pour rendre effectif le principe de transparence et les obligations en mati\u00e8re de publicit\u00e9 active d\u00e9riv\u00e9es de cette loi. Ainsi, [&hellip;]","og_url":"https:\/\/nauticparc.com\/fr\/transparence\/","og_site_name":"N\u00e0utic Parc","article_publisher":"https:\/\/www.facebook.com\/nauticparc","article_modified_time":"2026-04-29T16:58:47+00:00","og_image":[{"width":66,"height":56,"url":"https:\/\/nauticparc.com\/wp-content\/uploads\/2024\/01\/nauticparc-logo-1.png","type":"image\/png"}],"twitter_card":"summary_large_image","twitter_site":"@nauticparc","twitter_misc":{"Est. reading time":"4 minutes"},"schema":{"@context":"https:\/\/schema.org","@graph":[{"@type":"WebPage","@id":"https:\/\/nauticparc.com\/fr\/transparence\/","url":"https:\/\/nauticparc.com\/fr\/transparence\/","name":"Transparence - N\u00e0utic Parc","isPartOf":{"@id":"https:\/\/nauticparc.com\/#website"},"datePublished":"2024-03-21T03:53:42+00:00","dateModified":"2026-04-29T16:58:47+00:00","breadcrumb":{"@id":"https:\/\/nauticparc.com\/fr\/transparence\/#breadcrumb"},"inLanguage":"fr-FR","potentialAction":[{"@type":"ReadAction","target":["https:\/\/nauticparc.com\/fr\/transparence\/"]}]},{"@type":"BreadcrumbList","@id":"https:\/\/nauticparc.com\/fr\/transparence\/#breadcrumb","itemListElement":[{"@type":"ListItem","position":1,"name":"Portada","item":"https:\/\/nauticparc.com\/fr\/"},{"@type":"ListItem","position":2,"name":"Transparence"}]},{"@type":"WebSite","@id":"https:\/\/nauticparc.com\/#website","url":"https:\/\/nauticparc.com\/","name":"N\u00e0utic Parc","description":"Gaudeix d&#039;un centenar de km d&#039;oci al mar de la Costa Daurada i les Terres de l&#039;Ebre.","publisher":{"@id":"https:\/\/nauticparc.com\/#organization"},"potentialAction":[{"@type":"SearchAction","target":{"@type":"EntryPoint","urlTemplate":"https:\/\/nauticparc.com\/?s={search_term_string}"},"query-input":{"@type":"PropertyValueSpecification","valueRequired":true,"valueName":"search_term_string"}}],"inLanguage":"fr-FR"},{"@type":"Organization","@id":"https:\/\/nauticparc.com\/#organization","name":"N\u00e0utic Parc","url":"https:\/\/nauticparc.com\/","logo":{"@type":"ImageObject","inLanguage":"fr-FR","@id":"https:\/\/nauticparc.com\/#\/schema\/logo\/image\/","url":"https:\/\/nauticparc.com\/wp-content\/uploads\/2024\/01\/cropped-nauticparc-logo-1.png","contentUrl":"https:\/\/nauticparc.com\/wp-content\/uploads\/2024\/01\/cropped-nauticparc-logo-1.png","width":66,"height":56,"caption":"N\u00e0utic Parc"},"image":{"@id":"https:\/\/nauticparc.com\/#\/schema\/logo\/image\/"},"sameAs":["https:\/\/www.facebook.com\/nauticparc","https:\/\/x.com\/nauticparc","https:\/\/www.instagram.com\/nauticparc\/"]}]}},"_links":{"self":[{"href":"https:\/\/nauticparc.com\/fr\/wp-json\/wp\/v2\/pages\/16782","targetHints":{"allow":["GET"]}}],"collection":[{"href":"https:\/\/nauticparc.com\/fr\/wp-json\/wp\/v2\/pages"}],"about":[{"href":"https:\/\/nauticparc.com\/fr\/wp-json\/wp\/v2\/types\/page"}],"author":[{"embeddable":true,"href":"https:\/\/nauticparc.com\/fr\/wp-json\/wp\/v2\/users\/5"}],"replies":[{"embeddable":true,"href":"https:\/\/nauticparc.com\/fr\/wp-json\/wp\/v2\/comments?post=16782"}],"version-history":[{"count":1,"href":"https:\/\/nauticparc.com\/fr\/wp-json\/wp\/v2\/pages\/16782\/revisions"}],"predecessor-version":[{"id":26144,"href":"https:\/\/nauticparc.com\/fr\/wp-json\/wp\/v2\/pages\/16782\/revisions\/26144"}],"wp:attachment":[{"href":"https:\/\/nauticparc.com\/fr\/wp-json\/wp\/v2\/media?parent=16782"}],"wp:term":[{"taxonomy":"tipus_pagina","embeddable":true,"href":"https:\/\/nauticparc.com\/fr\/wp-json\/wp\/v2\/tipus_pagina?post=16782"}],"curies":[{"name":"wp","href":"https:\/\/api.w.org\/{rel}","templated":true}]}}