{"id":16379,"date":"2024-04-18T20:00:21","date_gmt":"2024-04-18T18:00:21","guid":{"rendered":"https:\/\/nauticparc.com\/commencement\/"},"modified":"2026-04-27T16:38:31","modified_gmt":"2026-04-27T14:38:31","slug":"accueil","status":"publish","type":"page","link":"https:\/\/nauticparc.com\/fr\/","title":{"rendered":"Accueil"},"content":{"rendered":"<section data-scrollax-parent=\"true\"><video autoplay=\"autoplay\" loop=\"loop\" muted=\"\" width=\"300\" height=\"150\"><source src=\"https:\/\/nauticparc.com\/wp-content\/uploads\/2024\/04\/Home-nautic-parc-video-activitats-nautiques.mp4\" type=\"video\/mp4\" \/><\/video><\/p>\n<h1>VOUS ALLEZ LE MANQUER?<\/h1>\n<h3>Amusement et aventure garantis pour toute la famille.<\/h3>\n<p><!-- main-search-input-tabs--><\/p>\n<ul>\n<li><a href=\"#lfilter-tab-11617\" data-bgtab=\"\">Activit\u00e9s<\/a><\/li>\n<\/ul>\n<p><!--tabs --><br \/>\n<!--tab --><\/p>\n<form role=\"search\" action=\"https:\/\/nauticparc.com\/\" method=\"get\"><label><br \/>\n<\/label><br \/>\n<input name=\"search_term\" type=\"text\" value=\"\" placeholder=\"Rechercher par nom d'activit\u00e9\" \/><br \/>\n<select name=\"llocs\" data-placeholder=\"Tous les emplacements\"><option value=\"\">Tous les emplacements<\/option><option value=\"cambrils-fr\">Cambrils<\/option><option value=\"deltebre-riumar-fr\">Deltebre \/ Riumar<\/option><option value=\"lametlla-de-mar-fr\">L&#8217;Ametlla de Mar<\/option><option value=\"lampolla-fr\">L&#8217;Ampolla<\/option><option value=\"mont-roig-miami-platja-fr\">Mont-roig \/ Miami Platja<\/option><option value=\"salou-fr\">Salou<\/option><option value=\"vandellos-lhospitalet-de-linfant-fr\">Vandell\u00f2s \/ l&#8217;Hospitalet de l&#8217;Infant<\/option><\/select><br \/>\n<select name=\"lcats[]\" data-placeholder=\"Toutes les cat\u00e9gories\"><option value=\"\">Toutes les cat\u00e9gories<\/option><option value=\"508\">ACTIVIT\u00c9S<\/option><option value=\"509\">-AMUSEMENT \u00c0 LA PLAGE<\/option><option value=\"542\">&#8211;BANANA<\/option><option value=\"545\">&#8211;DONUT<\/option><option value=\"506\">&#8211;KAYAK<\/option><option value=\"553\">&#8211;PARC AQUATIQUE<\/option><option value=\"505\">&#8211;SURF \u00c0 RAME<\/option><option value=\"528\">&#8211;WATER BIKE<\/option><option value=\"533\">&#8211;WINDSURF<\/option><option value=\"556\">-EXCURSIONS EN BATEAU<\/option><option value=\"570\">&#8211;BATEAUX EN EXCLUSIVIT\u00c9<\/option><option value=\"567\">&#8211;BATEAUX RAPIDE<\/option><option value=\"559\">&#8211;BATEAUX SUR L&#8217;\u00c8BRE<\/option><option value=\"502\">&#8211;CROISI\u00c8RES TOURISTIQUES<\/option><option value=\"501\">&#8211;GRAND CATAMARAN \u00c0 VOILE<\/option><option value=\"510\">-EXP\u00c9RIENCES HORS DE L\u2019EAU<\/option><option value=\"584\">&#8211;BALADES \u00c0 CHEVAL<\/option><option value=\"507\">&#8211;CIRCUITS 4&#215;4<\/option><option value=\"577\">&#8211;ESCAPE ROOM<\/option><option value=\"574\">&#8211;OENOTOURISME<\/option><option value=\"580\">&#8211;PAINTBALL- TYROLIENNES<\/option><option value=\"587\">&#8211;RANDONNEES<\/option><option value=\"590\">&#8211;VISITES CULTURELLES<\/option><option value=\"600\">-JETSKI-PARACHUTE ASCENSIONNEL-AUTRES<\/option><option value=\"517\">-LOCATION DE BATEAUX<\/option><option value=\"667\">&#8211;BATEAUX SUR L&#8217;\u00c8BRE<\/option><option value=\"593\">-P\u00caCHE SPORTIVE<\/option><option value=\"613\">-SNORKELING ET PLONG\u00c9E SOUS-MARINE<\/option><option value=\"619\">&#8211;PLONG\u00c9E SOUS-MARINE<\/option><option value=\"616\">&#8211;SNORKELING<\/option><option value=\"610\">-VISITE AU PARC \u00c0 MOULES DU DELTA<\/option><\/select><br \/>\n<button type=\"submit\">Buscar <\/button><br \/>\n<input name=\"ltype\" type=\"hidden\" value=\"11617\" \/> <input name=\"lang\" type=\"hidden\" value=\"fr\" \/><\/form>\n<p><!--tab end--><br \/>\n<!--tabs end--><br \/>\n<!-- main-search-input-tabs end--><br \/>\n<!-- --><\/p>\n<\/section>\n<h2>nos recommandations<\/h2>\n<p>D\u00e9couvrez la magie de la mer sur la Costa Daurada et dans le Delta de l\u2019\u00c8bre. Laissez-vous s\u00e9duire par des exp\u00e9riences uniques m\u00ealant nature, aventure et authenticit\u00e9. Naviguez \u00e0 travers des paysages de carte postale, explorez des coins sauvages et reconnectez avec l\u2019essence de la M\u00e9diterran\u00e9e. Tout cela\u2026 \u00e0 un simple clic\u202f!<\/p>\n<h2>Trouve ton exp\u00e9rience id\u00e9ale<\/h2>\n<p>N\u00e0utic Parc Costa Daurada et Terres de l&#8217;Ebre est la combinaison parfaite d&#8217;exp\u00e9riences et de sensations pour profiter et vivre intens\u00e9ment la mer dans une grande zone c\u00f4ti\u00e8re de 95 kilom\u00e8tres. \u00c0 Salou, Cambrils, Mont-roig del Camp et Miami Platja, Vandell\u00f2s et l&#8217;Hospitalet de l&#8217;Infant, l&#8217;Ametlla de Mar, l&#8217;Ampolla et Deltebre-Riumar, nous vous proposons un large \u00e9ventail de loisirs nautiques que N\u00e0utic Parc met \u00e0 votre port\u00e9e.<\/p>\n<p>[xyz-ips snippet=&#8221;Mostrar-Categorias-principales-Home&#8221;]<\/p>\n<h2>CHOISIS O\u00d9 LA VIVRE<\/h2>\n<p>Un paradis o\u00f9 chaque vague invite \u00e0 l\u2019aventure et chaque recoin est une nouvelle exp\u00e9rience \u00e0 d\u00e9couvrir. Pr\u00e8s d\u2019une centaine de kilom\u00e8tres de littoral t\u2019attendent pour vivre intens\u00e9ment la mer de la Costa Daurada ou te laisser surprendre par la nature sauvage du delta de l\u2019\u00c8bre.<\/p>\n<p>[xyz-ips snippet=&#8221;Mostrar-poblaciones-Home&#8221;]<\/p>\n<h2>TOUT CE DONT VOUS POUVEZ PROFITER<\/h2>\n<h3>SUR LA COSTA DAURADA ET LES TERRES DE L&#8217;EBRE<\/h3>\n<h4><img decoding=\"async\" src=\"https:\/\/nauticparc.com\/wp-content\/uploads\/2024\/04\/1_estacio_nautica.png\" \/>N\u00e0utic Parc<\/h4>\n<p>Il s&#8217;agit d&#8217;un espace de services touristiques de loisirs en mer : une destination sp\u00e9cialis\u00e9e dans les exp\u00e9riences nautiques, g\u00e9r\u00e9e par des professionnels, parfaitement organis\u00e9e et soucieuse d&#8217;offrir la meilleure exp\u00e9rience \u00e0 ses usagers.<\/p>\n<h4><img decoding=\"async\" src=\"https:\/\/nauticparc.com\/wp-content\/uploads\/2024\/04\/2_qualitat.png\" \/> Qualit\u00e9 et professionnalisme<\/h4>\n<p>Les activit\u00e9s que nous proposons sont toutes coordonn\u00e9es et supervis\u00e9es par des moniteurs experts et des instructeurs professionnels qualifi\u00e9s, experts en mer. Nous travaillons avec la qualit\u00e9 et l&#8217;excellence comme objectif.<\/p>\n<h4><img decoding=\"async\" src=\"https:\/\/nauticparc.com\/wp-content\/uploads\/2024\/04\/3_seguretat.png\" \/>S\u00e9curit\u00e9<\/h4>\n<p>Notre principal objectif est que nos clients vivent une exp\u00e9rience unique. C&#8217;est pourquoi toutes les activit\u00e9s disposent des autorisations l\u00e9gales en vigueur et sont r\u00e9alis\u00e9es conform\u00e9ment aux r\u00e8gles de s\u00e9curit\u00e9 les plus r\u00e9centes et les plus strictes.<\/p>\n<h4><img decoding=\"async\" src=\"https:\/\/nauticparc.com\/wp-content\/uploads\/2024\/04\/4_natura.png\" \/>Environnement et durabilit\u00e9<\/h4>\n<p>Nous travaillons dans le but de satisfaire nos clients et de leur faire profiter de la mer. Nous le faisons dans une perspective de respect et de protection de la mer, de ses \u00e9cosyst\u00e8mes et de la riche biodiversit\u00e9 de sa flore et de sa faune.<\/p>\n<p>&nbsp;<\/p>\n<figure><img decoding=\"async\" src=\"https:\/\/nauticparc.com\/wp-content\/uploads\/2024\/03\/salou-ci_encd.png\" alt=\"Turismo Salou\" \/><\/figure>\n<p>&nbsp;<\/p>\n<figure><img decoding=\"async\" src=\"https:\/\/nauticparc.com\/wp-content\/uploads\/2024\/03\/cambrils-turisme-logo_ci_encd.jpg\" alt=\"Cambrils Turismo\" \/><\/figure>\n<p>&nbsp;<\/p>\n<figure><img decoding=\"async\" src=\"https:\/\/nauticparc.com\/wp-content\/uploads\/2024\/03\/montroig-miami-turisme-ci_encd.jpg\" alt=\"Mont-roig Miami Turismo\" \/><\/figure>\n<p>&nbsp;<\/p>\n<figure><img decoding=\"async\" src=\"https:\/\/nauticparc.com\/wp-content\/uploads\/2024\/03\/turisme-hospitalet-de-linfant-i-la-vall-de-llors-logo_ci_encd-ok.jpg\" alt=\"Turismo de l'Hospitalet de l'Infant i la Vall de Llors\" \/><\/figure>\n<p>&nbsp;<\/p>\n<figure><img decoding=\"async\" src=\"https:\/\/nauticparc.com\/wp-content\/uploads\/2024\/03\/ametlla-de-mar-logo_ci_encd.jpg\" alt=\"L'Ametlla de Mar Turismo\" \/><\/figure>\n<p>&nbsp;<\/p>\n<figure><img decoding=\"async\" src=\"https:\/\/nauticparc.com\/wp-content\/uploads\/2024\/03\/lampolla-ci_encd-1.jpg\" alt=\"L'Ampolla Turismo\" \/><\/figure>\n<p>&nbsp;<\/p>\n<figure><img decoding=\"async\" src=\"https:\/\/nauticparc.com\/wp-content\/uploads\/2024\/03\/deltebre-atraccio-natural-logo_ci_encd.jpg\" alt=\"Deltebre, atracci\u00f3n natural\" \/><\/figure>\n<p>&nbsp;<\/p>\n<figure><img decoding=\"async\" src=\"https:\/\/nauticparc.com\/wp-content\/uploads\/2024\/03\/costa_daurada-logo_ci_encd.jpg\" alt=\"Costa Daurada\" \/><\/figure>\n<p>&nbsp;<\/p>\n<figure><img decoding=\"async\" src=\"https:\/\/nauticparc.com\/wp-content\/uploads\/2024\/03\/terres-de-l-ebre.jpg\" alt=\"Xarxa Ebre Biosfera\" \/><\/figure>\n<p>&nbsp;<\/p>\n<figure><img decoding=\"async\" src=\"https:\/\/nauticparc.com\/wp-content\/uploads\/2024\/03\/agencia-catalana-turisme-logo_ci_encd.jpg\" alt=\"Catalunya\" \/><\/figure>\n<p>&nbsp;<\/p>\n<figure><img decoding=\"async\" src=\"https:\/\/nauticparc.com\/wp-content\/uploads\/2024\/03\/ccb-logo-ci_encd.jpg\" alt=\"Catalunya Convention Bureau\" \/><\/figure>\n<p>&nbsp;<\/p>\n<figure><img decoding=\"async\" src=\"https:\/\/nauticparc.com\/wp-content\/uploads\/2024\/03\/FEHT-Tarragona-logo_ci_encd.jpg\" alt=\"FEHT Turismo\" \/><\/figure>\n<p>&nbsp;<\/p>\n<figure><img decoding=\"async\" src=\"https:\/\/nauticparc.com\/wp-content\/uploads\/2024\/03\/logo-renfe-170x100-1.png\" alt=\"RENFE - Tren oficial\" \/><\/figure>\n<p>&nbsp;<\/p>\n<figure><img decoding=\"async\" src=\"https:\/\/nauticparc.com\/wp-content\/uploads\/2025\/05\/LOGOTIP-ASS-HOTELERA-horizontal-ind-Pedro.png\" alt=\"LOGOTIP ASS HOTELERA horizontal ind (Pedro)\" \/><\/figure>\n<p>&nbsp;<\/p>\n<h2>ACTUALIT\u00c9<\/h2>\n<h3>LISEZ LES DERNI\u00c8RES ENTR\u00c9ES DU BLOG<\/h3>\n<article id=\"post-16651\"><img alt=\"\" width=\"381\" height=\"240\" data-src=\"https:\/\/nauticparc.com\/wp-content\/uploads\/2024\/04\/puesta-de-sol-cava-y-velero-nauticparc-blog-2-381x240.jpg\" data-lazy=\"https:\/\/nauticparc.com\/wp-content\/uploads\/2024\/04\/puesta-de-sol-cava-y-velero-nauticparc-blog-2-381x240.jpg\" \/><\/p>\n<h2><a href=\"https:\/\/nauticparc.com\/fr\/coucher-de-soleil-cava-et-voilier\/\" rel=\"bookmark\">Coucher de soleil, cava et voilier\u2026.<\/a><\/h2>\n<p>Un voilier d\u2019o\u00f9 contempler un coucher de soleil et creuser pour accompagner le moment.<\/p>\n<\/article>\n<article id=\"post-16664\"><img alt=\"\" width=\"381\" height=\"240\" data-src=\"https:\/\/nauticparc.com\/wp-content\/uploads\/2024\/04\/navegar-en-kayak-estacio-nautica-blog-2-381x240.jpg\" data-lazy=\"https:\/\/nauticparc.com\/wp-content\/uploads\/2024\/04\/navegar-en-kayak-estacio-nautica-blog-2-381x240.jpg\" \/><\/p>\n<h2><a href=\"https:\/\/nauticparc.com\/fr\/liberte-silence-paix-nature-le-plaisir-du-kayak-de-mer\/\" rel=\"bookmark\">Libert\u00e9, silence, paix, nature\u2026 Le plaisir du kayak de mer<\/a><\/h2>\n<p>D\u00e9couvrez et profitez du littoral en toute libert\u00e9.<\/p>\n<\/article>\n<article id=\"post-15766\"><img alt=\"\" width=\"381\" height=\"240\" data-src=\"https:\/\/nauticparc.com\/wp-content\/uploads\/2024\/04\/terrazas-sobre-mar-estacio-nautica-blog-3-381x240.jpg\" data-lazy=\"https:\/\/nauticparc.com\/wp-content\/uploads\/2024\/04\/terrazas-sobre-mar-estacio-nautica-blog-3-381x240.jpg\" \/><\/p>\n<h2><a href=\"https:\/\/nauticparc.com\/fr\/voulez-vous-decouvrir-les-meilleures-terrasses-et-points-de-vue-sur-la-mer\/\" rel=\"bookmark\">Voulez-vous d\u00e9couvrir les meilleures terrasses et points de vue sur la mer ?<\/a><\/h2>\n<p>Naviguer le long de la c\u00f4te du Golf de Sant Jordi est toujours un plaisir. Le faire sur l\u2019un des grands bateaux propos\u00e9s par N\u00e0utic Parc est synonyme de profiter et de vivre intens\u00e9ment la mer. De grands catamarans, des croisi\u00e8res touristiques, &#8230;<\/p>\n<\/article>\n<p><a href=\"https:\/\/nauticparc.com\/fr\/blog\/\">Montrer touts les blogs<\/a><\/p>\n","protected":false},"excerpt":{"rendered":"<p>VOUS ALLEZ LE MANQUER? Amusement et aventure garantis pour toute la famille. Activit\u00e9s Tous les emplacementsCambrilsDeltebre \/ RiumarL&#8217;Ametlla de MarL&#8217;AmpollaMont-roig \/ Miami PlatjaSalouVandell\u00f2s \/ l&#8217;Hospitalet de l&#8217;Infant Toutes les cat\u00e9goriesACTIVIT\u00c9S-AMUSEMENT \u00c0 LA PLAGE&#8211;BANANA&#8211;DONUT&#8211;KAYAK&#8211;PARC AQUATIQUE&#8211;SURF \u00c0 RAME&#8211;WATER BIKE&#8211;WINDSURF-EXCURSIONS EN BATEAU&#8211;BATEAUX EN EXCLUSIVIT\u00c9&#8211;BATEAUX RAPIDE&#8211;BATEAUX SUR L&#8217;\u00c8BRE&#8211;CROISI\u00c8RES TOURISTIQUES&#8211;GRAND CATAMARAN \u00c0 VOILE-EXP\u00c9RIENCES HORS DE L\u2019EAU&#8211;BALADES \u00c0 CHEVAL&#8211;CIRCUITS 4&#215;4&#8211;ESCAPE ROOM&#8211;OENOTOURISME&#8211;PAINTBALL- [&hellip;]<\/p>\n","protected":false},"author":5,"featured_media":0,"parent":0,"menu_order":0,"comment_status":"closed","ping_status":"closed","template":"","meta":{"_acf_changed":false,"footnotes":""},"tipus_pagina":[],"class_list":["post-16379","page","type-page","status-publish","hentry"],"acf":[],"yoast_head":"<!-- This site is optimized with the Yoast SEO plugin v27.5 - https:\/\/yoast.com\/product\/yoast-seo-wordpress\/ -->\n<title>Accueil - N\u00e0utic Parc<\/title>\n<meta name=\"description\" content=\"Activit\u00e9s nautiques \u00e0 Salou, Cambrils, Mont-roig del Camp et Miami Platja, Vandell\u00f2s et l\u2019Hospitalet de l\u2019Infant, l\u2019Ametlla de Mar, l\u2019Ampolla et Deltebre-Riumar.\" \/>\n<meta name=\"robots\" content=\"index, follow, max-snippet:-1, max-image-preview:large, max-video-preview:-1\" \/>\n<link rel=\"canonical\" href=\"https:\/\/nauticparc.com\/fr\/\" \/>\n<meta property=\"og:locale\" content=\"fr_FR\" \/>\n<meta property=\"og:type\" content=\"article\" \/>\n<meta property=\"og:title\" content=\"Accueil - N\u00e0utic Parc\" \/>\n<meta property=\"og:description\" content=\"Activit\u00e9s nautiques \u00e0 Salou, Cambrils, Mont-roig del Camp et Miami Platja, Vandell\u00f2s et l\u2019Hospitalet de l\u2019Infant, l\u2019Ametlla de Mar, l\u2019Ampolla et Deltebre-Riumar.\" \/>\n<meta property=\"og:url\" content=\"https:\/\/nauticparc.com\/fr\/\" \/>\n<meta property=\"og:site_name\" content=\"N\u00e0utic Parc\" \/>\n<meta property=\"article:publisher\" content=\"https:\/\/www.facebook.com\/nauticparc\" \/>\n<meta property=\"article:modified_time\" content=\"2026-04-27T14:38:31+00:00\" \/>\n<meta property=\"og:image\" content=\"https:\/\/nauticparc.com\/wp-content\/uploads\/2024\/04\/1_estacio_nautica.png\" \/>\n<meta name=\"twitter:card\" content=\"summary_large_image\" \/>\n<meta name=\"twitter:site\" content=\"@nauticparc\" \/>\n<meta name=\"twitter:label1\" content=\"Est. reading time\" \/>\n\t<meta name=\"twitter:data1\" content=\"7 minutes\" \/>\n<script type=\"application\/ld+json\" class=\"yoast-schema-graph\">{\"@context\":\"https:\\\/\\\/schema.org\",\"@graph\":[{\"@type\":\"WebPage\",\"@id\":\"https:\\\/\\\/nauticparc.com\\\/fr\\\/\",\"url\":\"https:\\\/\\\/nauticparc.com\\\/fr\\\/\",\"name\":\"Accueil - N\u00e0utic Parc\",\"isPartOf\":{\"@id\":\"https:\\\/\\\/nauticparc.com\\\/#website\"},\"primaryImageOfPage\":{\"@id\":\"https:\\\/\\\/nauticparc.com\\\/fr\\\/#primaryimage\"},\"image\":{\"@id\":\"https:\\\/\\\/nauticparc.com\\\/fr\\\/#primaryimage\"},\"thumbnailUrl\":\"https:\\\/\\\/nauticparc.com\\\/wp-content\\\/uploads\\\/2024\\\/04\\\/1_estacio_nautica.png\",\"datePublished\":\"2024-04-18T18:00:21+00:00\",\"dateModified\":\"2026-04-27T14:38:31+00:00\",\"description\":\"Activit\u00e9s nautiques \u00e0 Salou, Cambrils, Mont-roig del Camp et Miami Platja, Vandell\u00f2s et l\u2019Hospitalet de l\u2019Infant, l\u2019Ametlla de Mar, l\u2019Ampolla et Deltebre-Riumar.\",\"breadcrumb\":{\"@id\":\"https:\\\/\\\/nauticparc.com\\\/fr\\\/#breadcrumb\"},\"inLanguage\":\"fr-FR\",\"potentialAction\":[{\"@type\":\"ReadAction\",\"target\":[\"https:\\\/\\\/nauticparc.com\\\/fr\\\/\"]}]},{\"@type\":\"ImageObject\",\"inLanguage\":\"fr-FR\",\"@id\":\"https:\\\/\\\/nauticparc.com\\\/fr\\\/#primaryimage\",\"url\":\"https:\\\/\\\/nauticparc.com\\\/wp-content\\\/uploads\\\/2024\\\/04\\\/1_estacio_nautica.png\",\"contentUrl\":\"https:\\\/\\\/nauticparc.com\\\/wp-content\\\/uploads\\\/2024\\\/04\\\/1_estacio_nautica.png\"},{\"@type\":\"BreadcrumbList\",\"@id\":\"https:\\\/\\\/nauticparc.com\\\/fr\\\/#breadcrumb\",\"itemListElement\":[{\"@type\":\"ListItem\",\"position\":1,\"name\":\"Portada\",\"item\":\"https:\\\/\\\/nauticparc.com\\\/fr\\\/\"},{\"@type\":\"ListItem\",\"position\":2,\"name\":\"Accueil\"}]},{\"@type\":\"WebSite\",\"@id\":\"https:\\\/\\\/nauticparc.com\\\/#website\",\"url\":\"https:\\\/\\\/nauticparc.com\\\/\",\"name\":\"N\u00e0utic Parc\",\"description\":\"Gaudeix d&#039;un centenar de km d&#039;oci al mar de la Costa Daurada i les Terres de l&#039;Ebre.\",\"publisher\":{\"@id\":\"https:\\\/\\\/nauticparc.com\\\/#organization\"},\"potentialAction\":[{\"@type\":\"SearchAction\",\"target\":{\"@type\":\"EntryPoint\",\"urlTemplate\":\"https:\\\/\\\/nauticparc.com\\\/?s={search_term_string}\"},\"query-input\":{\"@type\":\"PropertyValueSpecification\",\"valueRequired\":true,\"valueName\":\"search_term_string\"}}],\"inLanguage\":\"fr-FR\"},{\"@type\":\"Organization\",\"@id\":\"https:\\\/\\\/nauticparc.com\\\/#organization\",\"name\":\"N\u00e0utic Parc\",\"url\":\"https:\\\/\\\/nauticparc.com\\\/\",\"logo\":{\"@type\":\"ImageObject\",\"inLanguage\":\"fr-FR\",\"@id\":\"https:\\\/\\\/nauticparc.com\\\/#\\\/schema\\\/logo\\\/image\\\/\",\"url\":\"https:\\\/\\\/nauticparc.com\\\/wp-content\\\/uploads\\\/2024\\\/01\\\/cropped-nauticparc-logo-1.png\",\"contentUrl\":\"https:\\\/\\\/nauticparc.com\\\/wp-content\\\/uploads\\\/2024\\\/01\\\/cropped-nauticparc-logo-1.png\",\"width\":66,\"height\":56,\"caption\":\"N\u00e0utic Parc\"},\"image\":{\"@id\":\"https:\\\/\\\/nauticparc.com\\\/#\\\/schema\\\/logo\\\/image\\\/\"},\"sameAs\":[\"https:\\\/\\\/www.facebook.com\\\/nauticparc\",\"https:\\\/\\\/x.com\\\/nauticparc\",\"https:\\\/\\\/www.instagram.com\\\/nauticparc\\\/\"]}]}<\/script>\n<!-- \/ Yoast SEO plugin. -->","yoast_head_json":{"title":"Accueil - N\u00e0utic Parc","description":"Activit\u00e9s nautiques \u00e0 Salou, Cambrils, Mont-roig del Camp et Miami Platja, Vandell\u00f2s et l\u2019Hospitalet de l\u2019Infant, l\u2019Ametlla de Mar, l\u2019Ampolla et Deltebre-Riumar.","robots":{"index":"index","follow":"follow","max-snippet":"max-snippet:-1","max-image-preview":"max-image-preview:large","max-video-preview":"max-video-preview:-1"},"canonical":"https:\/\/nauticparc.com\/fr\/","og_locale":"fr_FR","og_type":"article","og_title":"Accueil - N\u00e0utic Parc","og_description":"Activit\u00e9s nautiques \u00e0 Salou, Cambrils, Mont-roig del Camp et Miami Platja, Vandell\u00f2s et l\u2019Hospitalet de l\u2019Infant, l\u2019Ametlla de Mar, l\u2019Ampolla et Deltebre-Riumar.","og_url":"https:\/\/nauticparc.com\/fr\/","og_site_name":"N\u00e0utic Parc","article_publisher":"https:\/\/www.facebook.com\/nauticparc","article_modified_time":"2026-04-27T14:38:31+00:00","og_image":[{"url":"https:\/\/nauticparc.com\/wp-content\/uploads\/2024\/04\/1_estacio_nautica.png","type":"","width":"","height":""}],"twitter_card":"summary_large_image","twitter_site":"@nauticparc","twitter_misc":{"Est. reading time":"7 minutes"},"schema":{"@context":"https:\/\/schema.org","@graph":[{"@type":"WebPage","@id":"https:\/\/nauticparc.com\/fr\/","url":"https:\/\/nauticparc.com\/fr\/","name":"Accueil - N\u00e0utic Parc","isPartOf":{"@id":"https:\/\/nauticparc.com\/#website"},"primaryImageOfPage":{"@id":"https:\/\/nauticparc.com\/fr\/#primaryimage"},"image":{"@id":"https:\/\/nauticparc.com\/fr\/#primaryimage"},"thumbnailUrl":"https:\/\/nauticparc.com\/wp-content\/uploads\/2024\/04\/1_estacio_nautica.png","datePublished":"2024-04-18T18:00:21+00:00","dateModified":"2026-04-27T14:38:31+00:00","description":"Activit\u00e9s nautiques \u00e0 Salou, Cambrils, Mont-roig del Camp et Miami Platja, Vandell\u00f2s et l\u2019Hospitalet de l\u2019Infant, l\u2019Ametlla de Mar, l\u2019Ampolla et Deltebre-Riumar.","breadcrumb":{"@id":"https:\/\/nauticparc.com\/fr\/#breadcrumb"},"inLanguage":"fr-FR","potentialAction":[{"@type":"ReadAction","target":["https:\/\/nauticparc.com\/fr\/"]}]},{"@type":"ImageObject","inLanguage":"fr-FR","@id":"https:\/\/nauticparc.com\/fr\/#primaryimage","url":"https:\/\/nauticparc.com\/wp-content\/uploads\/2024\/04\/1_estacio_nautica.png","contentUrl":"https:\/\/nauticparc.com\/wp-content\/uploads\/2024\/04\/1_estacio_nautica.png"},{"@type":"BreadcrumbList","@id":"https:\/\/nauticparc.com\/fr\/#breadcrumb","itemListElement":[{"@type":"ListItem","position":1,"name":"Portada","item":"https:\/\/nauticparc.com\/fr\/"},{"@type":"ListItem","position":2,"name":"Accueil"}]},{"@type":"WebSite","@id":"https:\/\/nauticparc.com\/#website","url":"https:\/\/nauticparc.com\/","name":"N\u00e0utic Parc","description":"Gaudeix d&#039;un centenar de km d&#039;oci al mar de la Costa Daurada i les Terres de l&#039;Ebre.","publisher":{"@id":"https:\/\/nauticparc.com\/#organization"},"potentialAction":[{"@type":"SearchAction","target":{"@type":"EntryPoint","urlTemplate":"https:\/\/nauticparc.com\/?s={search_term_string}"},"query-input":{"@type":"PropertyValueSpecification","valueRequired":true,"valueName":"search_term_string"}}],"inLanguage":"fr-FR"},{"@type":"Organization","@id":"https:\/\/nauticparc.com\/#organization","name":"N\u00e0utic Parc","url":"https:\/\/nauticparc.com\/","logo":{"@type":"ImageObject","inLanguage":"fr-FR","@id":"https:\/\/nauticparc.com\/#\/schema\/logo\/image\/","url":"https:\/\/nauticparc.com\/wp-content\/uploads\/2024\/01\/cropped-nauticparc-logo-1.png","contentUrl":"https:\/\/nauticparc.com\/wp-content\/uploads\/2024\/01\/cropped-nauticparc-logo-1.png","width":66,"height":56,"caption":"N\u00e0utic Parc"},"image":{"@id":"https:\/\/nauticparc.com\/#\/schema\/logo\/image\/"},"sameAs":["https:\/\/www.facebook.com\/nauticparc","https:\/\/x.com\/nauticparc","https:\/\/www.instagram.com\/nauticparc\/"]}]}},"_links":{"self":[{"href":"https:\/\/nauticparc.com\/fr\/wp-json\/wp\/v2\/pages\/16379","targetHints":{"allow":["GET"]}}],"collection":[{"href":"https:\/\/nauticparc.com\/fr\/wp-json\/wp\/v2\/pages"}],"about":[{"href":"https:\/\/nauticparc.com\/fr\/wp-json\/wp\/v2\/types\/page"}],"author":[{"embeddable":true,"href":"https:\/\/nauticparc.com\/fr\/wp-json\/wp\/v2\/users\/5"}],"replies":[{"embeddable":true,"href":"https:\/\/nauticparc.com\/fr\/wp-json\/wp\/v2\/comments?post=16379"}],"version-history":[{"count":10,"href":"https:\/\/nauticparc.com\/fr\/wp-json\/wp\/v2\/pages\/16379\/revisions"}],"predecessor-version":[{"id":26006,"href":"https:\/\/nauticparc.com\/fr\/wp-json\/wp\/v2\/pages\/16379\/revisions\/26006"}],"wp:attachment":[{"href":"https:\/\/nauticparc.com\/fr\/wp-json\/wp\/v2\/media?parent=16379"}],"wp:term":[{"taxonomy":"tipus_pagina","embeddable":true,"href":"https:\/\/nauticparc.com\/fr\/wp-json\/wp\/v2\/tipus_pagina?post=16379"}],"curies":[{"name":"wp","href":"https:\/\/api.w.org\/{rel}","templated":true}]}}