{"id":16776,"date":"2024-03-21T04:53:42","date_gmt":"2024-03-21T03:53:42","guid":{"rendered":"https:\/\/nauticparc.com\/transparency\/"},"modified":"2026-04-29T18:58:17","modified_gmt":"2026-04-29T16:58:17","slug":"transparency","status":"publish","type":"page","link":"https:\/\/nauticparc.com\/en\/transparency\/","title":{"rendered":"Transparency"},"content":{"rendered":"<h2>Transparencia<\/h2>\n<p><strong>In compliance with Law 19\/2014, of 29 December, on transparency, access to public information and good governance, in this section you will find all the information about Costa Dorada Nautical Station to make effective the principle of transparency and the obligations in terms of active advertising derived from this law.<\/strong><\/p>\n<p><strong>Thus, the sources of funding of the Association are made public, which are as follows:<\/strong><\/p>\n<\/p>\n<p>9 November 2016: Agreement between the Tourist Board of the Tarragona Provincial Council and the Association to regulate the granting of a subsidy for the creation, promotion and marketing of products amounting to \u20ac20,000.<\/p>\n<p>20 October 2017: By agreement of the Governing Council of the Patronat de Turisme de la Diputaci\u00f3 de Tarragona, Estaci\u00f3 N\u00e0utica Costa Daurada was awarded a subsidy for the promotion and marketing of tourism products for an amount of \u20ac20,000.<\/p>\n<p>In 2017, Estaci\u00f3 N\u00e0utica Costa Daurada received a contribution of \u20ac6,750 through an Intermunicipal Agreement signed by each of its associated municipalities, to carry out tasks to promote the towns as a destination specialising in nautical tourism. These municipalities are Salou, Cambrils, Mont-roig del Camp, Vandell\u00f2s i l&#8217;Hospitalet and l&#8217;Ametlla de Mar.<\/p>\n<p>20 July 2018: By agreement of the Governing Council of the Tourist Board of the Tarragona Provincial Council, a subsidy of \u20ac20,000 was awarded to Estaci\u00f3 N\u00e0utica Costa Daurada for the promotion and marketing of tourism products related to the sea.<\/p>\n<p>In 2018, Estaci\u00f3 N\u00e0utica Costa Daurada received a contribution of \u20ac6,750 through an Intermunicipal Agreement signed by each of its associated municipalities, to carry out tasks to promote these towns as a destination specialising in nautical tourism. These municipalities are Salou, Cambrils, Mont-roig del Camp, Vandell\u00f2s i l&#8217;Hospitalet, l&#8217;Ametlla de Mar, l&#8217;Ampolla i Deltebre.<\/p>\n<p>12 April 2019: By agreement of the Governing Council of the Patronat de Turisme de la Diputaci\u00f3 de Tarragona, Estaci\u00f3 N\u00e0utica Costa Daurada was awarded a subsidy of \u20ac20,000 for the promotion and marketing of tourism products related to the sea.<\/p>\n<p>In 2019, Estaci\u00f3 N\u00e0utica Costa Daurada received a subsidy of \u20ac6,750 through an Intermunicipal Agreement signed by each of its associated municipalities, to carry out tasks to promote these towns as a destination specialising in nautical tourism. These municipalities are Salou, Cambrils, Mont-roig del Camp, Vandell\u00f2s and l&#8217;Hospitalet, l&#8217;Ametlla de Mar, l&#8217;Ampolla and Deltebre.<\/p>\n<p>2020: By agreement of the Governing Council of the Patronat de Turisme de la Diputaci\u00f3 de Tarragona, Estaci\u00f3 N\u00e0utica Costa Daurada was awarded a subsidy of \u20ac20,000 for the promotion and marketing of tourism products related to the sea.<\/p>\n<p>In 2020, Estaci\u00f3 N\u00e0utica Costa Daurada received a subsidy of \u20ac8,000 through an Intermunicipal Agreement signed by each of its associated municipalities, to carry out tasks to promote these towns as a destination specialising in nautical tourism. These municipalities are Salou, Cambrils, Mont-roig del Camp, Vandell\u00f2s and l&#8217;Hospitalet, l&#8217;Ametlla de Mar, l&#8217;Ampolla and Deltebre.<\/p>\n<p>2021: By agreement of the Governing Council of the Patronat de Turisme de la Diputaci\u00f3 de Tarragona, Estaci\u00f3 N\u00e0utica Costa Daurada was awarded a subsidy of \u20ac20,000 for the promotion and marketing of tourism products related to the sea.<\/p>\n<p>In 2021, Estaci\u00f3 N\u00e0utica Costa Daurada received a subsidy of \u20ac8,000 through an Intermunicipal Agreement signed by each of its associated municipalities, to carry out tasks to promote these towns as a destination specialising in nautical tourism. These municipalities are Salou, Cambrils, Mont-roig del Camp, Vandell\u00f2s and l&#8217;Hospitalet, l&#8217;Ametlla de Mar, l&#8217;Ampolla and Deltebre.<\/p>\n<p>All promotional actions are carried out under the trademark N\u00e0utic Parc Costa Daurada i Terres de l&#8217;Ebre, created in 2021.<\/p>\n<p>2022: By agreement of the Governing Council of the Tourist Board of the Tarragona Provincial Council, a subsidy of \u20ac20,000 is awarded to Estaci\u00f3 N\u00e0utica Costa Daurada i Terres de l&#8217;Ebre for the promotion and marketing of tourism products related to the sea.<\/p>\n<p>In 2022, Estaci\u00f3 N\u00e0utica Costa Daurada i Terres de l&#8217;Ebre received a subsidy of \u20ac10,000 through an Intermunicipal Agreement signed by each of its associated municipalities, to carry out tasks to promote these towns as a destination specialising in nautical tourism. These municipalities are Salou, Cambrils, Mont-roig del Camp, Vandell\u00f2s and l&#8217;Hospitalet, l&#8217;Ametlla de Mar, l&#8217;Ampolla and Deltebre.<\/p>\n<p>All promotional actions are carried out under the trademark N\u00e0utic Parc Costa Daurada i Terres de l&#8217;Ebre, created in 2021.<\/p>\n","protected":false},"excerpt":{"rendered":"<p>Transparencia In compliance with Law 19\/2014, of 29 December, on transparency, access to public information and good governance, in this section you will find all the information about Costa Dorada Nautical Station to make effective the principle of transparency and the obligations in terms of active advertising derived from this law. Thus, the sources of [&hellip;]<\/p>\n","protected":false},"author":5,"featured_media":0,"parent":0,"menu_order":0,"comment_status":"closed","ping_status":"closed","template":"","meta":{"_acf_changed":false,"footnotes":""},"tipus_pagina":[820],"class_list":["post-16776","page","type-page","status-publish","hentry","tipus_pagina-legal"],"acf":[],"yoast_head":"<!-- This site is optimized with the Yoast SEO plugin v27.5 - https:\/\/yoast.com\/product\/yoast-seo-wordpress\/ -->\n<title>Transparency - N\u00e0utic Parc<\/title>\n<meta name=\"robots\" content=\"index, follow, max-snippet:-1, max-image-preview:large, max-video-preview:-1\" \/>\n<link rel=\"canonical\" href=\"https:\/\/nauticparc.com\/en\/transparency\/\" \/>\n<meta property=\"og:locale\" content=\"en_US\" \/>\n<meta property=\"og:type\" content=\"article\" \/>\n<meta property=\"og:title\" content=\"Transparency - N\u00e0utic Parc\" \/>\n<meta property=\"og:description\" content=\"Transparencia In compliance with Law 19\/2014, of 29 December, on transparency, access to public information and good governance, in this section you will find all the information about Costa Dorada Nautical Station to make effective the principle of transparency and the obligations in terms of active advertising derived from this law. Thus, the sources of [&hellip;]\" \/>\n<meta property=\"og:url\" content=\"https:\/\/nauticparc.com\/en\/transparency\/\" \/>\n<meta property=\"og:site_name\" content=\"N\u00e0utic Parc\" \/>\n<meta property=\"article:publisher\" content=\"https:\/\/www.facebook.com\/nauticparc\" \/>\n<meta property=\"article:modified_time\" content=\"2026-04-29T16:58:17+00:00\" \/>\n<meta property=\"og:image\" content=\"https:\/\/nauticparc.com\/wp-content\/uploads\/2024\/01\/nauticparc-logo-1.png\" \/>\n\t<meta property=\"og:image:width\" content=\"66\" \/>\n\t<meta property=\"og:image:height\" content=\"56\" \/>\n\t<meta property=\"og:image:type\" content=\"image\/png\" \/>\n<meta name=\"twitter:card\" content=\"summary_large_image\" \/>\n<meta name=\"twitter:site\" content=\"@nauticparc\" \/>\n<meta name=\"twitter:label1\" content=\"Est. reading time\" \/>\n\t<meta name=\"twitter:data1\" content=\"3 minutes\" \/>\n<script type=\"application\/ld+json\" class=\"yoast-schema-graph\">{\"@context\":\"https:\\\/\\\/schema.org\",\"@graph\":[{\"@type\":\"WebPage\",\"@id\":\"https:\\\/\\\/nauticparc.com\\\/en\\\/transparency\\\/\",\"url\":\"https:\\\/\\\/nauticparc.com\\\/en\\\/transparency\\\/\",\"name\":\"Transparency - N\u00e0utic Parc\",\"isPartOf\":{\"@id\":\"https:\\\/\\\/nauticparc.com\\\/#website\"},\"datePublished\":\"2024-03-21T03:53:42+00:00\",\"dateModified\":\"2026-04-29T16:58:17+00:00\",\"breadcrumb\":{\"@id\":\"https:\\\/\\\/nauticparc.com\\\/en\\\/transparency\\\/#breadcrumb\"},\"inLanguage\":\"en-US\",\"potentialAction\":[{\"@type\":\"ReadAction\",\"target\":[\"https:\\\/\\\/nauticparc.com\\\/en\\\/transparency\\\/\"]}]},{\"@type\":\"BreadcrumbList\",\"@id\":\"https:\\\/\\\/nauticparc.com\\\/en\\\/transparency\\\/#breadcrumb\",\"itemListElement\":[{\"@type\":\"ListItem\",\"position\":1,\"name\":\"Portada\",\"item\":\"https:\\\/\\\/nauticparc.com\\\/en\\\/\"},{\"@type\":\"ListItem\",\"position\":2,\"name\":\"Transparency\"}]},{\"@type\":\"WebSite\",\"@id\":\"https:\\\/\\\/nauticparc.com\\\/#website\",\"url\":\"https:\\\/\\\/nauticparc.com\\\/\",\"name\":\"N\u00e0utic Parc\",\"description\":\"Gaudeix d&#039;un centenar de km d&#039;oci al mar de la Costa Daurada i les Terres de l&#039;Ebre.\",\"publisher\":{\"@id\":\"https:\\\/\\\/nauticparc.com\\\/#organization\"},\"potentialAction\":[{\"@type\":\"SearchAction\",\"target\":{\"@type\":\"EntryPoint\",\"urlTemplate\":\"https:\\\/\\\/nauticparc.com\\\/?s={search_term_string}\"},\"query-input\":{\"@type\":\"PropertyValueSpecification\",\"valueRequired\":true,\"valueName\":\"search_term_string\"}}],\"inLanguage\":\"en-US\"},{\"@type\":\"Organization\",\"@id\":\"https:\\\/\\\/nauticparc.com\\\/#organization\",\"name\":\"N\u00e0utic Parc\",\"url\":\"https:\\\/\\\/nauticparc.com\\\/\",\"logo\":{\"@type\":\"ImageObject\",\"inLanguage\":\"en-US\",\"@id\":\"https:\\\/\\\/nauticparc.com\\\/#\\\/schema\\\/logo\\\/image\\\/\",\"url\":\"https:\\\/\\\/nauticparc.com\\\/wp-content\\\/uploads\\\/2024\\\/01\\\/cropped-nauticparc-logo-1.png\",\"contentUrl\":\"https:\\\/\\\/nauticparc.com\\\/wp-content\\\/uploads\\\/2024\\\/01\\\/cropped-nauticparc-logo-1.png\",\"width\":66,\"height\":56,\"caption\":\"N\u00e0utic Parc\"},\"image\":{\"@id\":\"https:\\\/\\\/nauticparc.com\\\/#\\\/schema\\\/logo\\\/image\\\/\"},\"sameAs\":[\"https:\\\/\\\/www.facebook.com\\\/nauticparc\",\"https:\\\/\\\/x.com\\\/nauticparc\",\"https:\\\/\\\/www.instagram.com\\\/nauticparc\\\/\"]}]}<\/script>\n<!-- \/ Yoast SEO plugin. -->","yoast_head_json":{"title":"Transparency - N\u00e0utic Parc","robots":{"index":"index","follow":"follow","max-snippet":"max-snippet:-1","max-image-preview":"max-image-preview:large","max-video-preview":"max-video-preview:-1"},"canonical":"https:\/\/nauticparc.com\/en\/transparency\/","og_locale":"en_US","og_type":"article","og_title":"Transparency - N\u00e0utic Parc","og_description":"Transparencia In compliance with Law 19\/2014, of 29 December, on transparency, access to public information and good governance, in this section you will find all the information about Costa Dorada Nautical Station to make effective the principle of transparency and the obligations in terms of active advertising derived from this law. Thus, the sources of [&hellip;]","og_url":"https:\/\/nauticparc.com\/en\/transparency\/","og_site_name":"N\u00e0utic Parc","article_publisher":"https:\/\/www.facebook.com\/nauticparc","article_modified_time":"2026-04-29T16:58:17+00:00","og_image":[{"width":66,"height":56,"url":"https:\/\/nauticparc.com\/wp-content\/uploads\/2024\/01\/nauticparc-logo-1.png","type":"image\/png"}],"twitter_card":"summary_large_image","twitter_site":"@nauticparc","twitter_misc":{"Est. reading time":"3 minutes"},"schema":{"@context":"https:\/\/schema.org","@graph":[{"@type":"WebPage","@id":"https:\/\/nauticparc.com\/en\/transparency\/","url":"https:\/\/nauticparc.com\/en\/transparency\/","name":"Transparency - N\u00e0utic Parc","isPartOf":{"@id":"https:\/\/nauticparc.com\/#website"},"datePublished":"2024-03-21T03:53:42+00:00","dateModified":"2026-04-29T16:58:17+00:00","breadcrumb":{"@id":"https:\/\/nauticparc.com\/en\/transparency\/#breadcrumb"},"inLanguage":"en-US","potentialAction":[{"@type":"ReadAction","target":["https:\/\/nauticparc.com\/en\/transparency\/"]}]},{"@type":"BreadcrumbList","@id":"https:\/\/nauticparc.com\/en\/transparency\/#breadcrumb","itemListElement":[{"@type":"ListItem","position":1,"name":"Portada","item":"https:\/\/nauticparc.com\/en\/"},{"@type":"ListItem","position":2,"name":"Transparency"}]},{"@type":"WebSite","@id":"https:\/\/nauticparc.com\/#website","url":"https:\/\/nauticparc.com\/","name":"N\u00e0utic Parc","description":"Gaudeix d&#039;un centenar de km d&#039;oci al mar de la Costa Daurada i les Terres de l&#039;Ebre.","publisher":{"@id":"https:\/\/nauticparc.com\/#organization"},"potentialAction":[{"@type":"SearchAction","target":{"@type":"EntryPoint","urlTemplate":"https:\/\/nauticparc.com\/?s={search_term_string}"},"query-input":{"@type":"PropertyValueSpecification","valueRequired":true,"valueName":"search_term_string"}}],"inLanguage":"en-US"},{"@type":"Organization","@id":"https:\/\/nauticparc.com\/#organization","name":"N\u00e0utic Parc","url":"https:\/\/nauticparc.com\/","logo":{"@type":"ImageObject","inLanguage":"en-US","@id":"https:\/\/nauticparc.com\/#\/schema\/logo\/image\/","url":"https:\/\/nauticparc.com\/wp-content\/uploads\/2024\/01\/cropped-nauticparc-logo-1.png","contentUrl":"https:\/\/nauticparc.com\/wp-content\/uploads\/2024\/01\/cropped-nauticparc-logo-1.png","width":66,"height":56,"caption":"N\u00e0utic Parc"},"image":{"@id":"https:\/\/nauticparc.com\/#\/schema\/logo\/image\/"},"sameAs":["https:\/\/www.facebook.com\/nauticparc","https:\/\/x.com\/nauticparc","https:\/\/www.instagram.com\/nauticparc\/"]}]}},"_links":{"self":[{"href":"https:\/\/nauticparc.com\/en\/wp-json\/wp\/v2\/pages\/16776","targetHints":{"allow":["GET"]}}],"collection":[{"href":"https:\/\/nauticparc.com\/en\/wp-json\/wp\/v2\/pages"}],"about":[{"href":"https:\/\/nauticparc.com\/en\/wp-json\/wp\/v2\/types\/page"}],"author":[{"embeddable":true,"href":"https:\/\/nauticparc.com\/en\/wp-json\/wp\/v2\/users\/5"}],"replies":[{"embeddable":true,"href":"https:\/\/nauticparc.com\/en\/wp-json\/wp\/v2\/comments?post=16776"}],"version-history":[{"count":1,"href":"https:\/\/nauticparc.com\/en\/wp-json\/wp\/v2\/pages\/16776\/revisions"}],"predecessor-version":[{"id":26143,"href":"https:\/\/nauticparc.com\/en\/wp-json\/wp\/v2\/pages\/16776\/revisions\/26143"}],"wp:attachment":[{"href":"https:\/\/nauticparc.com\/en\/wp-json\/wp\/v2\/media?parent=16776"}],"wp:term":[{"taxonomy":"tipus_pagina","embeddable":true,"href":"https:\/\/nauticparc.com\/en\/wp-json\/wp\/v2\/tipus_pagina?post=16776"}],"curies":[{"name":"wp","href":"https:\/\/api.w.org\/{rel}","templated":true}]}}