{"id":16790,"date":"2024-03-21T04:56:15","date_gmt":"2024-03-21T03:56:15","guid":{"rendered":"https:\/\/nauticparc.com\/cookie-richtlinie\/"},"modified":"2026-04-29T18:59:01","modified_gmt":"2026-04-29T16:59:01","slug":"cookie-richtlinie","status":"publish","type":"page","link":"https:\/\/nauticparc.com\/de\/cookie-richtlinie\/","title":{"rendered":"Cookie-Richtlinie"},"content":{"rendered":"<h2>\u00dcBER COOKIES<\/h2>\n<p>Wir verwenden Cookies, um die Nutzung unserer Website zu vereinfachen. Cookies sind kleine Informationsdateien, die es uns erm\u00f6glichen, zu vergleichen und zu verstehen, wie unsere Benutzer durch unsere Website navigieren, und auf diese Weise den Browsing-Prozess entsprechend zu verbessern. Die von uns verwendeten Cookies speichern keine personenbezogenen Daten oder Informationen, die Sie identifizieren k\u00f6nnen. Wenn Sie keine Cookies erhalten m\u00f6chten, stellen Sie Ihren Internetbrowser bitte so ein, dass er sie von der Festplatte Ihres Computers l\u00f6scht, blockiert oder Sie warnt, wenn sie installiert sind. Um ohne \u00c4nderungen an Ihren Cookie-Einstellungen fortzufahren, fahren Sie einfach mit der Website fort.<br \/>\nWeitere Informationen zu Cookies und deren Verwendung finden Sie in www.aboutcookies.org<\/p>\n<h2>ARTEN VON COOKIES, DIE WIR VERWENDEN<\/h2>\n<ol>\n<li><strong>Unbedingt notwendige Cookies:<\/strong><br \/>\nDiese Cookies sind f\u00fcr die korrekte Nutzung der Website erforderlich und erm\u00f6glichen den Zugriff auf Bereiche mit Sicherheitsfiltern. Ohne diese Cookies w\u00e4ren viele der verf\u00fcgbaren Dienste nicht funktionsf\u00e4hig.<\/li>\n<li><strong>Browsing-Cookies:<\/strong><br \/>\nDiese Cookies sammeln Informationen \u00fcber die Nutzung der Website durch Besucher, wie z. B. Seitenaufrufe, Ladefehler usw. Es handelt sich um allgemeine und anonyme Informationen, bei denen keine personenbezogenen Daten enthalten sind und keine Informationen zur Identifizierung von Besuchern gesammelt werden. Das ultimative Ziel ist es, die Funktionsweise der Website zu verbessern.<br \/>\nDurch den Besuch unserer Website erkl\u00e4ren Sie sich mit der Installation dieser Cookies auf Ihrem Ger\u00e4t einverstanden.<\/li>\n<li><strong>Funktionale Cookies:<\/strong><br \/>\nDiese Cookies erm\u00f6glichen es uns, Informationen (wie Ihren Benutzernamen, Ihre Sprache oder die Region, in der Sie sich befinden) und pers\u00f6nlichere Merkmale zu speichern. Zum Beispiel die M\u00f6glichkeit, personalisierte Inhalte basierend auf den Informationen und Kriterien anzubieten, die Sie freiwillig zur Verf\u00fcgung gestellt haben. Diese Cookies k\u00f6nnen auch verwendet werden, um \u00c4nderungen an Textgr\u00f6\u00dfe, Schriftarten und anderen anpassbaren Attributen der Webseite zu speichern. Sie werden auch verwendet, um einige angeforderte Dienste anzubieten, wie z. B. das Ansehen eines Videos oder das Kommentieren eines Blogs. Die von diesen Cookies gesammelten Informationen k\u00f6nnen anonym sein und Ihre Aktivit\u00e4ten auf anderen Websites k\u00f6nnen nicht verfolgt werden.<br \/>\nDurch den Besuch unserer Website erkl\u00e4ren Sie sich mit der Installation dieser Cookies auf Ihrem Ger\u00e4t einverstanden.<\/li>\n<\/ol>\n","protected":false},"excerpt":{"rendered":"<p>\u00dcBER COOKIES Wir verwenden Cookies, um die Nutzung unserer Website zu vereinfachen. Cookies sind kleine Informationsdateien, die es uns erm\u00f6glichen, zu vergleichen und zu verstehen, wie unsere Benutzer durch unsere Website navigieren, und auf diese Weise den Browsing-Prozess entsprechend zu verbessern. Die von uns verwendeten Cookies speichern keine personenbezogenen Daten oder Informationen, die Sie identifizieren [&hellip;]<\/p>\n","protected":false},"author":5,"featured_media":0,"parent":0,"menu_order":0,"comment_status":"closed","ping_status":"closed","template":"","meta":{"_acf_changed":false,"footnotes":""},"tipus_pagina":[820],"class_list":["post-16790","page","type-page","status-publish","hentry","tipus_pagina-legal"],"acf":[],"yoast_head":"<!-- This site is optimized with the Yoast SEO plugin v27.5 - https:\/\/yoast.com\/product\/yoast-seo-wordpress\/ -->\n<title>Cookie-Richtlinie - N\u00e0utic Parc<\/title>\n<meta name=\"robots\" content=\"index, follow, max-snippet:-1, max-image-preview:large, max-video-preview:-1\" \/>\n<link rel=\"canonical\" href=\"https:\/\/nauticparc.com\/de\/cookie-richtlinie\/\" \/>\n<meta property=\"og:locale\" content=\"de_DE\" \/>\n<meta property=\"og:type\" content=\"article\" \/>\n<meta property=\"og:title\" content=\"Cookie-Richtlinie - N\u00e0utic Parc\" \/>\n<meta property=\"og:description\" content=\"\u00dcBER COOKIES Wir verwenden Cookies, um die Nutzung unserer Website zu vereinfachen. Cookies sind kleine Informationsdateien, die es uns erm\u00f6glichen, zu vergleichen und zu verstehen, wie unsere Benutzer durch unsere Website navigieren, und auf diese Weise den Browsing-Prozess entsprechend zu verbessern. Die von uns verwendeten Cookies speichern keine personenbezogenen Daten oder Informationen, die Sie identifizieren [&hellip;]\" \/>\n<meta property=\"og:url\" content=\"https:\/\/nauticparc.com\/de\/cookie-richtlinie\/\" \/>\n<meta property=\"og:site_name\" content=\"N\u00e0utic Parc\" \/>\n<meta property=\"article:publisher\" content=\"https:\/\/www.facebook.com\/nauticparc\" \/>\n<meta property=\"article:modified_time\" content=\"2026-04-29T16:59:01+00:00\" \/>\n<meta property=\"og:image\" content=\"https:\/\/nauticparc.com\/wp-content\/uploads\/2024\/01\/nauticparc-logo-1.png\" \/>\n\t<meta property=\"og:image:width\" content=\"66\" \/>\n\t<meta property=\"og:image:height\" content=\"56\" \/>\n\t<meta property=\"og:image:type\" content=\"image\/png\" \/>\n<meta name=\"twitter:card\" content=\"summary_large_image\" \/>\n<meta name=\"twitter:site\" content=\"@nauticparc\" \/>\n<meta name=\"twitter:label1\" content=\"Est. reading time\" \/>\n\t<meta name=\"twitter:data1\" content=\"2 minutes\" \/>\n<script type=\"application\/ld+json\" class=\"yoast-schema-graph\">{\"@context\":\"https:\\\/\\\/schema.org\",\"@graph\":[{\"@type\":\"WebPage\",\"@id\":\"https:\\\/\\\/nauticparc.com\\\/de\\\/cookie-richtlinie\\\/\",\"url\":\"https:\\\/\\\/nauticparc.com\\\/de\\\/cookie-richtlinie\\\/\",\"name\":\"Cookie-Richtlinie - N\u00e0utic Parc\",\"isPartOf\":{\"@id\":\"https:\\\/\\\/nauticparc.com\\\/#website\"},\"datePublished\":\"2024-03-21T03:56:15+00:00\",\"dateModified\":\"2026-04-29T16:59:01+00:00\",\"breadcrumb\":{\"@id\":\"https:\\\/\\\/nauticparc.com\\\/de\\\/cookie-richtlinie\\\/#breadcrumb\"},\"inLanguage\":\"de-DE\",\"potentialAction\":[{\"@type\":\"ReadAction\",\"target\":[\"https:\\\/\\\/nauticparc.com\\\/de\\\/cookie-richtlinie\\\/\"]}]},{\"@type\":\"BreadcrumbList\",\"@id\":\"https:\\\/\\\/nauticparc.com\\\/de\\\/cookie-richtlinie\\\/#breadcrumb\",\"itemListElement\":[{\"@type\":\"ListItem\",\"position\":1,\"name\":\"Portada\",\"item\":\"https:\\\/\\\/nauticparc.com\\\/de\\\/\"},{\"@type\":\"ListItem\",\"position\":2,\"name\":\"Cookie-Richtlinie\"}]},{\"@type\":\"WebSite\",\"@id\":\"https:\\\/\\\/nauticparc.com\\\/#website\",\"url\":\"https:\\\/\\\/nauticparc.com\\\/\",\"name\":\"N\u00e0utic Parc\",\"description\":\"Gaudeix d&#039;un centenar de km d&#039;oci al mar de la Costa Daurada i les Terres de l&#039;Ebre.\",\"publisher\":{\"@id\":\"https:\\\/\\\/nauticparc.com\\\/#organization\"},\"potentialAction\":[{\"@type\":\"SearchAction\",\"target\":{\"@type\":\"EntryPoint\",\"urlTemplate\":\"https:\\\/\\\/nauticparc.com\\\/?s={search_term_string}\"},\"query-input\":{\"@type\":\"PropertyValueSpecification\",\"valueRequired\":true,\"valueName\":\"search_term_string\"}}],\"inLanguage\":\"de-DE\"},{\"@type\":\"Organization\",\"@id\":\"https:\\\/\\\/nauticparc.com\\\/#organization\",\"name\":\"N\u00e0utic Parc\",\"url\":\"https:\\\/\\\/nauticparc.com\\\/\",\"logo\":{\"@type\":\"ImageObject\",\"inLanguage\":\"de-DE\",\"@id\":\"https:\\\/\\\/nauticparc.com\\\/#\\\/schema\\\/logo\\\/image\\\/\",\"url\":\"https:\\\/\\\/nauticparc.com\\\/wp-content\\\/uploads\\\/2024\\\/01\\\/cropped-nauticparc-logo-1.png\",\"contentUrl\":\"https:\\\/\\\/nauticparc.com\\\/wp-content\\\/uploads\\\/2024\\\/01\\\/cropped-nauticparc-logo-1.png\",\"width\":66,\"height\":56,\"caption\":\"N\u00e0utic Parc\"},\"image\":{\"@id\":\"https:\\\/\\\/nauticparc.com\\\/#\\\/schema\\\/logo\\\/image\\\/\"},\"sameAs\":[\"https:\\\/\\\/www.facebook.com\\\/nauticparc\",\"https:\\\/\\\/x.com\\\/nauticparc\",\"https:\\\/\\\/www.instagram.com\\\/nauticparc\\\/\"]}]}<\/script>\n<!-- \/ Yoast SEO plugin. -->","yoast_head_json":{"title":"Cookie-Richtlinie - N\u00e0utic Parc","robots":{"index":"index","follow":"follow","max-snippet":"max-snippet:-1","max-image-preview":"max-image-preview:large","max-video-preview":"max-video-preview:-1"},"canonical":"https:\/\/nauticparc.com\/de\/cookie-richtlinie\/","og_locale":"de_DE","og_type":"article","og_title":"Cookie-Richtlinie - N\u00e0utic Parc","og_description":"\u00dcBER COOKIES Wir verwenden Cookies, um die Nutzung unserer Website zu vereinfachen. Cookies sind kleine Informationsdateien, die es uns erm\u00f6glichen, zu vergleichen und zu verstehen, wie unsere Benutzer durch unsere Website navigieren, und auf diese Weise den Browsing-Prozess entsprechend zu verbessern. Die von uns verwendeten Cookies speichern keine personenbezogenen Daten oder Informationen, die Sie identifizieren [&hellip;]","og_url":"https:\/\/nauticparc.com\/de\/cookie-richtlinie\/","og_site_name":"N\u00e0utic Parc","article_publisher":"https:\/\/www.facebook.com\/nauticparc","article_modified_time":"2026-04-29T16:59:01+00:00","og_image":[{"width":66,"height":56,"url":"https:\/\/nauticparc.com\/wp-content\/uploads\/2024\/01\/nauticparc-logo-1.png","type":"image\/png"}],"twitter_card":"summary_large_image","twitter_site":"@nauticparc","twitter_misc":{"Est. reading time":"2 minutes"},"schema":{"@context":"https:\/\/schema.org","@graph":[{"@type":"WebPage","@id":"https:\/\/nauticparc.com\/de\/cookie-richtlinie\/","url":"https:\/\/nauticparc.com\/de\/cookie-richtlinie\/","name":"Cookie-Richtlinie - N\u00e0utic Parc","isPartOf":{"@id":"https:\/\/nauticparc.com\/#website"},"datePublished":"2024-03-21T03:56:15+00:00","dateModified":"2026-04-29T16:59:01+00:00","breadcrumb":{"@id":"https:\/\/nauticparc.com\/de\/cookie-richtlinie\/#breadcrumb"},"inLanguage":"de-DE","potentialAction":[{"@type":"ReadAction","target":["https:\/\/nauticparc.com\/de\/cookie-richtlinie\/"]}]},{"@type":"BreadcrumbList","@id":"https:\/\/nauticparc.com\/de\/cookie-richtlinie\/#breadcrumb","itemListElement":[{"@type":"ListItem","position":1,"name":"Portada","item":"https:\/\/nauticparc.com\/de\/"},{"@type":"ListItem","position":2,"name":"Cookie-Richtlinie"}]},{"@type":"WebSite","@id":"https:\/\/nauticparc.com\/#website","url":"https:\/\/nauticparc.com\/","name":"N\u00e0utic Parc","description":"Gaudeix d&#039;un centenar de km d&#039;oci al mar de la Costa Daurada i les Terres de l&#039;Ebre.","publisher":{"@id":"https:\/\/nauticparc.com\/#organization"},"potentialAction":[{"@type":"SearchAction","target":{"@type":"EntryPoint","urlTemplate":"https:\/\/nauticparc.com\/?s={search_term_string}"},"query-input":{"@type":"PropertyValueSpecification","valueRequired":true,"valueName":"search_term_string"}}],"inLanguage":"de-DE"},{"@type":"Organization","@id":"https:\/\/nauticparc.com\/#organization","name":"N\u00e0utic Parc","url":"https:\/\/nauticparc.com\/","logo":{"@type":"ImageObject","inLanguage":"de-DE","@id":"https:\/\/nauticparc.com\/#\/schema\/logo\/image\/","url":"https:\/\/nauticparc.com\/wp-content\/uploads\/2024\/01\/cropped-nauticparc-logo-1.png","contentUrl":"https:\/\/nauticparc.com\/wp-content\/uploads\/2024\/01\/cropped-nauticparc-logo-1.png","width":66,"height":56,"caption":"N\u00e0utic Parc"},"image":{"@id":"https:\/\/nauticparc.com\/#\/schema\/logo\/image\/"},"sameAs":["https:\/\/www.facebook.com\/nauticparc","https:\/\/x.com\/nauticparc","https:\/\/www.instagram.com\/nauticparc\/"]}]}},"_links":{"self":[{"href":"https:\/\/nauticparc.com\/de\/wp-json\/wp\/v2\/pages\/16790","targetHints":{"allow":["GET"]}}],"collection":[{"href":"https:\/\/nauticparc.com\/de\/wp-json\/wp\/v2\/pages"}],"about":[{"href":"https:\/\/nauticparc.com\/de\/wp-json\/wp\/v2\/types\/page"}],"author":[{"embeddable":true,"href":"https:\/\/nauticparc.com\/de\/wp-json\/wp\/v2\/users\/5"}],"replies":[{"embeddable":true,"href":"https:\/\/nauticparc.com\/de\/wp-json\/wp\/v2\/comments?post=16790"}],"version-history":[{"count":1,"href":"https:\/\/nauticparc.com\/de\/wp-json\/wp\/v2\/pages\/16790\/revisions"}],"predecessor-version":[{"id":25233,"href":"https:\/\/nauticparc.com\/de\/wp-json\/wp\/v2\/pages\/16790\/revisions\/25233"}],"wp:attachment":[{"href":"https:\/\/nauticparc.com\/de\/wp-json\/wp\/v2\/media?parent=16790"}],"wp:term":[{"taxonomy":"tipus_pagina","embeddable":true,"href":"https:\/\/nauticparc.com\/de\/wp-json\/wp\/v2\/tipus_pagina?post=16790"}],"curies":[{"name":"wp","href":"https:\/\/api.w.org\/{rel}","templated":true}]}}