{"id":16786,"date":"2024-03-21T04:53:42","date_gmt":"2024-03-21T03:53:42","guid":{"rendered":"https:\/\/nauticparc.com\/transparenz\/"},"modified":"2026-04-29T18:59:07","modified_gmt":"2026-04-29T16:59:07","slug":"transparenz","status":"publish","type":"page","link":"https:\/\/nauticparc.com\/de\/transparenz\/","title":{"rendered":"Transparenz"},"content":{"rendered":"<h2>Transparencia<\/h2>\n<p><strong>In \u00dcbereinstimmung mit dem Gesetz 19\/2014 vom 29. Dezember \u00fcber Transparenz, Zugang zu \u00f6ffentlichen Informationen und verantwortungsvolle Verwaltung finden Sie in diesem Abschnitt alle Informationen \u00fcber die Nautische Station Costa Dorada, um den Grundsatz der Transparenz und die sich aus diesem Gesetz ergebenden Verpflichtungen in Bezug auf aktive Werbung umzusetzen.<\/strong><\/p>\n<p><strong>So werden die Finanzierungsquellen des Vereins ver\u00f6ffentlicht, die wie folgt lauten:<\/strong><\/p>\n<\/p>\n<p>9. November 2016: Vereinbarung zwischen dem Tourismusverband des Provinzrats von Tarragona und dem Verband \u00fcber die Gew\u00e4hrung eines Zuschusses f\u00fcr die Schaffung, F\u00f6rderung und Vermarktung von Produkten in H\u00f6he von 20.000 \u20ac.<\/p>\n<p>20. Oktober 2017: Im Einvernehmen mit dem Verwaltungsrat des Patronat de Turisme de la Diputaci\u00f3 de Tarragona erh\u00e4lt die Estaci\u00f3 N\u00e0utica Costa Daurada einen Zuschuss f\u00fcr die F\u00f6rderung und Vermarktung von Tourismusprodukten in H\u00f6he von 20.000 Euro.<\/p>\n<p>Im Jahr 2017 erhielt die Estaci\u00f3 N\u00e0utica Costa Daurada einen Beitrag in H\u00f6he von 6.750 \u20ac durch eine von jeder ihrer Mitgliedsgemeinden unterzeichnete interkommunale Vereinbarung, um Aufgaben zur F\u00f6rderung der St\u00e4dte als auf den nautischen Tourismus spezialisierte Destination zu erf\u00fcllen. Diese Gemeinden sind Salou, Cambrils, Mont-roig del Camp, Vandell\u00f2s i l&#8217;Hospitalet und l&#8217;Ametlla de Mar.<\/p>\n<p>20. Juli 2018: Mit Zustimmung des Verwaltungsrats des Tourismusverbandes des Provinzrats von Tarragona wurde der Estaci\u00f3 N\u00e0utica Costa Daurada ein Zuschuss in H\u00f6he von 20.000 \u20ac f\u00fcr die F\u00f6rderung und Vermarktung von Tourismusprodukten rund um das Meer gew\u00e4hrt.<\/p>\n<p>Im Jahr 2018 erhielt die Estaci\u00f3 N\u00e0utica Costa Daurada einen Beitrag in H\u00f6he von 6.750 \u20ac im Rahmen einer interkommunalen Vereinbarung, die von jeder ihrer angeschlossenen Gemeinden unterzeichnet wurde, um Aufgaben zur F\u00f6rderung dieser St\u00e4dte als auf den nautischen Tourismus spezialisierte Destination zu erf\u00fcllen. Diese Gemeinden sind Salou, Cambrils, Mont-roig del Camp, Vandell\u00f2s i l&#8217;Hospitalet, l&#8217;Ametlla de Mar, l&#8217;Ampolla i Deltebre.<\/p>\n<p>12. April 2019: Im Einvernehmen mit dem Verwaltungsrat des Patronat de Turisme de la Diputaci\u00f3 de Tarragona erh\u00e4lt die Estaci\u00f3 N\u00e0utica Costa Daurada einen Zuschuss in H\u00f6he von 20.000 Euro f\u00fcr die F\u00f6rderung und Vermarktung von Tourismusprodukten im Zusammenhang mit dem Meer.<\/p>\n<p>Im Jahr 2019 erhielt die Estaci\u00f3 N\u00e0utica Costa Daurada einen Zuschuss in H\u00f6he von 6.750 \u20ac durch eine von jeder ihrer Mitgliedsgemeinden unterzeichnete interkommunale Vereinbarung, um Aufgaben zur F\u00f6rderung dieser St\u00e4dte als auf den nautischen Tourismus spezialisierte Destination zu erf\u00fcllen. Diese Gemeinden sind Salou, Cambrils, Mont-roig del Camp, Vandell\u00f2s und l&#8217;Hospitalet, l&#8217;Ametlla de Mar, l&#8217;Ampolla und Deltebre.<\/p>\n<p>2020: Im Einvernehmen mit dem Verwaltungsrat des Patronat de Turisme de la Diputaci\u00f3 de Tarragona erh\u00e4lt die Estaci\u00f3 N\u00e0utica Costa Daurada einen Zuschuss von 20.000 \u20ac f\u00fcr die F\u00f6rderung und Vermarktung von Tourismusprodukten im Zusammenhang mit dem Meer.<\/p>\n<p>Im Jahr 2020 erhielt die Estaci\u00f3 N\u00e0utica Costa Daurada einen Zuschuss in H\u00f6he von 8.000 \u20ac durch eine von jeder ihrer Mitgliedsgemeinden unterzeichnete interkommunale Vereinbarung, um Aufgaben zur F\u00f6rderung dieser St\u00e4dte als auf nautischen Tourismus spezialisierte Destination zu erf\u00fcllen. Diese Gemeinden sind Salou, Cambrils, Mont-roig del Camp, Vandell\u00f2s und l&#8217;Hospitalet, l&#8217;Ametlla de Mar, l&#8217;Ampolla und Deltebre.<\/p>\n<p>2021: Mit Zustimmung des Verwaltungsrats des Patronat de Turisme de la Diputaci\u00f3 de Tarragona erhielt die Estaci\u00f3 N\u00e0utica Costa Daurada einen Zuschuss von 20.000 \u20ac f\u00fcr die F\u00f6rderung und Vermarktung von Tourismusprodukten im Zusammenhang mit dem Meer.<\/p>\n<p>Im Jahr 2021 erhielt die Estaci\u00f3 N\u00e0utica Costa Daurada einen Zuschuss in H\u00f6he von 8.000 \u20ac im Rahmen einer interkommunalen Vereinbarung, die von jeder ihrer angeschlossenen Gemeinden unterzeichnet wurde, um Aufgaben zur F\u00f6rderung dieser St\u00e4dte als auf den nautischen Tourismus spezialisierte Destination zu erf\u00fcllen. Diese Gemeinden sind Salou, Cambrils, Mont-roig del Camp, Vandell\u00f2s und l&#8217;Hospitalet, l&#8217;Ametlla de Mar, l&#8217;Ampolla und Deltebre.<\/p>\n<p>Alle Werbeaktionen werden unter der Marke N\u00e0utic Parc Costa Daurada i Terres de l&#8217;Ebre durchgef\u00fchrt, die 2021 gegr\u00fcndet wurde.<\/p>\n<p>2022: Mit Zustimmung des Verwaltungsrats des Tourismusverbandes des Provinzrats von Tarragona wird der Estaci\u00f3 N\u00e0utica Costa Daurada i Terres de l&#8217;Ebre ein Zuschuss in H\u00f6he von 20.000 \u20ac f\u00fcr die F\u00f6rderung und Vermarktung von Tourismusprodukten im Zusammenhang mit dem Meer gew\u00e4hrt.<\/p>\n<p>Im Jahr 2022 erhielt die Estaci\u00f3 N\u00e0utica Costa Daurada i Terres de l&#8217;Ebre einen Zuschuss in H\u00f6he von 10.000 \u20ac im Rahmen einer interkommunalen Vereinbarung, die von jeder ihrer angeschlossenen Gemeinden unterzeichnet wurde, um Aufgaben zur F\u00f6rderung dieser St\u00e4dte als auf den nautischen Tourismus spezialisierte Reiseziel zu erf\u00fcllen. Diese Gemeinden sind Salou, Cambrils, Mont-roig del Camp, Vandell\u00f2s und l&#8217;Hospitalet, l&#8217;Ametlla de Mar, l&#8217;Ampolla und Deltebre.<\/p>\n<p>Alle Werbeaktionen werden unter der Marke N\u00e0utic Parc Costa Daurada i Terres de l&#8217;Ebre durchgef\u00fchrt, die 2021 gegr\u00fcndet wurde.<\/p>\n","protected":false},"excerpt":{"rendered":"<p>Transparencia In \u00dcbereinstimmung mit dem Gesetz 19\/2014 vom 29. Dezember \u00fcber Transparenz, Zugang zu \u00f6ffentlichen Informationen und verantwortungsvolle Verwaltung finden Sie in diesem Abschnitt alle Informationen \u00fcber die Nautische Station Costa Dorada, um den Grundsatz der Transparenz und die sich aus diesem Gesetz ergebenden Verpflichtungen in Bezug auf aktive Werbung umzusetzen. So werden die Finanzierungsquellen [&hellip;]<\/p>\n","protected":false},"author":5,"featured_media":0,"parent":0,"menu_order":0,"comment_status":"closed","ping_status":"closed","template":"","meta":{"_acf_changed":false,"footnotes":""},"tipus_pagina":[820],"class_list":["post-16786","page","type-page","status-publish","hentry","tipus_pagina-legal"],"acf":[],"yoast_head":"<!-- This site is optimized with the Yoast SEO plugin v27.5 - https:\/\/yoast.com\/product\/yoast-seo-wordpress\/ -->\n<title>Transparenz - N\u00e0utic Parc<\/title>\n<meta name=\"robots\" content=\"index, follow, max-snippet:-1, max-image-preview:large, max-video-preview:-1\" \/>\n<link rel=\"canonical\" href=\"https:\/\/nauticparc.com\/de\/transparenz\/\" \/>\n<meta property=\"og:locale\" content=\"de_DE\" \/>\n<meta property=\"og:type\" content=\"article\" \/>\n<meta property=\"og:title\" content=\"Transparenz - N\u00e0utic Parc\" \/>\n<meta property=\"og:description\" content=\"Transparencia In \u00dcbereinstimmung mit dem Gesetz 19\/2014 vom 29. Dezember \u00fcber Transparenz, Zugang zu \u00f6ffentlichen Informationen und verantwortungsvolle Verwaltung finden Sie in diesem Abschnitt alle Informationen \u00fcber die Nautische Station Costa Dorada, um den Grundsatz der Transparenz und die sich aus diesem Gesetz ergebenden Verpflichtungen in Bezug auf aktive Werbung umzusetzen. So werden die Finanzierungsquellen [&hellip;]\" \/>\n<meta property=\"og:url\" content=\"https:\/\/nauticparc.com\/de\/transparenz\/\" \/>\n<meta property=\"og:site_name\" content=\"N\u00e0utic Parc\" \/>\n<meta property=\"article:publisher\" content=\"https:\/\/www.facebook.com\/nauticparc\" \/>\n<meta property=\"article:modified_time\" content=\"2026-04-29T16:59:07+00:00\" \/>\n<meta property=\"og:image\" content=\"https:\/\/nauticparc.com\/wp-content\/uploads\/2024\/01\/nauticparc-logo-1.png\" \/>\n\t<meta property=\"og:image:width\" content=\"66\" \/>\n\t<meta property=\"og:image:height\" content=\"56\" \/>\n\t<meta property=\"og:image:type\" content=\"image\/png\" \/>\n<meta name=\"twitter:card\" content=\"summary_large_image\" \/>\n<meta name=\"twitter:site\" content=\"@nauticparc\" \/>\n<meta name=\"twitter:label1\" content=\"Est. reading time\" \/>\n\t<meta name=\"twitter:data1\" content=\"4 minutes\" \/>\n<script type=\"application\/ld+json\" class=\"yoast-schema-graph\">{\"@context\":\"https:\\\/\\\/schema.org\",\"@graph\":[{\"@type\":\"WebPage\",\"@id\":\"https:\\\/\\\/nauticparc.com\\\/de\\\/transparenz\\\/\",\"url\":\"https:\\\/\\\/nauticparc.com\\\/de\\\/transparenz\\\/\",\"name\":\"Transparenz - N\u00e0utic Parc\",\"isPartOf\":{\"@id\":\"https:\\\/\\\/nauticparc.com\\\/#website\"},\"datePublished\":\"2024-03-21T03:53:42+00:00\",\"dateModified\":\"2026-04-29T16:59:07+00:00\",\"breadcrumb\":{\"@id\":\"https:\\\/\\\/nauticparc.com\\\/de\\\/transparenz\\\/#breadcrumb\"},\"inLanguage\":\"de-DE\",\"potentialAction\":[{\"@type\":\"ReadAction\",\"target\":[\"https:\\\/\\\/nauticparc.com\\\/de\\\/transparenz\\\/\"]}]},{\"@type\":\"BreadcrumbList\",\"@id\":\"https:\\\/\\\/nauticparc.com\\\/de\\\/transparenz\\\/#breadcrumb\",\"itemListElement\":[{\"@type\":\"ListItem\",\"position\":1,\"name\":\"Portada\",\"item\":\"https:\\\/\\\/nauticparc.com\\\/de\\\/\"},{\"@type\":\"ListItem\",\"position\":2,\"name\":\"Transparenz\"}]},{\"@type\":\"WebSite\",\"@id\":\"https:\\\/\\\/nauticparc.com\\\/#website\",\"url\":\"https:\\\/\\\/nauticparc.com\\\/\",\"name\":\"N\u00e0utic Parc\",\"description\":\"Gaudeix d&#039;un centenar de km d&#039;oci al mar de la Costa Daurada i les Terres de l&#039;Ebre.\",\"publisher\":{\"@id\":\"https:\\\/\\\/nauticparc.com\\\/#organization\"},\"potentialAction\":[{\"@type\":\"SearchAction\",\"target\":{\"@type\":\"EntryPoint\",\"urlTemplate\":\"https:\\\/\\\/nauticparc.com\\\/?s={search_term_string}\"},\"query-input\":{\"@type\":\"PropertyValueSpecification\",\"valueRequired\":true,\"valueName\":\"search_term_string\"}}],\"inLanguage\":\"de-DE\"},{\"@type\":\"Organization\",\"@id\":\"https:\\\/\\\/nauticparc.com\\\/#organization\",\"name\":\"N\u00e0utic Parc\",\"url\":\"https:\\\/\\\/nauticparc.com\\\/\",\"logo\":{\"@type\":\"ImageObject\",\"inLanguage\":\"de-DE\",\"@id\":\"https:\\\/\\\/nauticparc.com\\\/#\\\/schema\\\/logo\\\/image\\\/\",\"url\":\"https:\\\/\\\/nauticparc.com\\\/wp-content\\\/uploads\\\/2024\\\/01\\\/cropped-nauticparc-logo-1.png\",\"contentUrl\":\"https:\\\/\\\/nauticparc.com\\\/wp-content\\\/uploads\\\/2024\\\/01\\\/cropped-nauticparc-logo-1.png\",\"width\":66,\"height\":56,\"caption\":\"N\u00e0utic Parc\"},\"image\":{\"@id\":\"https:\\\/\\\/nauticparc.com\\\/#\\\/schema\\\/logo\\\/image\\\/\"},\"sameAs\":[\"https:\\\/\\\/www.facebook.com\\\/nauticparc\",\"https:\\\/\\\/x.com\\\/nauticparc\",\"https:\\\/\\\/www.instagram.com\\\/nauticparc\\\/\"]}]}<\/script>\n<!-- \/ Yoast SEO plugin. -->","yoast_head_json":{"title":"Transparenz - N\u00e0utic Parc","robots":{"index":"index","follow":"follow","max-snippet":"max-snippet:-1","max-image-preview":"max-image-preview:large","max-video-preview":"max-video-preview:-1"},"canonical":"https:\/\/nauticparc.com\/de\/transparenz\/","og_locale":"de_DE","og_type":"article","og_title":"Transparenz - N\u00e0utic Parc","og_description":"Transparencia In \u00dcbereinstimmung mit dem Gesetz 19\/2014 vom 29. Dezember \u00fcber Transparenz, Zugang zu \u00f6ffentlichen Informationen und verantwortungsvolle Verwaltung finden Sie in diesem Abschnitt alle Informationen \u00fcber die Nautische Station Costa Dorada, um den Grundsatz der Transparenz und die sich aus diesem Gesetz ergebenden Verpflichtungen in Bezug auf aktive Werbung umzusetzen. So werden die Finanzierungsquellen [&hellip;]","og_url":"https:\/\/nauticparc.com\/de\/transparenz\/","og_site_name":"N\u00e0utic Parc","article_publisher":"https:\/\/www.facebook.com\/nauticparc","article_modified_time":"2026-04-29T16:59:07+00:00","og_image":[{"width":66,"height":56,"url":"https:\/\/nauticparc.com\/wp-content\/uploads\/2024\/01\/nauticparc-logo-1.png","type":"image\/png"}],"twitter_card":"summary_large_image","twitter_site":"@nauticparc","twitter_misc":{"Est. reading time":"4 minutes"},"schema":{"@context":"https:\/\/schema.org","@graph":[{"@type":"WebPage","@id":"https:\/\/nauticparc.com\/de\/transparenz\/","url":"https:\/\/nauticparc.com\/de\/transparenz\/","name":"Transparenz - N\u00e0utic Parc","isPartOf":{"@id":"https:\/\/nauticparc.com\/#website"},"datePublished":"2024-03-21T03:53:42+00:00","dateModified":"2026-04-29T16:59:07+00:00","breadcrumb":{"@id":"https:\/\/nauticparc.com\/de\/transparenz\/#breadcrumb"},"inLanguage":"de-DE","potentialAction":[{"@type":"ReadAction","target":["https:\/\/nauticparc.com\/de\/transparenz\/"]}]},{"@type":"BreadcrumbList","@id":"https:\/\/nauticparc.com\/de\/transparenz\/#breadcrumb","itemListElement":[{"@type":"ListItem","position":1,"name":"Portada","item":"https:\/\/nauticparc.com\/de\/"},{"@type":"ListItem","position":2,"name":"Transparenz"}]},{"@type":"WebSite","@id":"https:\/\/nauticparc.com\/#website","url":"https:\/\/nauticparc.com\/","name":"N\u00e0utic Parc","description":"Gaudeix d&#039;un centenar de km d&#039;oci al mar de la Costa Daurada i les Terres de l&#039;Ebre.","publisher":{"@id":"https:\/\/nauticparc.com\/#organization"},"potentialAction":[{"@type":"SearchAction","target":{"@type":"EntryPoint","urlTemplate":"https:\/\/nauticparc.com\/?s={search_term_string}"},"query-input":{"@type":"PropertyValueSpecification","valueRequired":true,"valueName":"search_term_string"}}],"inLanguage":"de-DE"},{"@type":"Organization","@id":"https:\/\/nauticparc.com\/#organization","name":"N\u00e0utic Parc","url":"https:\/\/nauticparc.com\/","logo":{"@type":"ImageObject","inLanguage":"de-DE","@id":"https:\/\/nauticparc.com\/#\/schema\/logo\/image\/","url":"https:\/\/nauticparc.com\/wp-content\/uploads\/2024\/01\/cropped-nauticparc-logo-1.png","contentUrl":"https:\/\/nauticparc.com\/wp-content\/uploads\/2024\/01\/cropped-nauticparc-logo-1.png","width":66,"height":56,"caption":"N\u00e0utic Parc"},"image":{"@id":"https:\/\/nauticparc.com\/#\/schema\/logo\/image\/"},"sameAs":["https:\/\/www.facebook.com\/nauticparc","https:\/\/x.com\/nauticparc","https:\/\/www.instagram.com\/nauticparc\/"]}]}},"_links":{"self":[{"href":"https:\/\/nauticparc.com\/de\/wp-json\/wp\/v2\/pages\/16786","targetHints":{"allow":["GET"]}}],"collection":[{"href":"https:\/\/nauticparc.com\/de\/wp-json\/wp\/v2\/pages"}],"about":[{"href":"https:\/\/nauticparc.com\/de\/wp-json\/wp\/v2\/types\/page"}],"author":[{"embeddable":true,"href":"https:\/\/nauticparc.com\/de\/wp-json\/wp\/v2\/users\/5"}],"replies":[{"embeddable":true,"href":"https:\/\/nauticparc.com\/de\/wp-json\/wp\/v2\/comments?post=16786"}],"version-history":[{"count":1,"href":"https:\/\/nauticparc.com\/de\/wp-json\/wp\/v2\/pages\/16786\/revisions"}],"predecessor-version":[{"id":26145,"href":"https:\/\/nauticparc.com\/de\/wp-json\/wp\/v2\/pages\/16786\/revisions\/26145"}],"wp:attachment":[{"href":"https:\/\/nauticparc.com\/de\/wp-json\/wp\/v2\/media?parent=16786"}],"wp:term":[{"taxonomy":"tipus_pagina","embeddable":true,"href":"https:\/\/nauticparc.com\/de\/wp-json\/wp\/v2\/tipus_pagina?post=16786"}],"curies":[{"name":"wp","href":"https:\/\/api.w.org\/{rel}","templated":true}]}}