{"id":16413,"date":"2024-04-18T20:00:21","date_gmt":"2024-04-18T18:00:21","guid":{"rendered":"https:\/\/nauticparc.com\/anfang\/"},"modified":"2026-04-27T16:38:02","modified_gmt":"2026-04-27T14:38:02","slug":"anfang","status":"publish","type":"page","link":"https:\/\/nauticparc.com\/de\/","title":{"rendered":"Anfang"},"content":{"rendered":"<section data-scrollax-parent=\"true\"><video autoplay=\"autoplay\" loop=\"loop\" muted=\"\" width=\"300\" height=\"150\"><source src=\"https:\/\/nauticparc.com\/wp-content\/uploads\/2024\/04\/Home-nautic-parc-video-activitats-nautiques.mp4\" type=\"video\/mp4\" \/><\/video><\/p>\n<h1>WIRST DU ES VERPASSEN?<\/h1>\n<h3>Spa\u00df und Abenteuer garantiert f\u00fcr die ganze Familie.<\/h3>\n<p><!-- main-search-input-tabs--><\/p>\n<ul>\n<li><a href=\"#lfilter-tab-10286\" data-bgtab=\"https:\/\/nauticparc.com\/wp-content\/uploads\/2024\/01\/test-1.jpg\">Actividades<\/a><\/li>\n<\/ul>\n<p><!--tabs --><br \/>\n<!--tab --><\/p>\n<form role=\"search\" action=\"https:\/\/nauticparc.com\/\" method=\"get\"><label><br \/>\n<\/label><br \/>\n<input name=\"search_term\" type=\"text\" value=\"\" placeholder=\"Buscar por nombre de actividad\" \/><br \/>\n<select name=\"llocs\" data-placeholder=\"Todas las localidades\"><option value=\"\">Todas las localidades<\/option><option value=\"cambrils-de\">Cambrils<\/option><option value=\"salou-de\">Salou<\/option><option value=\"mont-roig-miami-platja-de\">Mont-roig \/ Miami Platja<\/option><option value=\"vandellos-lhospitalet-de-linfant-de\">Vandell\u00f2s \/ l&#8217;Hospitalet de l&#8217;Infant<\/option><option value=\"lametlla-de-mar-de\">L&#8217;Ametlla de Mar<\/option><option value=\"lampolla-de\">L&#8217;Ampolla<\/option><option value=\"deltebre-riumar-de\">Deltebre \/ Riumar<\/option><\/select><br \/>\n<select name=\"lcats[]\" data-placeholder=\"Todas las categor\u00edas\"><option value=\"\">Todas las categor\u00edas<\/option><option value=\"522\">AKTIVIT\u00c4TEN<\/option><option value=\"611\">-BESUCH DER MUSCHELZUCHT IM DELTA<\/option><option value=\"557\">-BOOTSAUSFL\u00dcGE<\/option><option value=\"560\">&#8211;BOOT AUF DEM EBRO<\/option><option value=\"571\">&#8211;EXCLUSIVE BOOTE<\/option><option value=\"561\">&#8211;GROSSER SGELKATAMARAN<\/option><option value=\"568\">&#8211;SNELLBOOT<\/option><option value=\"565\">&#8211;TOURISTENKREUZFAHRTEN<\/option><option value=\"518\">-BOOTVERLEIH<\/option><option value=\"668\">&#8211;BOOTE AUF DEM EBRO<\/option><option value=\"572\">-ERLEBNISSE AUSSERHALB DES WASSERS<\/option><option value=\"582\">&#8211;4 X 4 TOUREN<\/option><option value=\"578\">&#8211;ESCAPE ROOM<\/option><option value=\"591\">&#8211;KULTURELLE BESICHTIGUNGEN<\/option><option value=\"581\">&#8211;PAINTBALL-SEILRUTSCHEN<\/option><option value=\"585\">&#8211;REITTOUREN<\/option><option value=\"588\">&#8211;WANDERN<\/option><option value=\"575\">&#8211;WEINTOURISMUS<\/option><option value=\"601\">-JETSKI-PARASAILING-MEHR<\/option><option value=\"614\">-SCHNORCHELN UND TAUCHEN<\/option><option value=\"617\">&#8211;SCHNORCHELN<\/option><option value=\"620\">&#8211;TAUCHEN<\/option><option value=\"519\">-SPASS AM STRAND<\/option><option value=\"540\">&#8211;BANANA<\/option><option value=\"544\">&#8211;DONUT<\/option><option value=\"523\">&#8211;KAJAK<\/option><option value=\"524\">&#8211;PADDLE SURF<\/option><option value=\"554\">&#8211;WASSERPARK<\/option><option value=\"530\">&#8211;WATER BIKE<\/option><option value=\"532\">&#8211;WINDSURFEN<\/option><option value=\"594\">-SPORTFISCHEN<\/option><\/select><br \/>\n<button type=\"submit\">Suche<br \/>\n<\/button><br \/>\n<input name=\"ltype\" type=\"hidden\" value=\"10286\" \/> <input name=\"lang\" type=\"hidden\" value=\"de\" \/><\/form>\n<p><!--tab end--><br \/>\n<!--tabs end--><br \/>\n<!-- main-search-input-tabs end--><br \/>\n<!-- --><\/p>\n<\/section>\n<h2>unsere Empfehlungen<\/h2>\n<p>Entdecken Sie den Zauber des Meeres an der Costa Dorada und im Ebro-Delta. Lassen Sie sich von einzigartigen Erlebnissen verf\u00fchren, die Natur, Abenteuer und Authentizit\u00e4t vereinen. Segeln Sie durch traumhafte Landschaften, erkunden Sie unber\u00fchrte Orte und sp\u00fcren Sie die wahre Essenz des Mittelmeers. Und das alles\u2026 nur einen Klick entfernt!<\/p>\n<h2>FINDE DEINE IDEALE Erfahrung<\/h2>\n<p>N\u00e0utic Parc Costa Daurada und Terres de l\u2019Ebre ist die Kombination von Erlebnissen, um das Meer zu genie\u00dfen und zu erleben. Ein breites Angebot an nautischen Freizeitaktivit\u00e4ten in Salou, Cambrils, Mont-roig del Camp und Miami Platja, Vandell\u00f2s und l\u2019Hospitalet de l\u2019Infant, l&#8217;Ametlla de Mar, l&#8217;Ampolla und Deltebre-Riumar, das wir Ihnen zur Verf\u00fcgung stellen.<\/p>\n<p>[xyz-ips snippet=&#8221;Mostrar-Categorias-principales-Home&#8221;]<\/p>\n<h2>W\u00c4HLE, WO DU SIE ERLEBEN M\u00d6CHTEST<\/h2>\n<p>Ein Paradies, in dem jede Welle zum Abenteuer einl\u00e4dt und jede Ecke ein neues Erlebnis bereith\u00e4lt. Fast hundert Kilometer K\u00fcste erwarten dich, um das Meer der Costa Daurada intensiv zu erleben oder dich von der wilden Natur des Ebro-Deltas \u00fcberraschen zu lassen.<\/p>\n<p>[xyz-ips snippet=&#8221;Mostrar-poblaciones-Home&#8221;]<\/p>\n<h2>Alles, was du genie\u00dfen kannst<\/h2>\n<h3>AN DER COSTA DAURADA UN IN DEN TERRES DE L&#8217;EBRE<\/h3>\n<h4><img decoding=\"async\" src=\"https:\/\/nauticparc.com\/wp-content\/uploads\/2024\/04\/1_estacio_nautica.png\" \/>N\u00e0utic Parc<\/h4>\n<p>Es ist ein touristisches Freizeitgebiet am Meer: ein Ziel, das auf nautische Erlebnisse spezialisiert ist, die von Fachleuten organisiert werden, perfekt strukturiert und darauf ausgerichtet, den Nutzern das beste Erlebnis zu bieten<\/p>\n<h4><img decoding=\"async\" src=\"https:\/\/nauticparc.com\/wp-content\/uploads\/2024\/04\/2_qualitat.png\" \/> Qualit\u00e4t und Professionalit\u00e4t<\/h4>\n<p>Die Aktivit\u00e4ten, die wir anbieten, werden alle von erfahrenen und zertifizierten Instruktoren und Fachleuten koordiniert und \u00fcberwacht, die gro\u00dfe Kenner des Meeres sind. Wir arbeiten mit Qualit\u00e4t und Exzellenz als Ziel.<\/p>\n<h4><img decoding=\"async\" src=\"https:\/\/nauticparc.com\/wp-content\/uploads\/2024\/04\/3_seguretat.png\" \/>Sicherheit<\/h4>\n<p>Unser Hauptziel ist es, dass die Kunden ein einzigartiges Erlebnis genie\u00dfen, und daher verf\u00fcgen alle Aktivit\u00e4ten \u00fcber die geltenden gesetzlichen Genehmigungen und werden gem\u00e4\u00df den aktuellsten und strengsten Sicherheitsvorschriften durchgef\u00fchrt.<\/p>\n<h4><img decoding=\"async\" src=\"https:\/\/nauticparc.com\/wp-content\/uploads\/2024\/04\/4_natura.png\" \/>Umwelt und Nachhaltigkeit<\/h4>\n<p>Wir arbeiten mit dem Ziel, unsere Kunden zu zufriedenstellen und ihnen das Meer n\u00e4herzubringen. Dabei tun wir dies aus der Perspektive des Respekts und des Schutzes des Meeres, seiner \u00d6kosysteme und seiner reichen Biodiversit\u00e4t von Flora und Fauna.<\/p>\n<p>&nbsp;<\/p>\n<figure><img decoding=\"async\" src=\"https:\/\/nauticparc.com\/wp-content\/uploads\/2024\/03\/logo-renfe-170x100-1.png\" alt=\"RENFE - Tren oficial\" \/><\/figure>\n<p>&nbsp;<\/p>\n<figure><img decoding=\"async\" src=\"https:\/\/nauticparc.com\/wp-content\/uploads\/2024\/03\/cambrils-turisme-logo_ci_encd.jpg\" alt=\"Cambrils Turismo\" \/><\/figure>\n<p>&nbsp;<\/p>\n<figure><img decoding=\"async\" src=\"https:\/\/nauticparc.com\/wp-content\/uploads\/2024\/03\/montroig-miami-turisme-ci_encd.jpg\" alt=\"Mont-roig Miami Turismo\" \/><\/figure>\n<p>&nbsp;<\/p>\n<figure><img decoding=\"async\" src=\"https:\/\/nauticparc.com\/wp-content\/uploads\/2024\/03\/turisme-hospitalet-de-linfant-i-la-vall-de-llors-logo_ci_encd-ok.jpg\" alt=\"Turismo de l'Hospitalet de l'Infant i la Vall de Llors\" \/><\/figure>\n<p>&nbsp;<\/p>\n<figure><img decoding=\"async\" src=\"https:\/\/nauticparc.com\/wp-content\/uploads\/2024\/03\/ametlla-de-mar-logo_ci_encd.jpg\" alt=\"L'Ametlla de Mar Turismo\" \/><\/figure>\n<p>&nbsp;<\/p>\n<figure><img decoding=\"async\" src=\"https:\/\/nauticparc.com\/wp-content\/uploads\/2024\/03\/lampolla-ci_encd-1.jpg\" alt=\"L'Ampolla Turismo\" \/><\/figure>\n<p>&nbsp;<\/p>\n<figure><img decoding=\"async\" src=\"https:\/\/nauticparc.com\/wp-content\/uploads\/2024\/03\/deltebre-atraccio-natural-logo_ci_encd.jpg\" alt=\"Deltebre, atracci\u00f3n natural\" \/><\/figure>\n<p>&nbsp;<\/p>\n<figure><img decoding=\"async\" src=\"https:\/\/nauticparc.com\/wp-content\/uploads\/2024\/03\/costa_daurada-logo_ci_encd.jpg\" alt=\"Costa Daurada\" \/><\/figure>\n<p>&nbsp;<\/p>\n<figure><img decoding=\"async\" src=\"https:\/\/nauticparc.com\/wp-content\/uploads\/2024\/03\/terres-de-l-ebre.jpg\" alt=\"Xarxa Ebre Biosfera\" \/><\/figure>\n<p>&nbsp;<\/p>\n<figure><img decoding=\"async\" src=\"https:\/\/nauticparc.com\/wp-content\/uploads\/2024\/03\/agencia-catalana-turisme-logo_ci_encd.jpg\" alt=\"Catalunya\" \/><\/figure>\n<p>&nbsp;<\/p>\n<figure><img decoding=\"async\" src=\"https:\/\/nauticparc.com\/wp-content\/uploads\/2024\/03\/ccb-logo-ci_encd.jpg\" alt=\"Catalunya Convention Bureau\" \/><\/figure>\n<p>&nbsp;<\/p>\n<figure><img decoding=\"async\" src=\"https:\/\/nauticparc.com\/wp-content\/uploads\/2024\/03\/FEHT-Tarragona-logo_ci_encd.jpg\" alt=\"FEHT Turismo\" \/><\/figure>\n<p>&nbsp;<\/p>\n<figure><img decoding=\"async\" src=\"https:\/\/nauticparc.com\/wp-content\/uploads\/2025\/05\/LOGOTIP-ASS-HOTELERA-horizontal-ind-Pedro.png\" alt=\"LOGOTIP ASS HOTELERA horizontal ind (Pedro)\" \/><\/figure>\n<p>&nbsp;<\/p>\n<h2>Aktualit\u00e4t<\/h2>\n<h3>LESEN SIE DIE LETZTEN BEITR\u00c4GE AUF UNSEREM BLOG<\/h3>\n<article id=\"post-15771\"><img alt=\"\" width=\"381\" height=\"240\" data-src=\"https:\/\/nauticparc.com\/wp-content\/uploads\/2024\/04\/aguas-cristalinas-flora-fauna-nauticparc-blog-1-381x240.jpg\" data-lazy=\"https:\/\/nauticparc.com\/wp-content\/uploads\/2024\/04\/aguas-cristalinas-flora-fauna-nauticparc-blog-1-381x240.jpg\" \/><\/p>\n<h2><a href=\"https:\/\/nauticparc.com\/de\/kristallklares-wasser-flora-fauna-wir-laden-sie-ein-unseren-meeresboden-zu-entdecken\/\" rel=\"bookmark\">Kristallklares Wasser, Flora, Fauna: Wir laden Sie ein, unseren Meeresboden zu entdecken<\/a><\/h2>\n<p>Hintergr\u00fcnde mit einer gro\u00dfen Vielfalt an einheimischer Flora und Fauna&#8230; Stille, Schwerelosigkeit, Ruhe, Entspannung&#8230;<\/p>\n<\/article>\n<article id=\"post-15756\"><img alt=\"\" width=\"381\" height=\"240\" data-src=\"https:\/\/nauticparc.com\/wp-content\/uploads\/2024\/04\/terrazas-sobre-mar-estacio-nautica-blog-3-381x240.jpg\" data-lazy=\"https:\/\/nauticparc.com\/wp-content\/uploads\/2024\/04\/terrazas-sobre-mar-estacio-nautica-blog-3-381x240.jpg\" \/><\/p>\n<h2><a href=\"https:\/\/nauticparc.com\/de\/moechten-sie-die-besten-terrassen-und-aussichtspunkte-ueber-dem-meer-entdecken\/\" rel=\"bookmark\">M\u00f6chten Sie die besten Terrassen und Aussichtspunkte \u00fcber dem Meer entdecken?<\/a><\/h2>\n<p>Das Segeln entlang der K\u00fcste des Golf de Sant Jordi ist immer ein Vergn\u00fcgen. Dies auf einem der gro\u00dfen Boote von N\u00e0utic Parc zu tun, ist gleichbedeutend damit, das Meer intensiv zu genie\u00dfen und zu erleben. Gro\u00dfe Katamarane, touristische &#8230;<\/p>\n<\/article>\n<article id=\"post-16657\"><img alt=\"\" width=\"381\" height=\"240\" data-src=\"https:\/\/nauticparc.com\/wp-content\/uploads\/2024\/04\/puesta-de-sol-cava-y-velero-nauticparc-blog-2-381x240.jpg\" data-lazy=\"https:\/\/nauticparc.com\/wp-content\/uploads\/2024\/04\/puesta-de-sol-cava-y-velero-nauticparc-blog-2-381x240.jpg\" \/><\/p>\n<h2><a href=\"https:\/\/nauticparc.com\/de\/sonnenuntergang-cava-und-ein-segelboot\/\" rel=\"bookmark\">Sonnenuntergang, Cava und ein Segelboot\u2026.<\/a><\/h2>\n<p>Ein Segelboot, von dem aus man einen Sonnenuntergang betrachten und graben kann, um den Moment zu begleiten.<\/p>\n<\/article>\n<p><a href=\"https:\/\/nauticparc.com\/de\/blog\/\">Alle aktuellen nachrichten ansehen<\/a><\/p>\n","protected":false},"excerpt":{"rendered":"<p>WIRST DU ES VERPASSEN? Spa\u00df und Abenteuer garantiert f\u00fcr die ganze Familie. Actividades Todas las localidadesCambrilsSalouMont-roig \/ Miami PlatjaVandell\u00f2s \/ l&#8217;Hospitalet de l&#8217;InfantL&#8217;Ametlla de MarL&#8217;AmpollaDeltebre \/ Riumar Todas las categor\u00edasAKTIVIT\u00c4TEN-BESUCH DER MUSCHELZUCHT IM DELTA-BOOTSAUSFL\u00dcGE&#8211;BOOT AUF DEM EBRO&#8211;EXCLUSIVE BOOTE&#8211;GROSSER SGELKATAMARAN&#8211;SNELLBOOT&#8211;TOURISTENKREUZFAHRTEN-BOOTVERLEIH&#8211;BOOTE AUF DEM EBRO-ERLEBNISSE AUSSERHALB DES WASSERS&#8211;4 X 4 TOUREN&#8211;ESCAPE ROOM&#8211;KULTURELLE BESICHTIGUNGEN&#8211;PAINTBALL-SEILRUTSCHEN&#8211;REITTOUREN&#8211;WANDERN&#8211;WEINTOURISMUS-JETSKI-PARASAILING-MEHR-SCHNORCHELN UND TAUCHEN&#8211;SCHNORCHELN&#8211;TAUCHEN-SPASS AM STRAND&#8211;BANANA&#8211;DONUT&#8211;KAJAK&#8211;PADDLE SURF&#8211;WASSERPARK&#8211;WATER [&hellip;]<\/p>\n","protected":false},"author":5,"featured_media":0,"parent":0,"menu_order":0,"comment_status":"closed","ping_status":"closed","template":"","meta":{"_acf_changed":false,"footnotes":""},"tipus_pagina":[],"class_list":["post-16413","page","type-page","status-publish","hentry"],"acf":[],"yoast_head":"<!-- This site is optimized with the Yoast SEO plugin v27.5 - https:\/\/yoast.com\/product\/yoast-seo-wordpress\/ -->\n<title>Anfang - N\u00e0utic Parc<\/title>\n<meta name=\"description\" content=\"Wassersportaktivit\u00e4ten in Salou, Cambrils, Mont-roig del Camp und Miami Platja, Vandell\u00f2s und l&#039;Hospitalet de l&#039;Infant, l&#039;Ametlla de Mar, l&#039;Ampolla und Deltebre-Riumar.\" \/>\n<meta name=\"robots\" content=\"index, follow, max-snippet:-1, max-image-preview:large, max-video-preview:-1\" \/>\n<link rel=\"canonical\" href=\"https:\/\/nauticparc.com\/de\/\" \/>\n<meta property=\"og:locale\" content=\"de_DE\" \/>\n<meta property=\"og:type\" content=\"article\" \/>\n<meta property=\"og:title\" content=\"Anfang - N\u00e0utic Parc\" \/>\n<meta property=\"og:description\" content=\"Wassersportaktivit\u00e4ten in Salou, Cambrils, Mont-roig del Camp und Miami Platja, Vandell\u00f2s und l&#039;Hospitalet de l&#039;Infant, l&#039;Ametlla de Mar, l&#039;Ampolla und Deltebre-Riumar.\" \/>\n<meta property=\"og:url\" content=\"https:\/\/nauticparc.com\/de\/\" \/>\n<meta property=\"og:site_name\" content=\"N\u00e0utic Parc\" \/>\n<meta property=\"article:publisher\" content=\"https:\/\/www.facebook.com\/nauticparc\" \/>\n<meta property=\"article:modified_time\" content=\"2026-04-27T14:38:02+00:00\" \/>\n<meta property=\"og:image\" content=\"https:\/\/nauticparc.com\/wp-content\/uploads\/2024\/04\/1_estacio_nautica.png\" \/>\n<meta name=\"twitter:card\" content=\"summary_large_image\" \/>\n<meta name=\"twitter:site\" content=\"@nauticparc\" \/>\n<meta name=\"twitter:label1\" content=\"Est. reading time\" \/>\n\t<meta name=\"twitter:data1\" content=\"12 minutes\" \/>\n<script type=\"application\/ld+json\" class=\"yoast-schema-graph\">{\"@context\":\"https:\\\/\\\/schema.org\",\"@graph\":[{\"@type\":\"WebPage\",\"@id\":\"https:\\\/\\\/nauticparc.com\\\/de\\\/\",\"url\":\"https:\\\/\\\/nauticparc.com\\\/de\\\/\",\"name\":\"Anfang - N\u00e0utic Parc\",\"isPartOf\":{\"@id\":\"https:\\\/\\\/nauticparc.com\\\/#website\"},\"primaryImageOfPage\":{\"@id\":\"https:\\\/\\\/nauticparc.com\\\/de\\\/#primaryimage\"},\"image\":{\"@id\":\"https:\\\/\\\/nauticparc.com\\\/de\\\/#primaryimage\"},\"thumbnailUrl\":\"https:\\\/\\\/nauticparc.com\\\/wp-content\\\/uploads\\\/2024\\\/04\\\/1_estacio_nautica.png\",\"datePublished\":\"2024-04-18T18:00:21+00:00\",\"dateModified\":\"2026-04-27T14:38:02+00:00\",\"description\":\"Wassersportaktivit\u00e4ten in Salou, Cambrils, Mont-roig del Camp und Miami Platja, Vandell\u00f2s und l'Hospitalet de l'Infant, l'Ametlla de Mar, l'Ampolla und Deltebre-Riumar.\",\"breadcrumb\":{\"@id\":\"https:\\\/\\\/nauticparc.com\\\/de\\\/#breadcrumb\"},\"inLanguage\":\"de-DE\",\"potentialAction\":[{\"@type\":\"ReadAction\",\"target\":[\"https:\\\/\\\/nauticparc.com\\\/de\\\/\"]}]},{\"@type\":\"ImageObject\",\"inLanguage\":\"de-DE\",\"@id\":\"https:\\\/\\\/nauticparc.com\\\/de\\\/#primaryimage\",\"url\":\"https:\\\/\\\/nauticparc.com\\\/wp-content\\\/uploads\\\/2024\\\/04\\\/1_estacio_nautica.png\",\"contentUrl\":\"https:\\\/\\\/nauticparc.com\\\/wp-content\\\/uploads\\\/2024\\\/04\\\/1_estacio_nautica.png\"},{\"@type\":\"BreadcrumbList\",\"@id\":\"https:\\\/\\\/nauticparc.com\\\/de\\\/#breadcrumb\",\"itemListElement\":[{\"@type\":\"ListItem\",\"position\":1,\"name\":\"Portada\",\"item\":\"https:\\\/\\\/nauticparc.com\\\/de\\\/\"},{\"@type\":\"ListItem\",\"position\":2,\"name\":\"Anfang\"}]},{\"@type\":\"WebSite\",\"@id\":\"https:\\\/\\\/nauticparc.com\\\/#website\",\"url\":\"https:\\\/\\\/nauticparc.com\\\/\",\"name\":\"N\u00e0utic Parc\",\"description\":\"Gaudeix d&#039;un centenar de km d&#039;oci al mar de la Costa Daurada i les Terres de l&#039;Ebre.\",\"publisher\":{\"@id\":\"https:\\\/\\\/nauticparc.com\\\/#organization\"},\"potentialAction\":[{\"@type\":\"SearchAction\",\"target\":{\"@type\":\"EntryPoint\",\"urlTemplate\":\"https:\\\/\\\/nauticparc.com\\\/?s={search_term_string}\"},\"query-input\":{\"@type\":\"PropertyValueSpecification\",\"valueRequired\":true,\"valueName\":\"search_term_string\"}}],\"inLanguage\":\"de-DE\"},{\"@type\":\"Organization\",\"@id\":\"https:\\\/\\\/nauticparc.com\\\/#organization\",\"name\":\"N\u00e0utic Parc\",\"url\":\"https:\\\/\\\/nauticparc.com\\\/\",\"logo\":{\"@type\":\"ImageObject\",\"inLanguage\":\"de-DE\",\"@id\":\"https:\\\/\\\/nauticparc.com\\\/#\\\/schema\\\/logo\\\/image\\\/\",\"url\":\"https:\\\/\\\/nauticparc.com\\\/wp-content\\\/uploads\\\/2024\\\/01\\\/cropped-nauticparc-logo-1.png\",\"contentUrl\":\"https:\\\/\\\/nauticparc.com\\\/wp-content\\\/uploads\\\/2024\\\/01\\\/cropped-nauticparc-logo-1.png\",\"width\":66,\"height\":56,\"caption\":\"N\u00e0utic Parc\"},\"image\":{\"@id\":\"https:\\\/\\\/nauticparc.com\\\/#\\\/schema\\\/logo\\\/image\\\/\"},\"sameAs\":[\"https:\\\/\\\/www.facebook.com\\\/nauticparc\",\"https:\\\/\\\/x.com\\\/nauticparc\",\"https:\\\/\\\/www.instagram.com\\\/nauticparc\\\/\"]}]}<\/script>\n<!-- \/ Yoast SEO plugin. -->","yoast_head_json":{"title":"Anfang - N\u00e0utic Parc","description":"Wassersportaktivit\u00e4ten in Salou, Cambrils, Mont-roig del Camp und Miami Platja, Vandell\u00f2s und l'Hospitalet de l'Infant, l'Ametlla de Mar, l'Ampolla und Deltebre-Riumar.","robots":{"index":"index","follow":"follow","max-snippet":"max-snippet:-1","max-image-preview":"max-image-preview:large","max-video-preview":"max-video-preview:-1"},"canonical":"https:\/\/nauticparc.com\/de\/","og_locale":"de_DE","og_type":"article","og_title":"Anfang - N\u00e0utic Parc","og_description":"Wassersportaktivit\u00e4ten in Salou, Cambrils, Mont-roig del Camp und Miami Platja, Vandell\u00f2s und l'Hospitalet de l'Infant, l'Ametlla de Mar, l'Ampolla und Deltebre-Riumar.","og_url":"https:\/\/nauticparc.com\/de\/","og_site_name":"N\u00e0utic Parc","article_publisher":"https:\/\/www.facebook.com\/nauticparc","article_modified_time":"2026-04-27T14:38:02+00:00","og_image":[{"url":"https:\/\/nauticparc.com\/wp-content\/uploads\/2024\/04\/1_estacio_nautica.png","type":"","width":"","height":""}],"twitter_card":"summary_large_image","twitter_site":"@nauticparc","twitter_misc":{"Est. reading time":"12 minutes"},"schema":{"@context":"https:\/\/schema.org","@graph":[{"@type":"WebPage","@id":"https:\/\/nauticparc.com\/de\/","url":"https:\/\/nauticparc.com\/de\/","name":"Anfang - N\u00e0utic Parc","isPartOf":{"@id":"https:\/\/nauticparc.com\/#website"},"primaryImageOfPage":{"@id":"https:\/\/nauticparc.com\/de\/#primaryimage"},"image":{"@id":"https:\/\/nauticparc.com\/de\/#primaryimage"},"thumbnailUrl":"https:\/\/nauticparc.com\/wp-content\/uploads\/2024\/04\/1_estacio_nautica.png","datePublished":"2024-04-18T18:00:21+00:00","dateModified":"2026-04-27T14:38:02+00:00","description":"Wassersportaktivit\u00e4ten in Salou, Cambrils, Mont-roig del Camp und Miami Platja, Vandell\u00f2s und l'Hospitalet de l'Infant, l'Ametlla de Mar, l'Ampolla und Deltebre-Riumar.","breadcrumb":{"@id":"https:\/\/nauticparc.com\/de\/#breadcrumb"},"inLanguage":"de-DE","potentialAction":[{"@type":"ReadAction","target":["https:\/\/nauticparc.com\/de\/"]}]},{"@type":"ImageObject","inLanguage":"de-DE","@id":"https:\/\/nauticparc.com\/de\/#primaryimage","url":"https:\/\/nauticparc.com\/wp-content\/uploads\/2024\/04\/1_estacio_nautica.png","contentUrl":"https:\/\/nauticparc.com\/wp-content\/uploads\/2024\/04\/1_estacio_nautica.png"},{"@type":"BreadcrumbList","@id":"https:\/\/nauticparc.com\/de\/#breadcrumb","itemListElement":[{"@type":"ListItem","position":1,"name":"Portada","item":"https:\/\/nauticparc.com\/de\/"},{"@type":"ListItem","position":2,"name":"Anfang"}]},{"@type":"WebSite","@id":"https:\/\/nauticparc.com\/#website","url":"https:\/\/nauticparc.com\/","name":"N\u00e0utic Parc","description":"Gaudeix d&#039;un centenar de km d&#039;oci al mar de la Costa Daurada i les Terres de l&#039;Ebre.","publisher":{"@id":"https:\/\/nauticparc.com\/#organization"},"potentialAction":[{"@type":"SearchAction","target":{"@type":"EntryPoint","urlTemplate":"https:\/\/nauticparc.com\/?s={search_term_string}"},"query-input":{"@type":"PropertyValueSpecification","valueRequired":true,"valueName":"search_term_string"}}],"inLanguage":"de-DE"},{"@type":"Organization","@id":"https:\/\/nauticparc.com\/#organization","name":"N\u00e0utic Parc","url":"https:\/\/nauticparc.com\/","logo":{"@type":"ImageObject","inLanguage":"de-DE","@id":"https:\/\/nauticparc.com\/#\/schema\/logo\/image\/","url":"https:\/\/nauticparc.com\/wp-content\/uploads\/2024\/01\/cropped-nauticparc-logo-1.png","contentUrl":"https:\/\/nauticparc.com\/wp-content\/uploads\/2024\/01\/cropped-nauticparc-logo-1.png","width":66,"height":56,"caption":"N\u00e0utic Parc"},"image":{"@id":"https:\/\/nauticparc.com\/#\/schema\/logo\/image\/"},"sameAs":["https:\/\/www.facebook.com\/nauticparc","https:\/\/x.com\/nauticparc","https:\/\/www.instagram.com\/nauticparc\/"]}]}},"_links":{"self":[{"href":"https:\/\/nauticparc.com\/de\/wp-json\/wp\/v2\/pages\/16413","targetHints":{"allow":["GET"]}}],"collection":[{"href":"https:\/\/nauticparc.com\/de\/wp-json\/wp\/v2\/pages"}],"about":[{"href":"https:\/\/nauticparc.com\/de\/wp-json\/wp\/v2\/types\/page"}],"author":[{"embeddable":true,"href":"https:\/\/nauticparc.com\/de\/wp-json\/wp\/v2\/users\/5"}],"replies":[{"embeddable":true,"href":"https:\/\/nauticparc.com\/de\/wp-json\/wp\/v2\/comments?post=16413"}],"version-history":[{"count":10,"href":"https:\/\/nauticparc.com\/de\/wp-json\/wp\/v2\/pages\/16413\/revisions"}],"predecessor-version":[{"id":26005,"href":"https:\/\/nauticparc.com\/de\/wp-json\/wp\/v2\/pages\/16413\/revisions\/26005"}],"wp:attachment":[{"href":"https:\/\/nauticparc.com\/de\/wp-json\/wp\/v2\/media?parent=16413"}],"wp:term":[{"taxonomy":"tipus_pagina","embeddable":true,"href":"https:\/\/nauticparc.com\/de\/wp-json\/wp\/v2\/tipus_pagina?post=16413"}],"curies":[{"name":"wp","href":"https:\/\/api.w.org\/{rel}","templated":true}]}}