{"id":16383,"date":"2024-04-18T20:00:21","date_gmt":"2024-04-18T18:00:21","guid":{"rendered":"https:\/\/nauticparc.com\/galerie\/"},"modified":"2024-05-10T14:51:01","modified_gmt":"2024-05-10T12:51:01","slug":"galerie","status":"publish","type":"page","link":"https:\/\/nauticparc.com\/de\/galerie\/","title":{"rendered":"Galerie"},"content":{"rendered":"<dl class='gallery-item'>\n<dt class='gallery-icon landscape'>\n\t\t\t\t<a data-elementor-open-lightbox=\"yes\" data-elementor-lightbox-slideshow=\"87b759c\" data-e-action-hash=\"#elementor-action%3Aaction%3Dlightbox%26settings%3DeyJpZCI6MTQwMjIsInVybCI6Imh0dHBzOlwvXC9uYXV0aWNwYXJjLmNvbVwvd3AtY29udGVudFwvdXBsb2Fkc1wvMjAyNFwvMDRcL25hdXRpY3BhcmMtbWVkaWF0ZWNhLTEucG5nIiwic2xpZGVzaG93IjoiODdiNzU5YyJ9\" href='https:\/\/nauticparc.com\/wp-content\/uploads\/2024\/04\/nauticparc-mediateca-1.png'><img width=\"1733\" height=\"1297\" alt=\"\" decoding=\"async\" data-src=\"https:\/\/nauticparc.com\/wp-content\/uploads\/2024\/04\/nauticparc-mediateca-1.png\" data-lazy=\"https:\/\/nauticparc.com\/wp-content\/uploads\/2024\/04\/nauticparc-mediateca-1.png\" \/><\/a>\n\t\t\t<\/dt>\n<\/dl>\n<dl class='gallery-item'>\n<dt class='gallery-icon landscape'>\n\t\t\t\t<a data-elementor-open-lightbox=\"yes\" data-elementor-lightbox-slideshow=\"87b759c\" data-e-action-hash=\"#elementor-action%3Aaction%3Dlightbox%26settings%3DeyJpZCI6MTQwMjcsInVybCI6Imh0dHBzOlwvXC9uYXV0aWNwYXJjLmNvbVwvd3AtY29udGVudFwvdXBsb2Fkc1wvMjAyNFwvMDRcL25hdXRpY3BhcmMtbWVkaWF0ZWNhLTIucG5nIiwic2xpZGVzaG93IjoiODdiNzU5YyJ9\" href='https:\/\/nauticparc.com\/wp-content\/uploads\/2024\/04\/nauticparc-mediateca-2.png'><img width=\"1733\" height=\"1300\" alt=\"\" decoding=\"async\" data-src=\"https:\/\/nauticparc.com\/wp-content\/uploads\/2024\/04\/nauticparc-mediateca-2.png\" data-lazy=\"https:\/\/nauticparc.com\/wp-content\/uploads\/2024\/04\/nauticparc-mediateca-2.png\" \/><\/a>\n\t\t\t<\/dt>\n<\/dl>\n<dl class='gallery-item'>\n<dt class='gallery-icon landscape'>\n\t\t\t\t<a data-elementor-open-lightbox=\"yes\" data-elementor-lightbox-slideshow=\"87b759c\" data-e-action-hash=\"#elementor-action%3Aaction%3Dlightbox%26settings%3DeyJpZCI6MTQwMzIsInVybCI6Imh0dHBzOlwvXC9uYXV0aWNwYXJjLmNvbVwvd3AtY29udGVudFwvdXBsb2Fkc1wvMjAyNFwvMDRcL25hdXRpY3BhcmMtbWVkaWF0ZWNhLTMucG5nIiwic2xpZGVzaG93IjoiODdiNzU5YyJ9\" href='https:\/\/nauticparc.com\/wp-content\/uploads\/2024\/04\/nauticparc-mediateca-3.png'><img width=\"1733\" height=\"1300\" alt=\"\" decoding=\"async\" data-src=\"https:\/\/nauticparc.com\/wp-content\/uploads\/2024\/04\/nauticparc-mediateca-3.png\" data-lazy=\"https:\/\/nauticparc.com\/wp-content\/uploads\/2024\/04\/nauticparc-mediateca-3.png\" \/><\/a>\n\t\t\t<\/dt>\n<\/dl>\n<dl class='gallery-item'>\n<dt class='gallery-icon landscape'>\n\t\t\t\t<a data-elementor-open-lightbox=\"yes\" data-elementor-lightbox-slideshow=\"87b759c\" data-e-action-hash=\"#elementor-action%3Aaction%3Dlightbox%26settings%3DeyJpZCI6MTQwMzcsInVybCI6Imh0dHBzOlwvXC9uYXV0aWNwYXJjLmNvbVwvd3AtY29udGVudFwvdXBsb2Fkc1wvMjAyNFwvMDRcL25hdXRpY3BhcmMtbWVkaWF0ZWNhLTQucG5nIiwic2xpZGVzaG93IjoiODdiNzU5YyJ9\" href='https:\/\/nauticparc.com\/wp-content\/uploads\/2024\/04\/nauticparc-mediateca-4.png'><img width=\"1733\" height=\"1300\" alt=\"\" decoding=\"async\" data-src=\"https:\/\/nauticparc.com\/wp-content\/uploads\/2024\/04\/nauticparc-mediateca-4.png\" data-lazy=\"https:\/\/nauticparc.com\/wp-content\/uploads\/2024\/04\/nauticparc-mediateca-4.png\" \/><\/a>\n\t\t\t<\/dt>\n<\/dl>\n<dl class='gallery-item'>\n<dt class='gallery-icon landscape'>\n\t\t\t\t<a data-elementor-open-lightbox=\"yes\" data-elementor-lightbox-slideshow=\"87b759c\" data-e-action-hash=\"#elementor-action%3Aaction%3Dlightbox%26settings%3DeyJpZCI6MTQwNDIsInVybCI6Imh0dHBzOlwvXC9uYXV0aWNwYXJjLmNvbVwvd3AtY29udGVudFwvdXBsb2Fkc1wvMjAyNFwvMDRcL25hdXRpY3BhcmMtbWVkaWF0ZWNhLTUucG5nIiwic2xpZGVzaG93IjoiODdiNzU5YyJ9\" href='https:\/\/nauticparc.com\/wp-content\/uploads\/2024\/04\/nauticparc-mediateca-5.png'><img width=\"1733\" height=\"1300\" alt=\"\" decoding=\"async\" data-src=\"https:\/\/nauticparc.com\/wp-content\/uploads\/2024\/04\/nauticparc-mediateca-5.png\" data-lazy=\"https:\/\/nauticparc.com\/wp-content\/uploads\/2024\/04\/nauticparc-mediateca-5.png\" \/><\/a>\n\t\t\t<\/dt>\n<\/dl>\n<dl class='gallery-item'>\n<dt class='gallery-icon landscape'>\n\t\t\t\t<a data-elementor-open-lightbox=\"yes\" data-elementor-lightbox-slideshow=\"87b759c\" data-e-action-hash=\"#elementor-action%3Aaction%3Dlightbox%26settings%3DeyJpZCI6MTQwNDcsInVybCI6Imh0dHBzOlwvXC9uYXV0aWNwYXJjLmNvbVwvd3AtY29udGVudFwvdXBsb2Fkc1wvMjAyNFwvMDRcL25hdXRpY3BhcmMtbWVkaWF0ZWNhLTYucG5nIiwic2xpZGVzaG93IjoiODdiNzU5YyJ9\" href='https:\/\/nauticparc.com\/wp-content\/uploads\/2024\/04\/nauticparc-mediateca-6.png'><img width=\"1733\" height=\"1295\" alt=\"\" decoding=\"async\" data-src=\"https:\/\/nauticparc.com\/wp-content\/uploads\/2024\/04\/nauticparc-mediateca-6.png\" data-lazy=\"https:\/\/nauticparc.com\/wp-content\/uploads\/2024\/04\/nauticparc-mediateca-6.png\" \/><\/a>\n\t\t\t<\/dt>\n<\/dl>\n<dl class='gallery-item'>\n<dt class='gallery-icon landscape'>\n\t\t\t\t<a data-elementor-open-lightbox=\"yes\" data-elementor-lightbox-slideshow=\"87b759c\" data-e-action-hash=\"#elementor-action%3Aaction%3Dlightbox%26settings%3DeyJpZCI6MTQwNTIsInVybCI6Imh0dHBzOlwvXC9uYXV0aWNwYXJjLmNvbVwvd3AtY29udGVudFwvdXBsb2Fkc1wvMjAyNFwvMDRcL25hdXRpY3BhcmMtbWVkaWF0ZWNhLTcucG5nIiwic2xpZGVzaG93IjoiODdiNzU5YyJ9\" href='https:\/\/nauticparc.com\/wp-content\/uploads\/2024\/04\/nauticparc-mediateca-7.png'><img width=\"1733\" height=\"1297\" alt=\"\" decoding=\"async\" data-src=\"https:\/\/nauticparc.com\/wp-content\/uploads\/2024\/04\/nauticparc-mediateca-7.png\" data-lazy=\"https:\/\/nauticparc.com\/wp-content\/uploads\/2024\/04\/nauticparc-mediateca-7.png\" \/><\/a>\n\t\t\t<\/dt>\n<\/dl>\n<dl class='gallery-item'>\n<dt class='gallery-icon landscape'>\n\t\t\t\t<a data-elementor-open-lightbox=\"yes\" data-elementor-lightbox-slideshow=\"87b759c\" data-e-action-hash=\"#elementor-action%3Aaction%3Dlightbox%26settings%3DeyJpZCI6MTQwNTcsInVybCI6Imh0dHBzOlwvXC9uYXV0aWNwYXJjLmNvbVwvd3AtY29udGVudFwvdXBsb2Fkc1wvMjAyNFwvMDRcL25hdXRpY3BhcmMtbWVkaWF0ZWNhLTgucG5nIiwic2xpZGVzaG93IjoiODdiNzU5YyJ9\" href='https:\/\/nauticparc.com\/wp-content\/uploads\/2024\/04\/nauticparc-mediateca-8.png'><img width=\"1733\" height=\"1300\" alt=\"\" decoding=\"async\" data-src=\"https:\/\/nauticparc.com\/wp-content\/uploads\/2024\/04\/nauticparc-mediateca-8.png\" data-lazy=\"https:\/\/nauticparc.com\/wp-content\/uploads\/2024\/04\/nauticparc-mediateca-8.png\" \/><\/a>\n\t\t\t<\/dt>\n<\/dl>\n<dl class='gallery-item'>\n<dt class='gallery-icon landscape'>\n\t\t\t\t<a data-elementor-open-lightbox=\"yes\" data-elementor-lightbox-slideshow=\"87b759c\" data-e-action-hash=\"#elementor-action%3Aaction%3Dlightbox%26settings%3DeyJpZCI6MTQwNjIsInVybCI6Imh0dHBzOlwvXC9uYXV0aWNwYXJjLmNvbVwvd3AtY29udGVudFwvdXBsb2Fkc1wvMjAyNFwvMDRcL25hdXRpY3BhcmMtbWVkaWF0ZWNhLTkucG5nIiwic2xpZGVzaG93IjoiODdiNzU5YyJ9\" href='https:\/\/nauticparc.com\/wp-content\/uploads\/2024\/04\/nauticparc-mediateca-9.png'><img width=\"1733\" height=\"1299\" alt=\"\" decoding=\"async\" data-src=\"https:\/\/nauticparc.com\/wp-content\/uploads\/2024\/04\/nauticparc-mediateca-9.png\" data-lazy=\"https:\/\/nauticparc.com\/wp-content\/uploads\/2024\/04\/nauticparc-mediateca-9.png\" \/><\/a>\n\t\t\t<\/dt>\n<\/dl>\n<dl class='gallery-item'>\n<dt class='gallery-icon landscape'>\n\t\t\t\t<a data-elementor-open-lightbox=\"yes\" data-elementor-lightbox-slideshow=\"87b759c\" data-e-action-hash=\"#elementor-action%3Aaction%3Dlightbox%26settings%3DeyJpZCI6MTQwNjcsInVybCI6Imh0dHBzOlwvXC9uYXV0aWNwYXJjLmNvbVwvd3AtY29udGVudFwvdXBsb2Fkc1wvMjAyNFwvMDRcL25hdXRpY3BhcmMtbWVkaWF0ZWNhLTEwLnBuZyIsInNsaWRlc2hvdyI6Ijg3Yjc1OWMifQ%3D%3D\" href='https:\/\/nauticparc.com\/wp-content\/uploads\/2024\/04\/nauticparc-mediateca-10.png'><img width=\"1733\" height=\"1300\" alt=\"\" decoding=\"async\" data-src=\"https:\/\/nauticparc.com\/wp-content\/uploads\/2024\/04\/nauticparc-mediateca-10.png\" data-lazy=\"https:\/\/nauticparc.com\/wp-content\/uploads\/2024\/04\/nauticparc-mediateca-10.png\" \/><\/a>\n\t\t\t<\/dt>\n<\/dl>\n<dl class='gallery-item'>\n<dt class='gallery-icon landscape'>\n\t\t\t\t<a data-elementor-open-lightbox=\"yes\" data-elementor-lightbox-slideshow=\"87b759c\" data-e-action-hash=\"#elementor-action%3Aaction%3Dlightbox%26settings%3DeyJpZCI6MTQwNzIsInVybCI6Imh0dHBzOlwvXC9uYXV0aWNwYXJjLmNvbVwvd3AtY29udGVudFwvdXBsb2Fkc1wvMjAyNFwvMDRcL25hdXRpY3BhcmMtbWVkaWF0ZWNhLTExLnBuZyIsInNsaWRlc2hvdyI6Ijg3Yjc1OWMifQ%3D%3D\" href='https:\/\/nauticparc.com\/wp-content\/uploads\/2024\/04\/nauticparc-mediateca-11.png'><img width=\"1733\" height=\"1300\" alt=\"\" decoding=\"async\" data-src=\"https:\/\/nauticparc.com\/wp-content\/uploads\/2024\/04\/nauticparc-mediateca-11.png\" data-lazy=\"https:\/\/nauticparc.com\/wp-content\/uploads\/2024\/04\/nauticparc-mediateca-11.png\" \/><\/a>\n\t\t\t<\/dt>\n<\/dl>\n<dl class='gallery-item'>\n<dt class='gallery-icon landscape'>\n\t\t\t\t<a data-elementor-open-lightbox=\"yes\" data-elementor-lightbox-slideshow=\"87b759c\" data-e-action-hash=\"#elementor-action%3Aaction%3Dlightbox%26settings%3DeyJpZCI6MTQwNzcsInVybCI6Imh0dHBzOlwvXC9uYXV0aWNwYXJjLmNvbVwvd3AtY29udGVudFwvdXBsb2Fkc1wvMjAyNFwvMDRcL25hdXRpY3BhcmMtbWVkaWF0ZWNhLTEyLnBuZyIsInNsaWRlc2hvdyI6Ijg3Yjc1OWMifQ%3D%3D\" href='https:\/\/nauticparc.com\/wp-content\/uploads\/2024\/04\/nauticparc-mediateca-12.png'><img width=\"1733\" height=\"1300\" alt=\"\" decoding=\"async\" data-src=\"https:\/\/nauticparc.com\/wp-content\/uploads\/2024\/04\/nauticparc-mediateca-12.png\" data-lazy=\"https:\/\/nauticparc.com\/wp-content\/uploads\/2024\/04\/nauticparc-mediateca-12.png\" \/><\/a>\n\t\t\t<\/dt>\n<\/dl>\n<dl class='gallery-item'>\n<dt class='gallery-icon landscape'>\n\t\t\t\t<a data-elementor-open-lightbox=\"yes\" data-elementor-lightbox-slideshow=\"87b759c\" data-e-action-hash=\"#elementor-action%3Aaction%3Dlightbox%26settings%3DeyJpZCI6MTQwODIsInVybCI6Imh0dHBzOlwvXC9uYXV0aWNwYXJjLmNvbVwvd3AtY29udGVudFwvdXBsb2Fkc1wvMjAyNFwvMDRcL25hdXRpY3BhcmMtbWVkaWF0ZWNhLTEzLnBuZyIsInNsaWRlc2hvdyI6Ijg3Yjc1OWMifQ%3D%3D\" href='https:\/\/nauticparc.com\/wp-content\/uploads\/2024\/04\/nauticparc-mediateca-13.png'><img width=\"1733\" height=\"1300\" alt=\"\" decoding=\"async\" data-src=\"https:\/\/nauticparc.com\/wp-content\/uploads\/2024\/04\/nauticparc-mediateca-13.png\" data-lazy=\"https:\/\/nauticparc.com\/wp-content\/uploads\/2024\/04\/nauticparc-mediateca-13.png\" \/><\/a>\n\t\t\t<\/dt>\n<\/dl>\n<dl class='gallery-item'>\n<dt class='gallery-icon landscape'>\n\t\t\t\t<a data-elementor-open-lightbox=\"yes\" data-elementor-lightbox-slideshow=\"87b759c\" data-e-action-hash=\"#elementor-action%3Aaction%3Dlightbox%26settings%3DeyJpZCI6MTQwODcsInVybCI6Imh0dHBzOlwvXC9uYXV0aWNwYXJjLmNvbVwvd3AtY29udGVudFwvdXBsb2Fkc1wvMjAyNFwvMDRcL25hdXRpY3BhcmMtbWVkaWF0ZWNhLTE0LnBuZyIsInNsaWRlc2hvdyI6Ijg3Yjc1OWMifQ%3D%3D\" href='https:\/\/nauticparc.com\/wp-content\/uploads\/2024\/04\/nauticparc-mediateca-14.png'><img width=\"1733\" height=\"1300\" alt=\"\" decoding=\"async\" data-src=\"https:\/\/nauticparc.com\/wp-content\/uploads\/2024\/04\/nauticparc-mediateca-14.png\" data-lazy=\"https:\/\/nauticparc.com\/wp-content\/uploads\/2024\/04\/nauticparc-mediateca-14.png\" \/><\/a>\n\t\t\t<\/dt>\n<\/dl>\n<dl class='gallery-item'>\n<dt class='gallery-icon landscape'>\n\t\t\t\t<a data-elementor-open-lightbox=\"yes\" data-elementor-lightbox-slideshow=\"87b759c\" data-e-action-hash=\"#elementor-action%3Aaction%3Dlightbox%26settings%3DeyJpZCI6MTQwOTIsInVybCI6Imh0dHBzOlwvXC9uYXV0aWNwYXJjLmNvbVwvd3AtY29udGVudFwvdXBsb2Fkc1wvMjAyNFwvMDRcL25hdXRpY3BhcmMtbWVkaWF0ZWNhLTE1LnBuZyIsInNsaWRlc2hvdyI6Ijg3Yjc1OWMifQ%3D%3D\" href='https:\/\/nauticparc.com\/wp-content\/uploads\/2024\/04\/nauticparc-mediateca-15.png'><img width=\"1733\" height=\"1300\" alt=\"\" decoding=\"async\" data-src=\"https:\/\/nauticparc.com\/wp-content\/uploads\/2024\/04\/nauticparc-mediateca-15.png\" data-lazy=\"https:\/\/nauticparc.com\/wp-content\/uploads\/2024\/04\/nauticparc-mediateca-15.png\" \/><\/a>\n\t\t\t<\/dt>\n<\/dl>\n<dl class='gallery-item'>\n<dt class='gallery-icon landscape'>\n\t\t\t\t<a data-elementor-open-lightbox=\"yes\" data-elementor-lightbox-slideshow=\"87b759c\" data-e-action-hash=\"#elementor-action%3Aaction%3Dlightbox%26settings%3DeyJpZCI6MTQwOTcsInVybCI6Imh0dHBzOlwvXC9uYXV0aWNwYXJjLmNvbVwvd3AtY29udGVudFwvdXBsb2Fkc1wvMjAyNFwvMDRcL25hdXRpY3BhcmMtbWVkaWF0ZWNhLTE2LnBuZyIsInNsaWRlc2hvdyI6Ijg3Yjc1OWMifQ%3D%3D\" href='https:\/\/nauticparc.com\/wp-content\/uploads\/2024\/04\/nauticparc-mediateca-16.png'><img width=\"1733\" height=\"1300\" alt=\"\" decoding=\"async\" data-src=\"https:\/\/nauticparc.com\/wp-content\/uploads\/2024\/04\/nauticparc-mediateca-16.png\" data-lazy=\"https:\/\/nauticparc.com\/wp-content\/uploads\/2024\/04\/nauticparc-mediateca-16.png\" \/><\/a>\n\t\t\t<\/dt>\n<\/dl>\n<dl class='gallery-item'>\n<dt class='gallery-icon landscape'>\n\t\t\t\t<a data-elementor-open-lightbox=\"yes\" data-elementor-lightbox-slideshow=\"87b759c\" data-e-action-hash=\"#elementor-action%3Aaction%3Dlightbox%26settings%3DeyJpZCI6MTQxMDIsInVybCI6Imh0dHBzOlwvXC9uYXV0aWNwYXJjLmNvbVwvd3AtY29udGVudFwvdXBsb2Fkc1wvMjAyNFwvMDRcL25hdXRpY3BhcmMtbWVkaWF0ZWNhLTE3LnBuZyIsInNsaWRlc2hvdyI6Ijg3Yjc1OWMifQ%3D%3D\" href='https:\/\/nauticparc.com\/wp-content\/uploads\/2024\/04\/nauticparc-mediateca-17.png'><img width=\"1733\" height=\"1300\" alt=\"\" decoding=\"async\" data-src=\"https:\/\/nauticparc.com\/wp-content\/uploads\/2024\/04\/nauticparc-mediateca-17.png\" data-lazy=\"https:\/\/nauticparc.com\/wp-content\/uploads\/2024\/04\/nauticparc-mediateca-17.png\" \/><\/a>\n\t\t\t<\/dt>\n<\/dl>\n<dl class='gallery-item'>\n<dt class='gallery-icon landscape'>\n\t\t\t\t<a data-elementor-open-lightbox=\"yes\" data-elementor-lightbox-slideshow=\"87b759c\" data-e-action-hash=\"#elementor-action%3Aaction%3Dlightbox%26settings%3DeyJpZCI6MTQxMDcsInVybCI6Imh0dHBzOlwvXC9uYXV0aWNwYXJjLmNvbVwvd3AtY29udGVudFwvdXBsb2Fkc1wvMjAyNFwvMDRcL25hdXRpY3BhcmMtbWVkaWF0ZWNhLTE4LnBuZyIsInNsaWRlc2hvdyI6Ijg3Yjc1OWMifQ%3D%3D\" href='https:\/\/nauticparc.com\/wp-content\/uploads\/2024\/04\/nauticparc-mediateca-18.png'><img width=\"1733\" height=\"1300\" alt=\"\" decoding=\"async\" data-src=\"https:\/\/nauticparc.com\/wp-content\/uploads\/2024\/04\/nauticparc-mediateca-18.png\" data-lazy=\"https:\/\/nauticparc.com\/wp-content\/uploads\/2024\/04\/nauticparc-mediateca-18.png\" \/><\/a>\n\t\t\t<\/dt>\n<\/dl>\n<dl class='gallery-item'>\n<dt class='gallery-icon landscape'>\n\t\t\t\t<a data-elementor-open-lightbox=\"yes\" data-elementor-lightbox-slideshow=\"87b759c\" data-e-action-hash=\"#elementor-action%3Aaction%3Dlightbox%26settings%3DeyJpZCI6MTQxMTQsInVybCI6Imh0dHBzOlwvXC9uYXV0aWNwYXJjLmNvbVwvd3AtY29udGVudFwvdXBsb2Fkc1wvMjAyNFwvMDRcL25hdXRpY3BhcmMtbWVkaWF0ZWNhLTE5LTEucG5nIiwic2xpZGVzaG93IjoiODdiNzU5YyJ9\" href='https:\/\/nauticparc.com\/wp-content\/uploads\/2024\/04\/nauticparc-mediateca-19-1.png'><img width=\"1733\" height=\"1300\" alt=\"\" decoding=\"async\" data-src=\"https:\/\/nauticparc.com\/wp-content\/uploads\/2024\/04\/nauticparc-mediateca-19-1.png\" data-lazy=\"https:\/\/nauticparc.com\/wp-content\/uploads\/2024\/04\/nauticparc-mediateca-19-1.png\" \/><\/a>\n\t\t\t<\/dt>\n<\/dl>\n<dl class='gallery-item'>\n<dt class='gallery-icon landscape'>\n\t\t\t\t<a data-elementor-open-lightbox=\"yes\" data-elementor-lightbox-slideshow=\"87b759c\" data-e-action-hash=\"#elementor-action%3Aaction%3Dlightbox%26settings%3DeyJpZCI6MTQxMTksInVybCI6Imh0dHBzOlwvXC9uYXV0aWNwYXJjLmNvbVwvd3AtY29udGVudFwvdXBsb2Fkc1wvMjAyNFwvMDRcL25hdXRpY3BhcmMtbWVkaWF0ZWNhLTIwLnBuZyIsInNsaWRlc2hvdyI6Ijg3Yjc1OWMifQ%3D%3D\" href='https:\/\/nauticparc.com\/wp-content\/uploads\/2024\/04\/nauticparc-mediateca-20.png'><img width=\"1733\" height=\"1300\" alt=\"\" decoding=\"async\" data-src=\"https:\/\/nauticparc.com\/wp-content\/uploads\/2024\/04\/nauticparc-mediateca-20.png\" data-lazy=\"https:\/\/nauticparc.com\/wp-content\/uploads\/2024\/04\/nauticparc-mediateca-20.png\" \/><\/a>\n\t\t\t<\/dt>\n<\/dl>\n<h2>VIDEO-GALERIE<\/h2>\n<p>                <img width=\"1920\" height=\"1200\" alt=\"\" decoding=\"async\" data-src=\"https:\/\/nauticparc.com\/wp-content\/uploads\/2024\/04\/tuna-tour-experience-encd-4.jpg\" data-lazy=\"https:\/\/nauticparc.com\/wp-content\/uploads\/2024\/04\/tuna-tour-experience-encd-4.jpg\" \/>                                    <a href=\"https:\/\/vimeo.com\/557957113\/0c77e6e90a\">SPOT TV3<\/a><br \/>\n                <img width=\"1920\" height=\"1200\" alt=\"\" decoding=\"async\" data-src=\"https:\/\/nauticparc.com\/wp-content\/uploads\/2024\/04\/XXL6.jpg\" data-lazy=\"https:\/\/nauticparc.com\/wp-content\/uploads\/2024\/04\/XXL6.jpg\" \/>                                    <a href=\"https:\/\/vimeo.com\/526471046\/820f567081\">STRANDAKTIVIT\u00c4TEN F\u00dcR GRUPPEN<\/a><br \/>\n                <img width=\"1920\" height=\"1200\" alt=\"\" decoding=\"async\" data-src=\"https:\/\/nauticparc.com\/wp-content\/uploads\/2024\/04\/cataventure-6.jpg\" data-lazy=\"https:\/\/nauticparc.com\/wp-content\/uploads\/2024\/04\/cataventure-6.jpg\" \/>                                    <a href=\"https:\/\/vimeo.com\/526471072\/dd29433bea\">VERANSTALTUNGEN AUF EINEM GROSSEN KATAMARAN<\/a><br \/>\n                <img width=\"1920\" height=\"1200\" alt=\"\" decoding=\"async\" data-src=\"https:\/\/nauticparc.com\/wp-content\/uploads\/2024\/03\/DIVINGWITHTUNAS-REDTUNADIVING-PLONGEE-EWITH-TUNAS-TUNA-DIVING.jpg\" data-lazy=\"https:\/\/nauticparc.com\/wp-content\/uploads\/2024\/03\/DIVINGWITHTUNAS-REDTUNADIVING-PLONGEE-EWITH-TUNAS-TUNA-DIVING.jpg\" \/>                                    <a href=\"https:\/\/vimeo.com\/526472019\/850d1de1d6\">VORSTELLUNG N\u00c0UTIC PARC<\/a><\/p>\n","protected":false},"excerpt":{"rendered":"<p>VIDEO-GALERIE SPOT TV3 STRANDAKTIVIT\u00c4TEN F\u00dcR GRUPPEN VERANSTALTUNGEN AUF EINEM GROSSEN KATAMARAN VORSTELLUNG N\u00c0UTIC PARC<\/p>\n","protected":false},"author":5,"featured_media":0,"parent":0,"menu_order":0,"comment_status":"closed","ping_status":"closed","template":"","meta":{"_acf_changed":false,"footnotes":""},"tipus_pagina":[],"class_list":["post-16383","page","type-page","status-publish","hentry"],"acf":[],"yoast_head":"<!-- This site is optimized with the Yoast SEO plugin v27.5 - https:\/\/yoast.com\/product\/yoast-seo-wordpress\/ -->\n<title>Galerie - N\u00e0utic Parc<\/title>\n<meta name=\"robots\" content=\"index, follow, max-snippet:-1, max-image-preview:large, max-video-preview:-1\" \/>\n<link rel=\"canonical\" href=\"https:\/\/nauticparc.com\/galeria\/\" \/>\n<meta property=\"og:locale\" content=\"de_DE\" \/>\n<meta property=\"og:type\" content=\"article\" \/>\n<meta property=\"og:title\" content=\"Galerie - N\u00e0utic Parc\" \/>\n<meta property=\"og:description\" content=\"VIDEO-GALERIE SPOT TV3 STRANDAKTIVIT\u00c4TEN F\u00dcR GRUPPEN VERANSTALTUNGEN AUF EINEM GROSSEN KATAMARAN VORSTELLUNG N\u00c0UTIC PARC\" \/>\n<meta property=\"og:url\" content=\"https:\/\/nauticparc.com\/galeria\/\" \/>\n<meta property=\"og:site_name\" content=\"N\u00e0utic Parc\" \/>\n<meta property=\"article:publisher\" content=\"https:\/\/www.facebook.com\/nauticparc\" \/>\n<meta property=\"article:modified_time\" content=\"2024-05-10T12:51:01+00:00\" \/>\n<meta property=\"og:image\" content=\"https:\/\/nauticparc.com\/wp-content\/uploads\/2024\/04\/nauticparc-mediateca-1.png\" \/>\n<meta name=\"twitter:card\" content=\"summary_large_image\" \/>\n<meta name=\"twitter:site\" content=\"@nauticparc\" \/>\n<meta name=\"twitter:label1\" content=\"Est. reading time\" \/>\n\t<meta name=\"twitter:data1\" content=\"5 minutes\" \/>\n<script type=\"application\/ld+json\" class=\"yoast-schema-graph\">{\"@context\":\"https:\\\/\\\/schema.org\",\"@graph\":[{\"@type\":\"WebPage\",\"@id\":\"https:\\\/\\\/nauticparc.com\\\/galeria\\\/\",\"url\":\"https:\\\/\\\/nauticparc.com\\\/galeria\\\/\",\"name\":\"Galerie - N\u00e0utic Parc\",\"isPartOf\":{\"@id\":\"https:\\\/\\\/nauticparc.com\\\/#website\"},\"primaryImageOfPage\":{\"@id\":\"https:\\\/\\\/nauticparc.com\\\/galeria\\\/#primaryimage\"},\"image\":{\"@id\":\"https:\\\/\\\/nauticparc.com\\\/galeria\\\/#primaryimage\"},\"thumbnailUrl\":\"https:\\\/\\\/nauticparc.com\\\/wp-content\\\/uploads\\\/2024\\\/04\\\/nauticparc-mediateca-1.png\",\"datePublished\":\"2024-04-18T18:00:21+00:00\",\"dateModified\":\"2024-05-10T12:51:01+00:00\",\"breadcrumb\":{\"@id\":\"https:\\\/\\\/nauticparc.com\\\/galeria\\\/#breadcrumb\"},\"inLanguage\":\"de-DE\",\"potentialAction\":[{\"@type\":\"ReadAction\",\"target\":[\"https:\\\/\\\/nauticparc.com\\\/galeria\\\/\"]}]},{\"@type\":\"ImageObject\",\"inLanguage\":\"de-DE\",\"@id\":\"https:\\\/\\\/nauticparc.com\\\/galeria\\\/#primaryimage\",\"url\":\"https:\\\/\\\/nauticparc.com\\\/wp-content\\\/uploads\\\/2024\\\/04\\\/nauticparc-mediateca-1.png\",\"contentUrl\":\"https:\\\/\\\/nauticparc.com\\\/wp-content\\\/uploads\\\/2024\\\/04\\\/nauticparc-mediateca-1.png\"},{\"@type\":\"BreadcrumbList\",\"@id\":\"https:\\\/\\\/nauticparc.com\\\/galeria\\\/#breadcrumb\",\"itemListElement\":[{\"@type\":\"ListItem\",\"position\":1,\"name\":\"Portada\",\"item\":\"https:\\\/\\\/nauticparc.com\\\/de\\\/\"},{\"@type\":\"ListItem\",\"position\":2,\"name\":\"Galerie\"}]},{\"@type\":\"WebSite\",\"@id\":\"https:\\\/\\\/nauticparc.com\\\/#website\",\"url\":\"https:\\\/\\\/nauticparc.com\\\/\",\"name\":\"N\u00e0utic Parc\",\"description\":\"Gaudeix d&#039;un centenar de km d&#039;oci al mar de la Costa Daurada i les Terres de l&#039;Ebre.\",\"publisher\":{\"@id\":\"https:\\\/\\\/nauticparc.com\\\/#organization\"},\"potentialAction\":[{\"@type\":\"SearchAction\",\"target\":{\"@type\":\"EntryPoint\",\"urlTemplate\":\"https:\\\/\\\/nauticparc.com\\\/?s={search_term_string}\"},\"query-input\":{\"@type\":\"PropertyValueSpecification\",\"valueRequired\":true,\"valueName\":\"search_term_string\"}}],\"inLanguage\":\"de-DE\"},{\"@type\":\"Organization\",\"@id\":\"https:\\\/\\\/nauticparc.com\\\/#organization\",\"name\":\"N\u00e0utic Parc\",\"url\":\"https:\\\/\\\/nauticparc.com\\\/\",\"logo\":{\"@type\":\"ImageObject\",\"inLanguage\":\"de-DE\",\"@id\":\"https:\\\/\\\/nauticparc.com\\\/#\\\/schema\\\/logo\\\/image\\\/\",\"url\":\"https:\\\/\\\/nauticparc.com\\\/wp-content\\\/uploads\\\/2024\\\/01\\\/cropped-nauticparc-logo-1.png\",\"contentUrl\":\"https:\\\/\\\/nauticparc.com\\\/wp-content\\\/uploads\\\/2024\\\/01\\\/cropped-nauticparc-logo-1.png\",\"width\":66,\"height\":56,\"caption\":\"N\u00e0utic Parc\"},\"image\":{\"@id\":\"https:\\\/\\\/nauticparc.com\\\/#\\\/schema\\\/logo\\\/image\\\/\"},\"sameAs\":[\"https:\\\/\\\/www.facebook.com\\\/nauticparc\",\"https:\\\/\\\/x.com\\\/nauticparc\",\"https:\\\/\\\/www.instagram.com\\\/nauticparc\\\/\"]}]}<\/script>\n<!-- \/ Yoast SEO plugin. -->","yoast_head_json":{"title":"Galerie - N\u00e0utic Parc","robots":{"index":"index","follow":"follow","max-snippet":"max-snippet:-1","max-image-preview":"max-image-preview:large","max-video-preview":"max-video-preview:-1"},"canonical":"https:\/\/nauticparc.com\/galeria\/","og_locale":"de_DE","og_type":"article","og_title":"Galerie - N\u00e0utic Parc","og_description":"VIDEO-GALERIE SPOT TV3 STRANDAKTIVIT\u00c4TEN F\u00dcR GRUPPEN VERANSTALTUNGEN AUF EINEM GROSSEN KATAMARAN VORSTELLUNG N\u00c0UTIC PARC","og_url":"https:\/\/nauticparc.com\/galeria\/","og_site_name":"N\u00e0utic Parc","article_publisher":"https:\/\/www.facebook.com\/nauticparc","article_modified_time":"2024-05-10T12:51:01+00:00","og_image":[{"url":"https:\/\/nauticparc.com\/wp-content\/uploads\/2024\/04\/nauticparc-mediateca-1.png","type":"","width":"","height":""}],"twitter_card":"summary_large_image","twitter_site":"@nauticparc","twitter_misc":{"Est. reading time":"5 minutes"},"schema":{"@context":"https:\/\/schema.org","@graph":[{"@type":"WebPage","@id":"https:\/\/nauticparc.com\/galeria\/","url":"https:\/\/nauticparc.com\/galeria\/","name":"Galerie - N\u00e0utic Parc","isPartOf":{"@id":"https:\/\/nauticparc.com\/#website"},"primaryImageOfPage":{"@id":"https:\/\/nauticparc.com\/galeria\/#primaryimage"},"image":{"@id":"https:\/\/nauticparc.com\/galeria\/#primaryimage"},"thumbnailUrl":"https:\/\/nauticparc.com\/wp-content\/uploads\/2024\/04\/nauticparc-mediateca-1.png","datePublished":"2024-04-18T18:00:21+00:00","dateModified":"2024-05-10T12:51:01+00:00","breadcrumb":{"@id":"https:\/\/nauticparc.com\/galeria\/#breadcrumb"},"inLanguage":"de-DE","potentialAction":[{"@type":"ReadAction","target":["https:\/\/nauticparc.com\/galeria\/"]}]},{"@type":"ImageObject","inLanguage":"de-DE","@id":"https:\/\/nauticparc.com\/galeria\/#primaryimage","url":"https:\/\/nauticparc.com\/wp-content\/uploads\/2024\/04\/nauticparc-mediateca-1.png","contentUrl":"https:\/\/nauticparc.com\/wp-content\/uploads\/2024\/04\/nauticparc-mediateca-1.png"},{"@type":"BreadcrumbList","@id":"https:\/\/nauticparc.com\/galeria\/#breadcrumb","itemListElement":[{"@type":"ListItem","position":1,"name":"Portada","item":"https:\/\/nauticparc.com\/de\/"},{"@type":"ListItem","position":2,"name":"Galerie"}]},{"@type":"WebSite","@id":"https:\/\/nauticparc.com\/#website","url":"https:\/\/nauticparc.com\/","name":"N\u00e0utic Parc","description":"Gaudeix d&#039;un centenar de km d&#039;oci al mar de la Costa Daurada i les Terres de l&#039;Ebre.","publisher":{"@id":"https:\/\/nauticparc.com\/#organization"},"potentialAction":[{"@type":"SearchAction","target":{"@type":"EntryPoint","urlTemplate":"https:\/\/nauticparc.com\/?s={search_term_string}"},"query-input":{"@type":"PropertyValueSpecification","valueRequired":true,"valueName":"search_term_string"}}],"inLanguage":"de-DE"},{"@type":"Organization","@id":"https:\/\/nauticparc.com\/#organization","name":"N\u00e0utic Parc","url":"https:\/\/nauticparc.com\/","logo":{"@type":"ImageObject","inLanguage":"de-DE","@id":"https:\/\/nauticparc.com\/#\/schema\/logo\/image\/","url":"https:\/\/nauticparc.com\/wp-content\/uploads\/2024\/01\/cropped-nauticparc-logo-1.png","contentUrl":"https:\/\/nauticparc.com\/wp-content\/uploads\/2024\/01\/cropped-nauticparc-logo-1.png","width":66,"height":56,"caption":"N\u00e0utic Parc"},"image":{"@id":"https:\/\/nauticparc.com\/#\/schema\/logo\/image\/"},"sameAs":["https:\/\/www.facebook.com\/nauticparc","https:\/\/x.com\/nauticparc","https:\/\/www.instagram.com\/nauticparc\/"]}]}},"_links":{"self":[{"href":"https:\/\/nauticparc.com\/de\/wp-json\/wp\/v2\/pages\/16383","targetHints":{"allow":["GET"]}}],"collection":[{"href":"https:\/\/nauticparc.com\/de\/wp-json\/wp\/v2\/pages"}],"about":[{"href":"https:\/\/nauticparc.com\/de\/wp-json\/wp\/v2\/types\/page"}],"author":[{"embeddable":true,"href":"https:\/\/nauticparc.com\/de\/wp-json\/wp\/v2\/users\/5"}],"replies":[{"embeddable":true,"href":"https:\/\/nauticparc.com\/de\/wp-json\/wp\/v2\/comments?post=16383"}],"version-history":[{"count":0,"href":"https:\/\/nauticparc.com\/de\/wp-json\/wp\/v2\/pages\/16383\/revisions"}],"wp:attachment":[{"href":"https:\/\/nauticparc.com\/de\/wp-json\/wp\/v2\/media?parent=16383"}],"wp:term":[{"taxonomy":"tipus_pagina","embeddable":true,"href":"https:\/\/nauticparc.com\/de\/wp-json\/wp\/v2\/tipus_pagina?post=16383"}],"curies":[{"name":"wp","href":"https:\/\/api.w.org\/{rel}","templated":true}]}}