{"id":17246,"date":"2024-03-21T04:53:42","date_gmt":"2024-03-21T03:53:42","guid":{"rendered":"https:\/\/nauticparc.com\/transparencia\/"},"modified":"2026-04-29T18:57:58","modified_gmt":"2026-04-29T16:57:58","slug":"transparencia","status":"publish","type":"page","link":"https:\/\/nauticparc.com\/ca\/transparencia\/","title":{"rendered":"Transpar\u00e8ncia"},"content":{"rendered":"<h2>Transparencia<\/h2>\n<p><strong>En compliment de la Llei 19\/2014, de 29 de desembre, de transpar\u00e8ncia, acc\u00e9s a la informaci\u00f3 p\u00fablica i bon govern, en aquest apartat trobar\u00e0 tota la informaci\u00f3 sobre Estaci\u00f3 N\u00e0utica Costa Daurada per fer efectiu el principi de transpar\u00e8ncia i les obligacions en mat\u00e8ria de publicitat activa derivades d&#8217;aquesta llei.<\/strong><\/p>\n<p><strong>Aix\u00ed es fan p\u00fabliques les fonts de finan\u00e7ament de l&#8217; Associaci\u00f3 que s\u00f3n les seg\u00fcents:<\/strong><\/p>\n<\/p>\n<p>9 de novembre de 2016: Conveni entre el Patronat de Turisme de la Diputaci\u00f3 de Tarragona i l&#8217;Associaci\u00f3 per regular la concessi\u00f3 d&#8217;una subvenci\u00f3 per a la creaci\u00f3, promoci\u00f3 i comercialitzaci\u00f3 de productes per import de 20.000 \u20ac.<\/p>\n<p>20 d&#8217;octubre de 2017: Per acord del Consell Rector del Patronat de Turisme de la Diputaci\u00f3 de Tarragona es va concedir a Estaci\u00f3 N\u00e0utica Costa Daurada una subvenci\u00f3 per a la promoci\u00f3 i comercialitzaci\u00f3 de productes tur\u00edstics per un import de 20.000 \u20ac.<\/p>\n<p>Estaci\u00f3 N\u00e0utica Costa Daurada rep l&#8217;any 2017 una aportaci\u00f3 de 6.750 \u20ac mitjan\u00e7ant un Conveni Intermuncipal signat per cadascun dels seus municipis associats, per realitzar tasques de promoci\u00f3 de les poblacions com a destinaci\u00f3 especialitzada en turisme n\u00e0utic. Aquests municipis s\u00f3n Salou, Cambrils, Mont-roig del Camp, Vandell\u00f2s i l&#8217; Hospitalet i l&#8217; Ametlla de Mar.<\/p>\n<p>20 de juliol de 2018: Per acord del Consell Rector del Patronat de Turisme de la Diputaci\u00f3 de Tarragona es va concedir a Estaci\u00f3 N\u00e0utica Costa Daurada una subvenci\u00f3 de 20.000 \u20ac per a la promoci\u00f3 i comercialitzaci\u00f3 de productes tur\u00edstics relacionats amb el mar.<\/p>\n<p>Estaci\u00f3 N\u00e0utica Costa Daurada rep l&#8217;any 2018 una aportaci\u00f3 de 6.750 \u20ac mitjan\u00e7ant un Conveni Intermuncipal signat per cadascun dels seus municipis associats, per realitzar tasques de promoci\u00f3 d&#8217;aquestes poblacions com a destinaci\u00f3 especialitzada en turisme n\u00e0utic. Aquests municipis s\u00f3n Salou, Cambrils, Mont-roig del Camp, Vandell\u00f2s i l&#8217; Hospitalet, l&#8217; Ametlla de Mar, l&#8217; Ampolla i Deltebre.<\/p>\n<p>12 d&#8217;abril de 2019: Per acord del Consell Rector del Patronat de Turisme de la Diputaci\u00f3 de Tarragona es va concedir a Estaci\u00f3 N\u00e0utica Costa Daurada una subvenci\u00f3 de 20.000 \u20ac per a la promoci\u00f3 i comercialitzaci\u00f3 de productes tur\u00edstics relacionats amb el mar.<\/p>\n<p>Estaci\u00f3 N\u00e0utica Costa Daurada rep l&#8217;any 2019 una subvenci\u00f3 de 6.750 \u20ac mitjan\u00e7ant un Conveni Intermuncipal signat per cadascun dels seus municipis associats, per a realitzar tasques de promoci\u00f3 d&#8217;aquestes poblacions com a destinaci\u00f3 especialitzada en turisme n\u00e0utic. Aquests municipis s\u00f3n Salou, Cambrils, Mont-roig del Camp, Vandell\u00f2s i l&#8217; Hospitalet, l&#8217; Ametlla de Mar, l&#8217; Ampolla i Deltebre.<\/p>\n<p>2020: Per acord del Consell Rector del Patronat de Turisme de la Diputaci\u00f3 de Tarragona es va concedir a Estaci\u00f3 N\u00e0utica Costa Daurada una subvenci\u00f3 de 20.000 \u20ac per a la promoci\u00f3 i comercialitzaci\u00f3 de productes tur\u00edstics relacionats amb el mar.<\/p>\n<p>Estaci\u00f3 N\u00e0utica Costa Daurada rep l&#8217;any 2020 una subvenci\u00f3 de 8.000 \u20ac mitjan\u00e7ant un Conveni Intermuncipal signat per cadascun dels seus municipis associats, per a realitzar tasques de promoci\u00f3 d&#8217;aquestes poblacions com a destinaci\u00f3 especialitzada en turisme n\u00e0utic. Aquests municipis s\u00f3n Salou, Cambrils, Mont-roig del Camp, Vandell\u00f2s i l&#8217; Hospitalet, l&#8217; Ametlla de Mar, l&#8217; Ampolla i Deltebre.<\/p>\n<p>2021: Per acord del Consell Rector del Patronat de Turisme de la Diputaci\u00f3 de Tarragona es va concedir a Estaci\u00f3 N\u00e0utica Costa Daurada una subvenci\u00f3 de 20.000 \u20ac per a la promoci\u00f3 i comercialitzaci\u00f3 de productes tur\u00edstics relacionats amb el mar.<\/p>\n<p>Estaci\u00f3 N\u00e0utica Costa Daurada rep l&#8217;any 2021 una subvenci\u00f3 de 8.000 \u20ac mitjan\u00e7ant un Conveni Intermuncipal signat per cadascun dels seus municipis associats, per realitzar tasques de promoci\u00f3 d&#8217;aquestes poblacions com a destinaci\u00f3 especialitzada en turisme n\u00e0utic. Aquests municipis s\u00f3n Salou, Cambrils, Mont-roig del Camp, Vandell\u00f2s i l&#8217; Hospitalet, l&#8217; Ametlla de Mar, l&#8217; Ampolla i Deltebre.<\/p>\n<p>Totes les accions de promoci\u00f3 es realitzen sota la marca comercial N\u00e0utic Parc Costa Daurada i Terres de l&#8217;Ebre, creada l&#8217;any 2021.<\/p>\n<p>2022: Per acord del Consell Rector del Patronat de Turisme de la Diputaci\u00f3 de Tarragona es concedeix a Estaci\u00f3 N\u00e0utica Costa Daurada i Terres de l&#8217;Ebre una subvenci\u00f3 de 20.000 \u20ac per a la promoci\u00f3 i comercialitzaci\u00f3 de productes tur\u00edstics relacionats amb el mar.<\/p>\n<p>Estaci\u00f3 N\u00e0utica Costa Daurada i Terres de l&#8217;Ebre rep l&#8217;any 2022 una subvenci\u00f3 de 10.000 \u20ac mitjan\u00e7ant un Conveni Intermuncipal signat per cadascun dels seus municipis associats, per realitzar tasques de promoci\u00f3 d&#8217;aquestes poblacions com a destinaci\u00f3 especialitzada en turisme n\u00e0utic. Aquests municipis s\u00f3n Salou, Cambrils, Mont-roig del Camp, Vandell\u00f2s i l&#8217; Hospitalet, l&#8217; Ametlla de Mar, l&#8217; Ampolla i Deltebre.<\/p>\n<p>Totes les accions de promoci\u00f3 es realitzen sota la marca comercial N\u00e0utic Parc Costa Daurada i Terres de l&#8217;Ebre, creada l&#8217;any 2021.<\/p>\n","protected":false},"excerpt":{"rendered":"<p>Transparencia En compliment de la Llei 19\/2014, de 29 de desembre, de transpar\u00e8ncia, acc\u00e9s a la informaci\u00f3 p\u00fablica i bon govern, en aquest apartat trobar\u00e0 tota la informaci\u00f3 sobre Estaci\u00f3 N\u00e0utica Costa Daurada per fer efectiu el principi de transpar\u00e8ncia i les obligacions en mat\u00e8ria de publicitat activa derivades d&#8217;aquesta llei. Aix\u00ed es fan p\u00fabliques [&hellip;]<\/p>\n","protected":false},"author":5,"featured_media":0,"parent":0,"menu_order":0,"comment_status":"closed","ping_status":"closed","template":"","meta":{"_acf_changed":false,"footnotes":""},"tipus_pagina":[820],"class_list":["post-17246","page","type-page","status-publish","hentry","tipus_pagina-legal"],"acf":[],"yoast_head":"<!-- This site is optimized with the Yoast SEO plugin v27.5 - https:\/\/yoast.com\/product\/yoast-seo-wordpress\/ -->\n<title>Transpar\u00e8ncia - N\u00e0utic Parc<\/title>\n<meta name=\"robots\" content=\"index, follow, max-snippet:-1, max-image-preview:large, max-video-preview:-1\" \/>\n<link rel=\"canonical\" href=\"https:\/\/nauticparc.com\/ca\/transparencia\/\" \/>\n<meta property=\"og:locale\" content=\"ca_ES\" \/>\n<meta property=\"og:type\" content=\"article\" \/>\n<meta property=\"og:title\" content=\"Transpar\u00e8ncia - N\u00e0utic Parc\" \/>\n<meta property=\"og:description\" content=\"Transparencia En compliment de la Llei 19\/2014, de 29 de desembre, de transpar\u00e8ncia, acc\u00e9s a la informaci\u00f3 p\u00fablica i bon govern, en aquest apartat trobar\u00e0 tota la informaci\u00f3 sobre Estaci\u00f3 N\u00e0utica Costa Daurada per fer efectiu el principi de transpar\u00e8ncia i les obligacions en mat\u00e8ria de publicitat activa derivades d&#8217;aquesta llei. Aix\u00ed es fan p\u00fabliques [&hellip;]\" \/>\n<meta property=\"og:url\" content=\"https:\/\/nauticparc.com\/ca\/transparencia\/\" \/>\n<meta property=\"og:site_name\" content=\"N\u00e0utic Parc\" \/>\n<meta property=\"article:publisher\" content=\"https:\/\/www.facebook.com\/nauticparc\" \/>\n<meta property=\"article:modified_time\" content=\"2026-04-29T16:57:58+00:00\" \/>\n<meta property=\"og:image\" content=\"https:\/\/nauticparc.com\/wp-content\/uploads\/2024\/01\/nauticparc-logo-1.png\" \/>\n\t<meta property=\"og:image:width\" content=\"66\" \/>\n\t<meta property=\"og:image:height\" content=\"56\" \/>\n\t<meta property=\"og:image:type\" content=\"image\/png\" \/>\n<meta name=\"twitter:card\" content=\"summary_large_image\" \/>\n<meta name=\"twitter:site\" content=\"@nauticparc\" \/>\n<meta name=\"twitter:label1\" content=\"Est. reading time\" \/>\n\t<meta name=\"twitter:data1\" content=\"4 minutes\" \/>\n<script type=\"application\/ld+json\" class=\"yoast-schema-graph\">{\"@context\":\"https:\\\/\\\/schema.org\",\"@graph\":[{\"@type\":\"WebPage\",\"@id\":\"https:\\\/\\\/nauticparc.com\\\/ca\\\/transparencia\\\/\",\"url\":\"https:\\\/\\\/nauticparc.com\\\/ca\\\/transparencia\\\/\",\"name\":\"Transpar\u00e8ncia - N\u00e0utic Parc\",\"isPartOf\":{\"@id\":\"https:\\\/\\\/nauticparc.com\\\/#website\"},\"datePublished\":\"2024-03-21T03:53:42+00:00\",\"dateModified\":\"2026-04-29T16:57:58+00:00\",\"breadcrumb\":{\"@id\":\"https:\\\/\\\/nauticparc.com\\\/ca\\\/transparencia\\\/#breadcrumb\"},\"inLanguage\":\"ca\",\"potentialAction\":[{\"@type\":\"ReadAction\",\"target\":[\"https:\\\/\\\/nauticparc.com\\\/ca\\\/transparencia\\\/\"]}]},{\"@type\":\"BreadcrumbList\",\"@id\":\"https:\\\/\\\/nauticparc.com\\\/ca\\\/transparencia\\\/#breadcrumb\",\"itemListElement\":[{\"@type\":\"ListItem\",\"position\":1,\"name\":\"Portada\",\"item\":\"https:\\\/\\\/nauticparc.com\\\/ca\\\/\"},{\"@type\":\"ListItem\",\"position\":2,\"name\":\"Transpar\u00e8ncia\"}]},{\"@type\":\"WebSite\",\"@id\":\"https:\\\/\\\/nauticparc.com\\\/#website\",\"url\":\"https:\\\/\\\/nauticparc.com\\\/\",\"name\":\"N\u00e0utic Parc\",\"description\":\"Gaudeix d&#039;un centenar de km d&#039;oci al mar de la Costa Daurada i les Terres de l&#039;Ebre.\",\"publisher\":{\"@id\":\"https:\\\/\\\/nauticparc.com\\\/#organization\"},\"potentialAction\":[{\"@type\":\"SearchAction\",\"target\":{\"@type\":\"EntryPoint\",\"urlTemplate\":\"https:\\\/\\\/nauticparc.com\\\/?s={search_term_string}\"},\"query-input\":{\"@type\":\"PropertyValueSpecification\",\"valueRequired\":true,\"valueName\":\"search_term_string\"}}],\"inLanguage\":\"ca\"},{\"@type\":\"Organization\",\"@id\":\"https:\\\/\\\/nauticparc.com\\\/#organization\",\"name\":\"N\u00e0utic Parc\",\"url\":\"https:\\\/\\\/nauticparc.com\\\/\",\"logo\":{\"@type\":\"ImageObject\",\"inLanguage\":\"ca\",\"@id\":\"https:\\\/\\\/nauticparc.com\\\/#\\\/schema\\\/logo\\\/image\\\/\",\"url\":\"https:\\\/\\\/nauticparc.com\\\/wp-content\\\/uploads\\\/2024\\\/01\\\/cropped-nauticparc-logo-1.png\",\"contentUrl\":\"https:\\\/\\\/nauticparc.com\\\/wp-content\\\/uploads\\\/2024\\\/01\\\/cropped-nauticparc-logo-1.png\",\"width\":66,\"height\":56,\"caption\":\"N\u00e0utic Parc\"},\"image\":{\"@id\":\"https:\\\/\\\/nauticparc.com\\\/#\\\/schema\\\/logo\\\/image\\\/\"},\"sameAs\":[\"https:\\\/\\\/www.facebook.com\\\/nauticparc\",\"https:\\\/\\\/x.com\\\/nauticparc\",\"https:\\\/\\\/www.instagram.com\\\/nauticparc\\\/\"]}]}<\/script>\n<!-- \/ Yoast SEO plugin. -->","yoast_head_json":{"title":"Transpar\u00e8ncia - N\u00e0utic Parc","robots":{"index":"index","follow":"follow","max-snippet":"max-snippet:-1","max-image-preview":"max-image-preview:large","max-video-preview":"max-video-preview:-1"},"canonical":"https:\/\/nauticparc.com\/ca\/transparencia\/","og_locale":"ca_ES","og_type":"article","og_title":"Transpar\u00e8ncia - N\u00e0utic Parc","og_description":"Transparencia En compliment de la Llei 19\/2014, de 29 de desembre, de transpar\u00e8ncia, acc\u00e9s a la informaci\u00f3 p\u00fablica i bon govern, en aquest apartat trobar\u00e0 tota la informaci\u00f3 sobre Estaci\u00f3 N\u00e0utica Costa Daurada per fer efectiu el principi de transpar\u00e8ncia i les obligacions en mat\u00e8ria de publicitat activa derivades d&#8217;aquesta llei. Aix\u00ed es fan p\u00fabliques [&hellip;]","og_url":"https:\/\/nauticparc.com\/ca\/transparencia\/","og_site_name":"N\u00e0utic Parc","article_publisher":"https:\/\/www.facebook.com\/nauticparc","article_modified_time":"2026-04-29T16:57:58+00:00","og_image":[{"width":66,"height":56,"url":"https:\/\/nauticparc.com\/wp-content\/uploads\/2024\/01\/nauticparc-logo-1.png","type":"image\/png"}],"twitter_card":"summary_large_image","twitter_site":"@nauticparc","twitter_misc":{"Est. reading time":"4 minutes"},"schema":{"@context":"https:\/\/schema.org","@graph":[{"@type":"WebPage","@id":"https:\/\/nauticparc.com\/ca\/transparencia\/","url":"https:\/\/nauticparc.com\/ca\/transparencia\/","name":"Transpar\u00e8ncia - N\u00e0utic Parc","isPartOf":{"@id":"https:\/\/nauticparc.com\/#website"},"datePublished":"2024-03-21T03:53:42+00:00","dateModified":"2026-04-29T16:57:58+00:00","breadcrumb":{"@id":"https:\/\/nauticparc.com\/ca\/transparencia\/#breadcrumb"},"inLanguage":"ca","potentialAction":[{"@type":"ReadAction","target":["https:\/\/nauticparc.com\/ca\/transparencia\/"]}]},{"@type":"BreadcrumbList","@id":"https:\/\/nauticparc.com\/ca\/transparencia\/#breadcrumb","itemListElement":[{"@type":"ListItem","position":1,"name":"Portada","item":"https:\/\/nauticparc.com\/ca\/"},{"@type":"ListItem","position":2,"name":"Transpar\u00e8ncia"}]},{"@type":"WebSite","@id":"https:\/\/nauticparc.com\/#website","url":"https:\/\/nauticparc.com\/","name":"N\u00e0utic Parc","description":"Gaudeix d&#039;un centenar de km d&#039;oci al mar de la Costa Daurada i les Terres de l&#039;Ebre.","publisher":{"@id":"https:\/\/nauticparc.com\/#organization"},"potentialAction":[{"@type":"SearchAction","target":{"@type":"EntryPoint","urlTemplate":"https:\/\/nauticparc.com\/?s={search_term_string}"},"query-input":{"@type":"PropertyValueSpecification","valueRequired":true,"valueName":"search_term_string"}}],"inLanguage":"ca"},{"@type":"Organization","@id":"https:\/\/nauticparc.com\/#organization","name":"N\u00e0utic Parc","url":"https:\/\/nauticparc.com\/","logo":{"@type":"ImageObject","inLanguage":"ca","@id":"https:\/\/nauticparc.com\/#\/schema\/logo\/image\/","url":"https:\/\/nauticparc.com\/wp-content\/uploads\/2024\/01\/cropped-nauticparc-logo-1.png","contentUrl":"https:\/\/nauticparc.com\/wp-content\/uploads\/2024\/01\/cropped-nauticparc-logo-1.png","width":66,"height":56,"caption":"N\u00e0utic Parc"},"image":{"@id":"https:\/\/nauticparc.com\/#\/schema\/logo\/image\/"},"sameAs":["https:\/\/www.facebook.com\/nauticparc","https:\/\/x.com\/nauticparc","https:\/\/www.instagram.com\/nauticparc\/"]}]}},"_links":{"self":[{"href":"https:\/\/nauticparc.com\/ca\/wp-json\/wp\/v2\/pages\/17246","targetHints":{"allow":["GET"]}}],"collection":[{"href":"https:\/\/nauticparc.com\/ca\/wp-json\/wp\/v2\/pages"}],"about":[{"href":"https:\/\/nauticparc.com\/ca\/wp-json\/wp\/v2\/types\/page"}],"author":[{"embeddable":true,"href":"https:\/\/nauticparc.com\/ca\/wp-json\/wp\/v2\/users\/5"}],"replies":[{"embeddable":true,"href":"https:\/\/nauticparc.com\/ca\/wp-json\/wp\/v2\/comments?post=17246"}],"version-history":[{"count":1,"href":"https:\/\/nauticparc.com\/ca\/wp-json\/wp\/v2\/pages\/17246\/revisions"}],"predecessor-version":[{"id":26142,"href":"https:\/\/nauticparc.com\/ca\/wp-json\/wp\/v2\/pages\/17246\/revisions\/26142"}],"wp:attachment":[{"href":"https:\/\/nauticparc.com\/ca\/wp-json\/wp\/v2\/media?parent=17246"}],"wp:term":[{"taxonomy":"tipus_pagina","embeddable":true,"href":"https:\/\/nauticparc.com\/ca\/wp-json\/wp\/v2\/tipus_pagina?post=17246"}],"curies":[{"name":"wp","href":"https:\/\/api.w.org\/{rel}","templated":true}]}}