{"id":17244,"date":"2024-03-21T04:56:15","date_gmt":"2024-03-21T03:56:15","guid":{"rendered":"https:\/\/nauticparc.com\/politica-de-cookies\/"},"modified":"2026-04-29T18:57:47","modified_gmt":"2026-04-29T16:57:47","slug":"politica-de-cookies","status":"publish","type":"page","link":"https:\/\/nauticparc.com\/ca\/politica-de-cookies\/","title":{"rendered":"Pol\u00edtica de cookies"},"content":{"rendered":"<h2>SOBRE LES COOKIES<\/h2>\n<p>Utilitzem cookies per facilitar l&#8217;\u00fas de la nostra p\u00e0gina web. Les cookies s\u00f3n petits fitxers d&#8217;informaci\u00f3 que ens permeten comparar i entendre com els nostres usuaris naveguen a trav\u00e9s de la nostra p\u00e0gina web, i d&#8217;aquesta manera poder millorar conseq\u00fcentment el proc\u00e9s de navegaci\u00f3. Les cookies que utilitzem no emmagatzemen cap dada personal, ni cap tipus d&#8217;informaci\u00f3 que pugui identificar-lo. En cas de no voler rebre cookies, per favor configuri el seu navegador d&#8217;Internet perqu\u00e8 les esborri del disc dur del seu ordinador, les bloquegi o l&#8217;avisi en cas d&#8217;instal\u00b7laci\u00f3 d&#8217;aquestes. Per continuar sense canvis en la configuraci\u00f3 de cookies, simplement continu\u00ef a la p\u00e0gina web.<br \/>\nPot obtenir m\u00e9s informaci\u00f3 sobre cookies i el seu \u00fas en www.aboutcookies.org<\/p>\n<h2>TIPUS DE COOKIES QUE UTILITZEM<\/h2>\n<ol>\n<li><strong>Cookies estrictament necess\u00e0ries:<\/strong><br \/>\nAquestes cookies s\u00f3n necess\u00e0ries per al correcte \u00fas de la p\u00e0gina web, permetent l&#8217;acc\u00e9s a seccions que compten amb filtres de seguretat. Sense aquestes cookies, molts dels serveis disponibles no estarien operatius.<\/li>\n<li><strong>Cookies de Navegaci\u00f3:<\/strong><br \/>\nAquestes cookies recullen informaci\u00f3 sobre l&#8217;\u00fas que les visites fan del web, per exemple p\u00e0gines vistes, errors de c\u00e0rrega&#8230; \u00c9s informaci\u00f3 gen\u00e8rica i an\u00f2nima, on no s&#8217;inclouen dades personals, ni es recull informaci\u00f3 que identifiqui els visitants; sent l&#8217;objectiu \u00faltim millorar el funcionament de la web.<br \/>\nEn visitar la nostra p\u00e0gina web, accepta la instal\u00b7laci\u00f3 d&#8217;aquestes cookies en el seu dispositiu.<\/li>\n<li><strong>Cookies Funcionals:<\/strong><br \/>\nAquestes cookies permeten recordar informaci\u00f3 (com el seu nom d&#8217;usuari, idioma o la regi\u00f3 en la qual es troba) i caracter\u00edstiques m\u00e9s personals. Per exemple, la possibilitat d&#8217; oferir contingut personalitzat basat en la informaci\u00f3 i criteris que hagi proporcionat volunt\u00e0riament. Aquestes cookies tamb\u00e9 es poden utilitzar per recordar els canvis realitzats en la mida del text, fonts i altres atributs personalitzables de la p\u00e0gina web. Tamb\u00e9 s&#8217;utilitzen per oferir alguns serveis sol\u00b7licitats, com veure un v\u00eddeo o comentar en un blog. La informaci\u00f3 que recopilen aquestes cookies pot ser an\u00f2nima i no podr\u00e0 ser seguida la seva activitat en altres p\u00e0gines web.<br \/>\nEn visitar la nostra p\u00e0gina web, vost\u00e8 accepta la instal\u00b7laci\u00f3 d&#8217;aquestes cookies en el seu dispositiu.<\/li>\n<\/ol>\n","protected":false},"excerpt":{"rendered":"<p>SOBRE LES COOKIES Utilitzem cookies per facilitar l&#8217;\u00fas de la nostra p\u00e0gina web. Les cookies s\u00f3n petits fitxers d&#8217;informaci\u00f3 que ens permeten comparar i entendre com els nostres usuaris naveguen a trav\u00e9s de la nostra p\u00e0gina web, i d&#8217;aquesta manera poder millorar conseq\u00fcentment el proc\u00e9s de navegaci\u00f3. Les cookies que utilitzem no emmagatzemen cap dada [&hellip;]<\/p>\n","protected":false},"author":5,"featured_media":0,"parent":0,"menu_order":0,"comment_status":"closed","ping_status":"closed","template":"","meta":{"_acf_changed":false,"footnotes":""},"tipus_pagina":[820],"class_list":["post-17244","page","type-page","status-publish","hentry","tipus_pagina-legal"],"acf":[],"yoast_head":"<!-- This site is optimized with the Yoast SEO plugin v27.5 - https:\/\/yoast.com\/product\/yoast-seo-wordpress\/ -->\n<title>Pol\u00edtica de cookies - N\u00e0utic Parc<\/title>\n<meta name=\"robots\" content=\"index, follow, max-snippet:-1, max-image-preview:large, max-video-preview:-1\" \/>\n<link rel=\"canonical\" href=\"https:\/\/nauticparc.com\/ca\/politica-de-cookies\/\" \/>\n<meta property=\"og:locale\" content=\"ca_ES\" \/>\n<meta property=\"og:type\" content=\"article\" \/>\n<meta property=\"og:title\" content=\"Pol\u00edtica de cookies - N\u00e0utic Parc\" \/>\n<meta property=\"og:description\" content=\"SOBRE LES COOKIES Utilitzem cookies per facilitar l&#8217;\u00fas de la nostra p\u00e0gina web. Les cookies s\u00f3n petits fitxers d&#8217;informaci\u00f3 que ens permeten comparar i entendre com els nostres usuaris naveguen a trav\u00e9s de la nostra p\u00e0gina web, i d&#8217;aquesta manera poder millorar conseq\u00fcentment el proc\u00e9s de navegaci\u00f3. Les cookies que utilitzem no emmagatzemen cap dada [&hellip;]\" \/>\n<meta property=\"og:url\" content=\"https:\/\/nauticparc.com\/ca\/politica-de-cookies\/\" \/>\n<meta property=\"og:site_name\" content=\"N\u00e0utic Parc\" \/>\n<meta property=\"article:publisher\" content=\"https:\/\/www.facebook.com\/nauticparc\" \/>\n<meta property=\"article:modified_time\" content=\"2026-04-29T16:57:47+00:00\" \/>\n<meta property=\"og:image\" content=\"https:\/\/nauticparc.com\/wp-content\/uploads\/2024\/01\/nauticparc-logo-1.png\" \/>\n\t<meta property=\"og:image:width\" content=\"66\" \/>\n\t<meta property=\"og:image:height\" content=\"56\" \/>\n\t<meta property=\"og:image:type\" content=\"image\/png\" \/>\n<meta name=\"twitter:card\" content=\"summary_large_image\" \/>\n<meta name=\"twitter:site\" content=\"@nauticparc\" \/>\n<meta name=\"twitter:label1\" content=\"Est. reading time\" \/>\n\t<meta name=\"twitter:data1\" content=\"2 minutes\" \/>\n<script type=\"application\/ld+json\" class=\"yoast-schema-graph\">{\"@context\":\"https:\\\/\\\/schema.org\",\"@graph\":[{\"@type\":\"WebPage\",\"@id\":\"https:\\\/\\\/nauticparc.com\\\/ca\\\/politica-de-cookies\\\/\",\"url\":\"https:\\\/\\\/nauticparc.com\\\/ca\\\/politica-de-cookies\\\/\",\"name\":\"Pol\u00edtica de cookies - N\u00e0utic Parc\",\"isPartOf\":{\"@id\":\"https:\\\/\\\/nauticparc.com\\\/#website\"},\"datePublished\":\"2024-03-21T03:56:15+00:00\",\"dateModified\":\"2026-04-29T16:57:47+00:00\",\"breadcrumb\":{\"@id\":\"https:\\\/\\\/nauticparc.com\\\/ca\\\/politica-de-cookies\\\/#breadcrumb\"},\"inLanguage\":\"ca\",\"potentialAction\":[{\"@type\":\"ReadAction\",\"target\":[\"https:\\\/\\\/nauticparc.com\\\/ca\\\/politica-de-cookies\\\/\"]}]},{\"@type\":\"BreadcrumbList\",\"@id\":\"https:\\\/\\\/nauticparc.com\\\/ca\\\/politica-de-cookies\\\/#breadcrumb\",\"itemListElement\":[{\"@type\":\"ListItem\",\"position\":1,\"name\":\"Portada\",\"item\":\"https:\\\/\\\/nauticparc.com\\\/ca\\\/\"},{\"@type\":\"ListItem\",\"position\":2,\"name\":\"Pol\u00edtica de cookies\"}]},{\"@type\":\"WebSite\",\"@id\":\"https:\\\/\\\/nauticparc.com\\\/#website\",\"url\":\"https:\\\/\\\/nauticparc.com\\\/\",\"name\":\"N\u00e0utic Parc\",\"description\":\"Gaudeix d&#039;un centenar de km d&#039;oci al mar de la Costa Daurada i les Terres de l&#039;Ebre.\",\"publisher\":{\"@id\":\"https:\\\/\\\/nauticparc.com\\\/#organization\"},\"potentialAction\":[{\"@type\":\"SearchAction\",\"target\":{\"@type\":\"EntryPoint\",\"urlTemplate\":\"https:\\\/\\\/nauticparc.com\\\/?s={search_term_string}\"},\"query-input\":{\"@type\":\"PropertyValueSpecification\",\"valueRequired\":true,\"valueName\":\"search_term_string\"}}],\"inLanguage\":\"ca\"},{\"@type\":\"Organization\",\"@id\":\"https:\\\/\\\/nauticparc.com\\\/#organization\",\"name\":\"N\u00e0utic Parc\",\"url\":\"https:\\\/\\\/nauticparc.com\\\/\",\"logo\":{\"@type\":\"ImageObject\",\"inLanguage\":\"ca\",\"@id\":\"https:\\\/\\\/nauticparc.com\\\/#\\\/schema\\\/logo\\\/image\\\/\",\"url\":\"https:\\\/\\\/nauticparc.com\\\/wp-content\\\/uploads\\\/2024\\\/01\\\/cropped-nauticparc-logo-1.png\",\"contentUrl\":\"https:\\\/\\\/nauticparc.com\\\/wp-content\\\/uploads\\\/2024\\\/01\\\/cropped-nauticparc-logo-1.png\",\"width\":66,\"height\":56,\"caption\":\"N\u00e0utic Parc\"},\"image\":{\"@id\":\"https:\\\/\\\/nauticparc.com\\\/#\\\/schema\\\/logo\\\/image\\\/\"},\"sameAs\":[\"https:\\\/\\\/www.facebook.com\\\/nauticparc\",\"https:\\\/\\\/x.com\\\/nauticparc\",\"https:\\\/\\\/www.instagram.com\\\/nauticparc\\\/\"]}]}<\/script>\n<!-- \/ Yoast SEO plugin. -->","yoast_head_json":{"title":"Pol\u00edtica de cookies - N\u00e0utic Parc","robots":{"index":"index","follow":"follow","max-snippet":"max-snippet:-1","max-image-preview":"max-image-preview:large","max-video-preview":"max-video-preview:-1"},"canonical":"https:\/\/nauticparc.com\/ca\/politica-de-cookies\/","og_locale":"ca_ES","og_type":"article","og_title":"Pol\u00edtica de cookies - N\u00e0utic Parc","og_description":"SOBRE LES COOKIES Utilitzem cookies per facilitar l&#8217;\u00fas de la nostra p\u00e0gina web. Les cookies s\u00f3n petits fitxers d&#8217;informaci\u00f3 que ens permeten comparar i entendre com els nostres usuaris naveguen a trav\u00e9s de la nostra p\u00e0gina web, i d&#8217;aquesta manera poder millorar conseq\u00fcentment el proc\u00e9s de navegaci\u00f3. Les cookies que utilitzem no emmagatzemen cap dada [&hellip;]","og_url":"https:\/\/nauticparc.com\/ca\/politica-de-cookies\/","og_site_name":"N\u00e0utic Parc","article_publisher":"https:\/\/www.facebook.com\/nauticparc","article_modified_time":"2026-04-29T16:57:47+00:00","og_image":[{"width":66,"height":56,"url":"https:\/\/nauticparc.com\/wp-content\/uploads\/2024\/01\/nauticparc-logo-1.png","type":"image\/png"}],"twitter_card":"summary_large_image","twitter_site":"@nauticparc","twitter_misc":{"Est. reading time":"2 minutes"},"schema":{"@context":"https:\/\/schema.org","@graph":[{"@type":"WebPage","@id":"https:\/\/nauticparc.com\/ca\/politica-de-cookies\/","url":"https:\/\/nauticparc.com\/ca\/politica-de-cookies\/","name":"Pol\u00edtica de cookies - N\u00e0utic Parc","isPartOf":{"@id":"https:\/\/nauticparc.com\/#website"},"datePublished":"2024-03-21T03:56:15+00:00","dateModified":"2026-04-29T16:57:47+00:00","breadcrumb":{"@id":"https:\/\/nauticparc.com\/ca\/politica-de-cookies\/#breadcrumb"},"inLanguage":"ca","potentialAction":[{"@type":"ReadAction","target":["https:\/\/nauticparc.com\/ca\/politica-de-cookies\/"]}]},{"@type":"BreadcrumbList","@id":"https:\/\/nauticparc.com\/ca\/politica-de-cookies\/#breadcrumb","itemListElement":[{"@type":"ListItem","position":1,"name":"Portada","item":"https:\/\/nauticparc.com\/ca\/"},{"@type":"ListItem","position":2,"name":"Pol\u00edtica de cookies"}]},{"@type":"WebSite","@id":"https:\/\/nauticparc.com\/#website","url":"https:\/\/nauticparc.com\/","name":"N\u00e0utic Parc","description":"Gaudeix d&#039;un centenar de km d&#039;oci al mar de la Costa Daurada i les Terres de l&#039;Ebre.","publisher":{"@id":"https:\/\/nauticparc.com\/#organization"},"potentialAction":[{"@type":"SearchAction","target":{"@type":"EntryPoint","urlTemplate":"https:\/\/nauticparc.com\/?s={search_term_string}"},"query-input":{"@type":"PropertyValueSpecification","valueRequired":true,"valueName":"search_term_string"}}],"inLanguage":"ca"},{"@type":"Organization","@id":"https:\/\/nauticparc.com\/#organization","name":"N\u00e0utic Parc","url":"https:\/\/nauticparc.com\/","logo":{"@type":"ImageObject","inLanguage":"ca","@id":"https:\/\/nauticparc.com\/#\/schema\/logo\/image\/","url":"https:\/\/nauticparc.com\/wp-content\/uploads\/2024\/01\/cropped-nauticparc-logo-1.png","contentUrl":"https:\/\/nauticparc.com\/wp-content\/uploads\/2024\/01\/cropped-nauticparc-logo-1.png","width":66,"height":56,"caption":"N\u00e0utic Parc"},"image":{"@id":"https:\/\/nauticparc.com\/#\/schema\/logo\/image\/"},"sameAs":["https:\/\/www.facebook.com\/nauticparc","https:\/\/x.com\/nauticparc","https:\/\/www.instagram.com\/nauticparc\/"]}]}},"_links":{"self":[{"href":"https:\/\/nauticparc.com\/ca\/wp-json\/wp\/v2\/pages\/17244","targetHints":{"allow":["GET"]}}],"collection":[{"href":"https:\/\/nauticparc.com\/ca\/wp-json\/wp\/v2\/pages"}],"about":[{"href":"https:\/\/nauticparc.com\/ca\/wp-json\/wp\/v2\/types\/page"}],"author":[{"embeddable":true,"href":"https:\/\/nauticparc.com\/ca\/wp-json\/wp\/v2\/users\/5"}],"replies":[{"embeddable":true,"href":"https:\/\/nauticparc.com\/ca\/wp-json\/wp\/v2\/comments?post=17244"}],"version-history":[{"count":1,"href":"https:\/\/nauticparc.com\/ca\/wp-json\/wp\/v2\/pages\/17244\/revisions"}],"predecessor-version":[{"id":25230,"href":"https:\/\/nauticparc.com\/ca\/wp-json\/wp\/v2\/pages\/17244\/revisions\/25230"}],"wp:attachment":[{"href":"https:\/\/nauticparc.com\/ca\/wp-json\/wp\/v2\/media?parent=17244"}],"wp:term":[{"taxonomy":"tipus_pagina","embeddable":true,"href":"https:\/\/nauticparc.com\/ca\/wp-json\/wp\/v2\/tipus_pagina?post=17244"}],"curies":[{"name":"wp","href":"https:\/\/api.w.org\/{rel}","templated":true}]}}